{"id":8651,"date":"2024-04-02T16:39:09","date_gmt":"2024-04-02T16:39:09","guid":{"rendered":"https:\/\/rundgang.museumdurbach.de\/269-castlewindow9\/"},"modified":"2025-08-28T11:23:40","modified_gmt":"2025-08-28T11:23:40","slug":"269-castlewindow9","status":"publish","type":"page","link":"https:\/\/rundgang.museumdurbach.de\/en\/269-castlewindow9\/","title":{"rendered":"269 CastleWindow9"},"content":{"rendered":"\t\t<div data-elementor-type=\"wp-page\" data-elementor-id=\"8651\" class=\"elementor elementor-8651 elementor-8149\">\n\t\t\t\t<div class=\"elementor-element elementor-element-d13494c e-con-full e-flex e-con e-parent\" data-id=\"d13494c\" data-element_type=\"container\" data-e-type=\"container\" data-settings=\"{&quot;jet_parallax_layout_list&quot;:[]}\">\n\t\t\t\t<div class=\"jupiter-tooltip-widget elementor-element elementor-element-e56c658 elementor-widget elementor-widget-text-editor\" data-jupiter-tooltip-settings=\"{&quot;tooltip&quot;:&quot;&quot;,&quot;tooltipDescription&quot;:&quot;This is Tooltip!&quot;,&quot;tooltipPlacement&quot;:&quot;top&quot;,&quot;tooltipArrow&quot;:true,&quot;xOffset&quot;:0,&quot;yOffset&quot;:0,&quot;tooltipAnimation&quot;:&quot;fade&quot;,&quot;tooltipTrigger&quot;:&quot;mouseenter&quot;,&quot;zIndex&quot;:999,&quot;customSelector&quot;:&quot;&quot;,&quot;delay&quot;:0}\" data-id=\"e56c658\" data-element_type=\"widget\" data-e-type=\"widget\" data-widget_type=\"text-editor.default\">\n\t\t\t\t<div class=\"elementor-widget-container\">\n\t\t\t\t\t\t\t\t\t<p>269 Staufenberg Castle Window 9<\/p>\t\t\t\t\t\t\t\t<\/div>\n\t\t\t\t<\/div>\n\t\t\t\t<div class=\"elementor-element elementor-element-fca809d elementor-widget-mobile__width-inherit elementor-widget elementor-widget-jet-images-layout\" data-id=\"fca809d\" data-element_type=\"widget\" data-e-type=\"widget\" data-widget_type=\"jet-images-layout.default\">\n\t\t\t\t<div class=\"elementor-widget-container\">\n\t\t\t\t\t<div class=\"elementor-jet-images-layout jet-elements\">\n<div class=\"jet-images-layout layout-type-justify\" data-settings='{&quot;layoutType&quot;:&quot;justify&quot;,&quot;justifyHeight&quot;:300}'>\n\t<div class=\"jet-images-layout__list column-desktop-3 column-tablet-2 column-mobile-1\" >\n<div class=\"jet-images-layout__item \">\n\t<div class=\"jet-images-layout__inner\">\n\t\t<div class=\"jet-images-layout__image-loader\"><span><\/span><\/div>\n\t\t<a class=\"jet-images-layout__link \" href=\"https:\/\/rundgang.museumdurbach.de\/wp-content\/uploads\/2024\/04\/Fenster9-5_web.webp\" data-elementor-open-lightbox=\"yes\" data-elementor-lightbox-slideshow=\"fca809d\">\n\t\t\t<div class=\"jet-images-layout__image\">\n\t\t\t\t<img decoding=\"async\" class=\"jet-images-layout__image-instance\" src=\"https:\/\/rundgang.museumdurbach.de\/wp-content\/uploads\/2024\/04\/Fenster9-5_web.webp\" data-width=\"828\" data-height=\"1772\" alt=\"Fenster9 -5_web\" loading=\"lazy\">\t\t\t<\/div>\n\t\t\t<div class=\"jet-images-layout__content\"><\/div>\n\t\t<\/a>\n\t<\/div>\n<\/div>\n<div class=\"jet-images-layout__item \">\n\t<div class=\"jet-images-layout__inner\">\n\t\t<div class=\"jet-images-layout__image-loader\"><span><\/span><\/div>\n\t\t<a class=\"jet-images-layout__link \" href=\"https:\/\/rundgang.museumdurbach.de\/wp-content\/uploads\/2024\/04\/Motiv9-oben_web.webp\" data-elementor-open-lightbox=\"yes\" data-elementor-lightbox-slideshow=\"fca809d\">\n\t\t\t<div class=\"jet-images-layout__image\">\n\t\t\t\t<img decoding=\"async\" class=\"jet-images-layout__image-instance\" src=\"https:\/\/rundgang.museumdurbach.de\/wp-content\/uploads\/2024\/04\/Motiv9-oben_web.webp\" data-width=\"967\" data-height=\"1417\" alt=\"Motiv9 -oben_web\" loading=\"lazy\">\t\t\t<\/div>\n\t\t\t<div class=\"jet-images-layout__content\"><\/div>\n\t\t<\/a>\n\t<\/div>\n<\/div>\n<div class=\"jet-images-layout__item \">\n\t<div class=\"jet-images-layout__inner\">\n\t\t<div class=\"jet-images-layout__image-loader\"><span><\/span><\/div>\n\t\t<a class=\"jet-images-layout__link \" href=\"https:\/\/rundgang.museumdurbach.de\/wp-content\/uploads\/2024\/04\/Motiv9-mitte_web.webp\" data-elementor-open-lightbox=\"yes\" data-elementor-lightbox-slideshow=\"fca809d\">\n\t\t\t<div class=\"jet-images-layout__image\">\n\t\t\t\t<img decoding=\"async\" class=\"jet-images-layout__image-instance\" src=\"https:\/\/rundgang.museumdurbach.de\/wp-content\/uploads\/2024\/04\/Motiv9-mitte_web.webp\" data-width=\"983\" data-height=\"1417\" alt=\"Motiv9 -mitte_web\" loading=\"lazy\">\t\t\t<\/div>\n\t\t\t<div class=\"jet-images-layout__content\"><\/div>\n\t\t<\/a>\n\t<\/div>\n<\/div>\n<div class=\"jet-images-layout__item \">\n\t<div class=\"jet-images-layout__inner\">\n\t\t<div class=\"jet-images-layout__image-loader\"><span><\/span><\/div>\n\t\t<a class=\"jet-images-layout__link \" href=\"https:\/\/rundgang.museumdurbach.de\/wp-content\/uploads\/2024\/04\/Motiv9-unten_web.webp\" data-elementor-open-lightbox=\"yes\" data-elementor-lightbox-slideshow=\"fca809d\">\n\t\t\t<div class=\"jet-images-layout__image\">\n\t\t\t\t<img decoding=\"async\" class=\"jet-images-layout__image-instance\" src=\"https:\/\/rundgang.museumdurbach.de\/wp-content\/uploads\/2024\/04\/Motiv9-unten_web.webp\" data-width=\"1021\" data-height=\"1417\" alt=\"Motiv9 -unten_web\" loading=\"lazy\">\t\t\t<\/div>\n\t\t\t<div class=\"jet-images-layout__content\"><\/div>\n\t\t<\/a>\n\t<\/div>\n<\/div>\n<\/div><\/div>\n<\/div>\t\t\t\t<\/div>\n\t\t\t\t<\/div>\n\t\t\t\t<div class=\"elementor-element elementor-element-256cdbf elementor-widget__width-inherit elementor-widget-tablet__width-inherit elementor-widget-mobile__width-inherit elementor-widget elementor-widget-text-editor\" data-id=\"256cdbf\" data-element_type=\"widget\" data-e-type=\"widget\" data-widget_type=\"text-editor.default\">\n\t\t\t\t<div class=\"elementor-widget-container\">\n\t\t\t\t\t\t\t\t\t<p><b>Motif above:<\/b> Man in armour with a two-handed sword on his shoulder, woman in 16th century costume with a goblet. House coat of arms in red shield. Headpiece: Burning of bulls and cattle drive with dog, year 1598. <span style=\"font-size: 1em; color: var( --e-global-color-secondary );\">Inscription: <i>&#8220;Helias K\u00fcrtly uff Lutenwis und Elsbet Wetzler sin &#8230;1598&#8221; <\/i><\/span><span style=\"font-size: 1em; color: var( --e-global-color-secondary );\"><i>(it should read correctly: &#8220;Helias Kuratli uff Lutenwil&#8221;)<\/i><\/span><\/p><p><b>Motif centre:<\/b> Alliance coat of arms disc Georg Peyer with the Wecken and Ursula Peyer in the courtyard. Georg Peyer was a member of the Society of Merchants, town judge and grand councillor in Schaffhausen. He married Ursula Peyer in the courtyard in 1612. Headpiece: David against Goliath. <span style=\"font-size: 1em; color: var( --e-global-color-secondary );\">Probably made in 1615 by Hans Caspar Lang the Elder from Schaffhausen. <\/span><span style=\"font-size: 1em; color: var( --e-global-color-secondary );\">Inscription: &#8220;<\/span><i><span style=\"font-size: 1em; color: var( --e-global-color-secondary );\">Georg Payer and Ursula <\/span><span style=\"font-size: 1em; color: var( --e-global-color-secondary );\">Payerin born Payerin Jm- <\/span><span style=\"font-size: 1em; color: var( --e-global-color-secondary );\">Hoff Sein Ehg..ahel 16.9&#8243;<\/span><\/i><\/p><p><span style=\"font-size: 1em; color: var( --e-global-color-secondary );\"><b>Motif below:<\/b><\/span>The singing school of the city of Winterthur, founded in 1629. The headpiece depicts St Nicholas on the left and St Barbara on the right. <span style=\"font-size: 1em; color: var( --e-global-color-secondary );\">The disc donors listed were craftsmen and merchants and part of Winterthur&#8217;s urban upper class. <\/span><span style=\"font-size: 1em; color: var( --e-global-color-secondary );\">Inscription: &#8220;<i>Hann\u00df Hegner, alt R\u00e4chenherz, di\u00dfer Zyt Statt F\u00e4nderich, Und Jonas Hegner Di\u00dfer Zyt F\u00e4nderich und Hann\u00df J\u00f6rg Sultzer . alle drey Burger der Statt Winterthur . 1650 H. iegli&#8221;<\/i><\/span><\/p>\t\t\t\t\t\t\t\t<\/div>\n\t\t\t\t<\/div>\n\t\t\t\t<div class=\"elementor-element elementor-element-a4e57db elementor-widget__width-inherit elementor-widget-tablet__width-inherit elementor-widget-mobile__width-inherit elementor-widget elementor-widget-text-editor\" data-id=\"a4e57db\" data-element_type=\"widget\" data-e-type=\"widget\" id=\"269Text\" data-widget_type=\"text-editor.default\">\n\t\t\t\t<div class=\"elementor-widget-container\">\n\t\t\t\t\t\t\t\t\t<p><b>Motif above:<\/b>&nbsp;According to the church register of the Protestant parish of Nesslau, which begins in 1582, Elias Cunratli&#8217;s first marriage was to a Verena, from whom he had a daughter Ursula in 1583 and a son David in 1584, who was the godfather of Amann Davit Tobler. On 25 March 1595 Elias Cunratlin married El\u00dfbeth Wetzleri, who bore him four children by 1606. Elias Curetli Amann is named in the last baptismal entry on 4 April 1606, and this Staufenberg disc is described as follows in Paul B\u00f6sch&#8217;s description of &#8220;Toggenburger Wappenscheiben&#8221; from 1935:<\/p>\n<p>Man with armour and sword, woman with cup. Upper picture: Herd of cattle. On simple banner, destroyed at the lower edge and partly illegible: Helias \u2013 kurtly uff \u2013 Lutenwil und Elsbet Wetzleri sin \u2026<\/p>\n<p>Hans Jegli (J\u00e4ggli, 1579 &#8211; 1643) made a whole series of similar armorial discs for wealthy Toggenburg farmers. These are known as &#8220;welcome discs&#8221; &#8230; the wife hands a drinking goblet to the husband returning from war. A peasant allegory is then placed at the top. Lutenwil lies in the upper Toggenburg SG, near Nesslau. (above Nesslau (therefore &#8220;uff Lutenwil\u201c)<\/p>\n<p>The coat of arms disc next to the inscription contains a cross and the letters E + K, which probably refers to the donor of the disc.<\/p>\n<p><b>Motif centre:<\/b>&nbsp;Alliance coat of arms. In a blue shield three golden lozenges, a helmet jewel, the upper part of a man with cap and lozenge band, in a golden shield a black wheel, the same between two horns as a jewel; the coats of arms framed by Renaissance architecture.<\/p>\n<p>The coat of arms shows the connection\/alliance of two well-known burgher families from Stadtschaffhausen (Peyer with the Wecken and Peyer im Hof).<\/p>\n<p>The disc donor Georg Peyer (1586-1648), son of the merchant David Peyer (1549-1613) and Sabina Zollikofer (1554-1626) from St. Gallen, was a member of the Society of Merchants, town judge and grand councillor. On 16 November 1612, he married Ursula Peyer Im Hof (1593-1665), the daughter of Hans Ulrich Peyer im Hof (1551-1600), the son of Bernhardt the Younger. Their marriage produced Sabina (1614-1683), David (1616-1653), Ursula (1619-1663) and Barbara (1629-1652), as well as several children who died young.<\/p>\n<p>Georg Peyer, who lived in the property &#8220;Zum Trauben&#8221; at Vordergasse 47, his mother&#8217;s house, had assets totalling 65,460 guilders in 1640 and was therefore very wealthy. Peyer&#8217;s wealth was also due to his estates and the loans and trading business he conducted. Together with his younger brother Hans Andreas, he founded a company trading in copper, cheese, grain and other goods, which had connections as far afield as Geneva, Lyon, Besan\u00e7on and Nuremberg.<\/p>\n<p>Georg Peyer commissioned larger glass paintings, whereby the pane from Staufenberg Castle was probably made by Hans Caspar Lang the Elder in 1615.<\/p>\n<p>Literature reference: Rolf Hasler \u201eDie Schaffhauser Glasmalerei des 16. bis 18. Jahrhunderts<\/p>\n<p><b>Motif below:<\/b>&nbsp;Founded in 1629, the Musikkollegium Winterthur initially performed mainly as a choir and accompanied the church service. The coat of arms and the lettering with the names, which can be seen in the lower part of the disc, were probably added later. However, the donors could be traced as follows:&nbsp;<\/p><p>Hans Hegner, old arithmetician, town ensign 1595-1668, grand councillor, hospital clerk, master marksman, petty councillor, curator of St George&#8217;s Church, head curator at the hospital, money counter (indirect tax on drinks), hospital master, co-founder of the town library in 1660 (donated his own books), middle Marktgasse north side, married with three children and a maid.<\/p><p>Jonas\/Jonathan Hegner, ensign 1576-?, churchwarden, woodworker, tanner, lower Marktgasse south side; married, six children, an apprentice and a maid.<\/p><p>Hans J\u00f6rg Sulzer 1594-1659, shoemaker, Eulachschauer (supervisor of the river), church warden, Grand Councillor from 1655<\/p><p>Hans Ulrich Jegli (or J\u00e4ggli) from Winterthur (*1604 + 1654), whose father was also a glass painter, is probably known to have painted the glass.<\/p>\t\t\t\t\t\t\t\t<\/div>\n\t\t\t\t<\/div>\n\t\t<div class=\"elementor-element elementor-element-4c28b5b e-con-full e-flex e-con e-child\" data-id=\"4c28b5b\" data-element_type=\"container\" data-e-type=\"container\" data-settings=\"{&quot;jet_parallax_layout_list&quot;:[]}\">\n\t\t\t\t<div class=\"elementor-element elementor-element-e089850 elementor-widget__width-auto elementor-widget elementor-widget-jet-view-more\" data-id=\"e089850\" data-element_type=\"widget\" data-e-type=\"widget\" data-widget_type=\"jet-view-more.default\">\n\t\t\t\t<div class=\"elementor-widget-container\">\n\t\t\t\t\t<div class=\"jet-view-more\" data-settings=\"{&quot;effect&quot;:&quot;fade&quot;,&quot;hide_effect&quot;:null,&quot;sections&quot;:{&quot;275ebcc&quot;:&quot;269Text&quot;},&quot;showall&quot;:false,&quot;read_less&quot;:false,&quot;read_more_label&quot;:&quot;more &quot;,&quot;read_more_icon&quot;:{&quot;value&quot;:&quot;fas fa-arrow-circle-right&quot;,&quot;library&quot;:&quot;fa-solid&quot;},&quot;read_less_label&quot;:null,&quot;read_less_icon&quot;:null,&quot;hide_all&quot;:false}\"><div class=\"jet-view-more__button\" role=\"button\" tabindex=\"0\"><div class=\"jet-view-more__icon jet-tricks-icon\"><svg aria-hidden=\"true\" class=\"e-font-icon-svg e-fas-arrow-circle-right\" viewBox=\"0 0 512 512\" xmlns=\"http:\/\/www.w3.org\/2000\/svg\"><path d=\"M256 8c137 0 248 111 248 248S393 504 256 504 8 393 8 256 119 8 256 8zm-28.9 143.6l75.5 72.4H120c-13.3 0-24 10.7-24 24v16c0 13.3 10.7 24 24 24h182.6l-75.5 72.4c-9.7 9.3-9.9 24.8-.4 34.3l11 10.9c9.4 9.4 24.6 9.4 33.9 0L404.3 273c9.4-9.4 9.4-24.6 0-33.9L271.6 106.3c-9.4-9.4-24.6-9.4-33.9 0l-11 10.9c-9.5 9.6-9.3 25.1.4 34.4z\"><\/path><\/svg><\/div><div class=\"jet-view-more__label\">more <\/div><\/div><\/div>\t\t\t\t<\/div>\n\t\t\t\t<\/div>\n\t\t\t\t<div class=\"elementor-element elementor-element-3c2ad32 elementor-widget__width-initial elementor-widget-mobile__width-initial elementor-widget elementor-widget-jet-audio\" data-id=\"3c2ad32\" data-element_type=\"widget\" data-e-type=\"widget\" data-widget_type=\"jet-audio.default\">\n\t\t\t\t<div class=\"elementor-widget-container\">\n\t\t\t\t\t<div class=\"elementor-jet-audio jet-elements\">\n\t\t<div class=\"jet-audio jet-audio--fa5-compat\" data-audio-settings=\"{&quot;controls&quot;:[&quot;playpause&quot;,&quot;current&quot;,&quot;progress&quot;,&quot;duration&quot;,&quot;volume&quot;],&quot;startVolume&quot;:0.80000000000000004,&quot;hideVolumeOnTouchDevices&quot;:true}\">\n\t\t\t\t\t\t\t<audio class=\"jet-audio-player\" preload=\"none\" controls=\"\" src=\"https:\/\/rundgang.museumdurbach.de\/wp-content\/uploads\/2023\/05\/01-An-Wasserfluessen-Babylon-BWV-653.mp3\" width=\"100%\"><\/audio>\n\t\t\t\t\t<\/div>\n\n\t\t<\/div>\t\t\t\t<\/div>\n\t\t\t\t<\/div>\n\t\t\t\t<div class=\"elementor-element elementor-element-651a297 elementor-align-right elementor-widget-mobile__width-inherit elementor-widget elementor-widget-raven-button\" data-id=\"651a297\" data-element_type=\"widget\" data-e-type=\"widget\" data-settings=\"{&quot;turn_to_popup_action_button&quot;:&quot;no&quot;}\" data-widget_type=\"raven-button.default\">\n\t\t\t\t<div class=\"elementor-widget-container\">\n\t\t\t\t\t\t\t<div class=\"raven-widget-wrapper\">\n\t\t\t<a class=\"raven-button raven-button-widget-normal-effect-none  raven-button-text-align-center raven-button-link elementor-animation-none\" href=\"https:\/\/rundgang.museumdurbach.de\/en\/270-castle-window10\/\">\t\t\t\t<div class=\"raven-button-overlay\" ><\/div>\n\t\t\t\t<span class=\"raven-button-content\">\n\t\t\t\t\t\n\t\t\t\t\t<div class=\"button-text-container\">\n\t\t\t\t\t\t\t\t\t\t\t\t<div class=\"raven-button-texts-wrapper\">\n\t\t\t\t\t\t\t<div class=\"button-text\">\n\t\t\t\t\t\t\t\t<span class=\"raven-button-text\">\n\t\t\t\t\t\t\t\t\tCastle Windows Tour\t\t\t\t\t\t\t\t<\/span>\n\t\t\t\t\t\t\t<\/div>\n\t\t\t\t\t\t\t\t\t\t\t\t\t<\/div>\n\t\t\t\t\t\t\t\t\t\t\t<\/div>\n\t\t\t\t\t\n\t\t\t\t\t\t\t\t\t<\/span>\n\t\t\t<\/a>\t\t<\/div>\n\t\t\t\t\t\t<\/div>\n\t\t\t\t<\/div>\n\t\t\t\t<div class=\"elementor-element elementor-element-8e71a0b elementor-align-right elementor-widget-mobile__width-inherit elementor-widget elementor-widget-raven-button\" data-id=\"8e71a0b\" data-element_type=\"widget\" data-e-type=\"widget\" data-settings=\"{&quot;turn_to_popup_action_button&quot;:&quot;no&quot;}\" data-widget_type=\"raven-button.default\">\n\t\t\t\t<div class=\"elementor-widget-container\">\n\t\t\t\t\t\t\t<div class=\"raven-widget-wrapper\">\n\t\t\t<a class=\"raven-button raven-button-widget-normal-effect-none  raven-button-text-align-center raven-button-link elementor-animation-none\" href=\"https:\/\/rundgang.museumdurbach.de\/en\/279-castle-windows-overview\/\">\t\t\t\t<div class=\"raven-button-overlay\" ><\/div>\n\t\t\t\t<span class=\"raven-button-content\">\n\t\t\t\t\t\n\t\t\t\t\t<div class=\"button-text-container\">\n\t\t\t\t\t\t\t\t\t\t\t\t<div class=\"raven-button-texts-wrapper\">\n\t\t\t\t\t\t\t<div class=\"button-text\">\n\t\t\t\t\t\t\t\t<span class=\"raven-button-text\">\n\t\t\t\t\t\t\t\t\tWindows Overview\t\t\t\t\t\t\t\t<\/span>\n\t\t\t\t\t\t\t<\/div>\n\t\t\t\t\t\t\t\t\t\t\t\t\t<\/div>\n\t\t\t\t\t\t\t\t\t\t\t<\/div>\n\t\t\t\t\t\n\t\t\t\t\t\t\t\t\t<\/span>\n\t\t\t<\/a>\t\t<\/div>\n\t\t\t\t\t\t<\/div>\n\t\t\t\t<\/div>\n\t\t\t\t<\/div>\n\t\t\t\t<\/div>\n\t\t<div class=\"elementor-element elementor-element-5a0d132 e-flex e-con-boxed e-con e-parent\" data-id=\"5a0d132\" data-element_type=\"container\" data-e-type=\"container\" data-settings=\"{&quot;jet_parallax_layout_list&quot;:[]}\">\n\t\t\t\t\t<div class=\"e-con-inner\">\n\t\t<div class=\"elementor-element elementor-element-5e79bb0 e-con-full e-flex e-con e-child\" data-id=\"5e79bb0\" data-element_type=\"container\" data-e-type=\"container\" data-settings=\"{&quot;jet_parallax_layout_list&quot;:[]}\">\n\t\t\t\t<div class=\"elementor-element elementor-element-bf088d7 elementor-align-left elementor-widget__width-initial elementor-widget elementor-widget-raven-button\" data-id=\"bf088d7\" data-element_type=\"widget\" data-e-type=\"widget\" data-settings=\"{&quot;turn_to_popup_action_button&quot;:&quot;no&quot;}\" data-widget_type=\"raven-button.default\">\n\t\t\t\t<div class=\"elementor-widget-container\">\n\t\t\t\t\t\t\t<div class=\"raven-widget-wrapper\">\n\t\t\t<a class=\"raven-button raven-button-widget-normal-effect-none  raven-button-text-align-left raven-button-link elementor-animation-none\" href=\"https:\/\/rundgang.museumdurbach.de\/en\/230-first-floor\/\">\t\t\t\t<div class=\"raven-button-overlay\" ><\/div>\n\t\t\t\t<span class=\"raven-button-content\">\n\t\t\t\t\t\n\t\t\t\t\t<div class=\"button-text-container\">\n\t\t\t\t\t\t\t\t\t<span class=\"raven-button-icon raven-button-icon-position-left\">\n\t\t\t\t<svg aria-hidden=\"true\" class=\"e-font-icon-svg e-far-arrow-alt-circle-left\" viewBox=\"0 0 512 512\" xmlns=\"http:\/\/www.w3.org\/2000\/svg\"><path d=\"M8 256c0 137 111 248 248 248s248-111 248-248S393 8 256 8 8 119 8 256zm448 0c0 110.5-89.5 200-200 200S56 366.5 56 256 145.5 56 256 56s200 89.5 200 200zm-72-20v40c0 6.6-5.4 12-12 12H256v67c0 10.7-12.9 16-20.5 8.5l-99-99c-4.7-4.7-4.7-12.3 0-17l99-99c7.6-7.6 20.5-2.2 20.5 8.5v67h116c6.6 0 12 5.4 12 12z\"><\/path><\/svg>\t\t\t<\/span>\n\t\t\t\t\t\t\t\t<div class=\"raven-button-texts-wrapper\">\n\t\t\t\t\t\t\t<div class=\"button-text\">\n\t\t\t\t\t\t\t\t<span class=\"raven-button-text\">\n\t\t\t\t\t\t\t\t\tOverview\t\t\t\t\t\t\t\t<\/span>\n\t\t\t\t\t\t\t<\/div>\n\t\t\t\t\t\t\t\t\t\t\t\t\t<\/div>\n\t\t\t\t\t\t\t\t\t\t\t<\/div>\n\t\t\t\t\t\n\t\t\t\t\t\t\t\t\t<\/span>\n\t\t\t<\/a>\t\t<\/div>\n\t\t\t\t\t\t<\/div>\n\t\t\t\t<\/div>\n\t\t\t\t<\/div>\n\t\t<div class=\"elementor-element elementor-element-41f8394 e-con-full e-flex e-con e-child\" data-id=\"41f8394\" data-element_type=\"container\" data-e-type=\"container\" data-settings=\"{&quot;jet_parallax_layout_list&quot;:[]}\">\n\t\t\t\t<\/div>\n\t\t<div class=\"elementor-element elementor-element-5386835 e-con-full e-flex e-con e-child\" data-id=\"5386835\" data-element_type=\"container\" data-e-type=\"container\" data-settings=\"{&quot;jet_parallax_layout_list&quot;:[]}\">\n\t\t\t\t<div class=\"elementor-element elementor-element-6205d8e elementor-align-right elementor-widget__width-initial elementor-widget elementor-widget-raven-button\" data-id=\"6205d8e\" data-element_type=\"widget\" data-e-type=\"widget\" data-settings=\"{&quot;turn_to_popup_action_button&quot;:&quot;no&quot;}\" data-widget_type=\"raven-button.default\">\n\t\t\t\t<div class=\"elementor-widget-container\">\n\t\t\t\t\t\t\t<div class=\"raven-widget-wrapper\">\n\t\t\t<a class=\"raven-button raven-button-widget-normal-effect-none  raven-button-text-align-right raven-button-link elementor-animation-none\" href=\"https:\/\/rundgang.museumdurbach.de\/en\/280-top-floor\/\">\t\t\t\t<div class=\"raven-button-overlay\" ><\/div>\n\t\t\t\t<span class=\"raven-button-content\">\n\t\t\t\t\t\n\t\t\t\t\t<div class=\"button-text-container\">\n\t\t\t\t\t\t\t\t\t\t\t\t<div class=\"raven-button-texts-wrapper\">\n\t\t\t\t\t\t\t<div class=\"button-text\">\n\t\t\t\t\t\t\t\t<span class=\"raven-button-text\">\n\t\t\t\t\t\t\t\t\tTour\t\t\t\t\t\t\t\t<\/span>\n\t\t\t\t\t\t\t<\/div>\n\t\t\t\t\t\t\t\t\t\t\t\t\t<\/div>\n\t\t\t\t\t\t\t\t\t<span class=\"raven-button-icon raven-button-icon-position-right\">\n\t\t\t\t<svg aria-hidden=\"true\" class=\"e-font-icon-svg e-far-arrow-alt-circle-right\" viewBox=\"0 0 512 512\" xmlns=\"http:\/\/www.w3.org\/2000\/svg\"><path d=\"M504 256C504 119 393 8 256 8S8 119 8 256s111 248 248 248 248-111 248-248zm-448 0c0-110.5 89.5-200 200-200s200 89.5 200 200-89.5 200-200 200S56 366.5 56 256zm72 20v-40c0-6.6 5.4-12 12-12h116v-67c0-10.7 12.9-16 20.5-8.5l99 99c4.7 4.7 4.7 12.3 0 17l-99 99c-7.6 7.6-20.5 2.2-20.5-8.5v-67H140c-6.6 0-12-5.4-12-12z\"><\/path><\/svg>\t\t\t<\/span>\n\t\t\t\t\t\t\t<\/div>\n\t\t\t\t\t\n\t\t\t\t\t\t\t\t\t<\/span>\n\t\t\t<\/a>\t\t<\/div>\n\t\t\t\t\t\t<\/div>\n\t\t\t\t<\/div>\n\t\t\t\t<\/div>\n\t\t\t\t\t<\/div>\n\t\t\t\t<\/div>\n\t\t\t\t<\/div>\n\t\t","protected":false},"excerpt":{"rendered":"<p>269 Staufenberg Castle Window 9 Motif above: Man in armour with a two-handed sword on his shoulder, woman in 16th century costume with a goblet. House coat of arms in red shield. Headpiece: Burning of bulls and cattle drive with dog, year 1598. Inscription: &#8220;Helias K\u00fcrtly uff Lutenwis und Elsbet Wetzler sin &#8230;1598&#8221; (it should [&hellip;]<\/p>\n","protected":false},"author":1,"featured_media":0,"parent":0,"menu_order":0,"comment_status":"closed","ping_status":"closed","template":"","meta":{"_acf_changed":false,"footnotes":""},"class_list":["post-8651","page","type-page","status-publish","hentry"],"acf":[],"_links":{"self":[{"href":"https:\/\/rundgang.museumdurbach.de\/en\/wp-json\/wp\/v2\/pages\/8651","targetHints":{"allow":["GET"]}}],"collection":[{"href":"https:\/\/rundgang.museumdurbach.de\/en\/wp-json\/wp\/v2\/pages"}],"about":[{"href":"https:\/\/rundgang.museumdurbach.de\/en\/wp-json\/wp\/v2\/types\/page"}],"author":[{"embeddable":true,"href":"https:\/\/rundgang.museumdurbach.de\/en\/wp-json\/wp\/v2\/users\/1"}],"replies":[{"embeddable":true,"href":"https:\/\/rundgang.museumdurbach.de\/en\/wp-json\/wp\/v2\/comments?post=8651"}],"version-history":[{"count":3,"href":"https:\/\/rundgang.museumdurbach.de\/en\/wp-json\/wp\/v2\/pages\/8651\/revisions"}],"predecessor-version":[{"id":9633,"href":"https:\/\/rundgang.museumdurbach.de\/en\/wp-json\/wp\/v2\/pages\/8651\/revisions\/9633"}],"wp:attachment":[{"href":"https:\/\/rundgang.museumdurbach.de\/en\/wp-json\/wp\/v2\/media?parent=8651"}],"curies":[{"name":"wp","href":"https:\/\/api.w.org\/{rel}","templated":true}]}}