{"id":1672,"date":"2022-11-11T13:31:30","date_gmt":"2022-11-11T13:31:30","guid":{"rendered":"https:\/\/rundgang.museumdurbach.de\/250-buanderie\/"},"modified":"2025-08-28T16:12:11","modified_gmt":"2025-08-28T16:12:11","slug":"250-buanderie","status":"publish","type":"page","link":"https:\/\/rundgang.museumdurbach.de\/fr\/250-buanderie\/","title":{"rendered":"250 Buanderie"},"content":{"rendered":"\t\t<div data-elementor-type=\"wp-page\" data-elementor-id=\"1672\" class=\"elementor elementor-1672 elementor-1646\">\n\t\t\t\t<div class=\"elementor-element elementor-element-d13494c e-flex e-con-boxed e-con e-parent\" data-id=\"d13494c\" data-element_type=\"container\" data-e-type=\"container\" data-settings=\"{&quot;jet_parallax_layout_list&quot;:[]}\">\n\t\t\t\t\t<div class=\"e-con-inner\">\n\t\t\t\t<div class=\"jupiter-tooltip-widget elementor-element elementor-element-e56c658 elementor-widget elementor-widget-text-editor\" data-jupiter-tooltip-settings=\"{&quot;tooltip&quot;:&quot;&quot;,&quot;tooltipDescription&quot;:&quot;This is Tooltip!&quot;,&quot;tooltipPlacement&quot;:&quot;top&quot;,&quot;tooltipArrow&quot;:true,&quot;xOffset&quot;:0,&quot;yOffset&quot;:0,&quot;tooltipAnimation&quot;:&quot;fade&quot;,&quot;tooltipTrigger&quot;:&quot;mouseenter&quot;,&quot;zIndex&quot;:999,&quot;customSelector&quot;:&quot;&quot;,&quot;delay&quot;:0}\" data-id=\"e56c658\" data-element_type=\"widget\" data-e-type=\"widget\" data-widget_type=\"text-editor.default\">\n\t\t\t\t<div class=\"elementor-widget-container\">\n\t\t\t\t\t\t\t\t\t<p>250 Buanderie<\/p>\n\t\t\t\t\t\t\t\t<\/div>\n\t\t\t\t<\/div>\n\t\t\t\t<div class=\"elementor-element elementor-element-fca809d elementor-widget-mobile__width-inherit elementor-widget elementor-widget-jet-images-layout\" data-id=\"fca809d\" data-element_type=\"widget\" data-e-type=\"widget\" data-settings=\"{&quot;columns&quot;:&quot;1&quot;}\" data-widget_type=\"jet-images-layout.default\">\n\t\t\t\t<div class=\"elementor-widget-container\">\n\t\t\t\t\t<div class=\"elementor-jet-images-layout jet-elements\">\n<div class=\"jet-images-layout layout-type-grid\" data-settings='{&quot;layoutType&quot;:&quot;grid&quot;,&quot;justifyHeight&quot;:300}'>\n\t<div class=\"jet-images-layout__list col-row disable-cols-gap disable-rows-gap column-desktop-1 column-tablet-2 column-mobile-1\" >\n<div class=\"jet-images-layout__item col-desk-1\">\n\t<div class=\"jet-images-layout__inner\">\n\t\t<div class=\"jet-images-layout__image-loader\"><span><\/span><\/div>\n\t\t<div class=\"jet-images-layout__link \">\n\t\t\t<div class=\"jet-images-layout__image\">\n\t\t\t\t<img decoding=\"async\" class=\"jet-images-layout__image-instance\" src=\"https:\/\/rundgang.museumdurbach.de\/wp-content\/uploads\/2022\/11\/IMG_0064-scaled-e1668268214599.jpg\" alt=\"IMG_0064\" loading=\"lazy\">\t\t\t<\/div>\n\t\t\t<div class=\"jet-images-layout__content\"><\/div>\n\t\t<\/div>\n\t<\/div>\n<\/div>\n<\/div><\/div>\n<\/div>\t\t\t\t<\/div>\n\t\t\t\t<\/div>\n\t\t\t\t<div class=\"elementor-element elementor-element-256cdbf elementor-widget__width-inherit elementor-widget-tablet__width-inherit elementor-widget-mobile__width-inherit elementor-widget elementor-widget-text-editor\" data-id=\"256cdbf\" data-element_type=\"widget\" data-e-type=\"widget\" data-widget_type=\"text-editor.default\">\n\t\t\t\t<div class=\"elementor-widget-container\">\n\t\t\t\t\t\t\t\t\t<p>Dans cette buanderie, on trouve des appareils int\u00e9ressants datant des d\u00e9buts de l\u2019automatisation domestique. On y voit \u00e9galement comment les sous-produits de la fabrique de cigares locale ont \u00e9t\u00e9 r\u00e9utilis\u00e9s de mani\u00e8re utile dans la maison. &#8230;<\/p>\n\t\t\t\t\t\t\t\t<\/div>\n\t\t\t\t<\/div>\n\t\t\t\t<div class=\"elementor-element elementor-element-a4e57db elementor-widget__width-inherit elementor-widget-tablet__width-inherit elementor-widget-mobile__width-inherit elementor-widget elementor-widget-text-editor\" data-id=\"a4e57db\" data-element_type=\"widget\" data-e-type=\"widget\" id=\"250Text\" data-widget_type=\"text-editor.default\">\n\t\t\t\t<div class=\"elementor-widget-container\">\n\t\t\t\t\t\t\t\t\t<p>Un des appareils est une <b>baratte \u00e0 beurre<\/b>. Le lait \u00e9tait \u00e9cr\u00e9m\u00e9 \u00e0 l\u2019aide d\u2019une <b>centrifugeuse \u00e0 lait<\/b>, &nbsp;alors qu\u2019auparavant, il s\u2019agissait d\u2019un travail manuel p\u00e9nible.<\/p>\n<p><span style=\"color: var( --e-global-color-secondary ); background-color: rgba(237, 216, 133, 0);\">La <b>machine \u00e0 laver en bois<\/b> date des ann\u00e9es 1920. Elle \u00e9tait reli\u00e9e \u00e0 un tuyau d\u2019eau et tournait ensuite toute seule. La <b>machine \u00e0 repasser<\/b> \u00e9tait \u00e9galement une invention tr\u00e8s utile. Sur cette machine, on peut voir deux aunes.<\/span><\/p>\n<p>Dans la pi\u00e8ce, il y a beaucoup de <b>toile de lin tiss\u00e9e<\/b>, fabriqu\u00e9e \u00e0 Durbach. Les familles de tisserands \u00e9taient principalement install\u00e9es dans le quartier d\u2019Unterweiler. Il y avait \u00e9galement une teinturerie \u00e0 Durbach, la teinturerie Plank. Elle se trouvait dans les b\u00e2timents de l\u2019actuelle boucherie Spinner au centre du village. Des mod\u00e8les ont \u00e9t\u00e9 utilis\u00e9s pour l\u2019impression en bleu, dont certains sont visibles dans la vitrine de mod\u00e8les d\u2019impression situ\u00e9e dans l\u2019escalier du rez-de-chauss\u00e9e.&nbsp;<\/p>\n<p>Au 19e si\u00e8cle, tous les m\u00e9nages ne disposaient pas d\u2019une <b>machine \u00e0 coudre<\/b>. Les couturi\u00e8res venaient \u00e0 la maison et transportaient la machine \u00e0 coudre de ferme en ferme sur leur t\u00eate, \u00e0 l\u2019aide d\u2019un anneau de support.&nbsp; \u00c0 c\u00f4t\u00e9, on voit diff\u00e9rents fers \u00e0 repasser.<\/p>\n<p>Dans la <b>vitrine, on peut voir d\u2019en haut \u00e0 gauche<\/b> diff\u00e9rentes chemises de lin joliment tricot\u00e9es pour le costume traditionnel de Durbach. Le mat\u00e9riel de couture provient de Mme Serrer qui faisait des bonnets traditionnels \u00e0 Unterweiler. La t\u00eate a d\u00e9j\u00e0 environ 200 ans et a \u00e9t\u00e9 transmise dans la famille. On fabriquait des bonnets d\u2019hiver en laine, comme ceux que portent encore les trois femmes sur la photo.<\/p>\n<p>Le <b>rouet&nbsp;<\/b> servait \u00e0 filer le chanvre et le lin, \u00e9galement cultiv\u00e9s \u00e0 Durbach. \u00c0 Unterweiler, pr\u00e8s du moulin du hameau, existait un plan d\u2019eau dans lequel on faisait tremper les plants de chanvre pour le rouissage. La transformation du chanvre et du lin, de la plante au rouet, se faisait \u00e9galement \u00e0 Durbach \u00c0 Unterweiler, pr\u00e8s du moulin du hameau, existait un plan d\u2019eau dans lequel on faisait tremper les plants de chanvre pour le rouissage.&nbsp;<span style=\"color: var( --e-global-color-secondary ); background-color: rgba(237, 216, 133, 0);\">Les concasseurs de chanvre sont expos\u00e9s au premier \u00e9tage de la grange.<\/span><span style=\"color: var( --e-global-color-secondary ); background-color: rgba(237, 216, 133, 0);\">&nbsp;<\/span><span style=\"color: var( --e-global-color-secondary ); background-color: rgba(237, 216, 133, 0);\">On y trouve aussi un petit appareil en bois pour fabriquer des petites cordes et ficelles de chanvre.<\/span><\/p>\n<p><span style=\"color: var( --e-global-color-secondary ); background-color: rgba(237, 216, 133, 0);\">Dans la<\/span> <b style=\"color: var( --e-global-color-secondary ); background-color: rgba(237, 216, 133, 0);\">vitrine du bas<\/b> <span style=\"color: var( --e-global-color-secondary ); background-color: rgba(237, 216, 133, 0);\">&nbsp;sont expos\u00e9s divers ustensiles de la<\/span> <b style=\"color: var( --e-global-color-secondary ); background-color: rgba(237, 216, 133, 0);\">fabrique de cigares de Durbach.<\/b> <span style=\"color: var( --e-global-color-secondary ); background-color: rgba(237, 216, 133, 0);\">(env. 1920 \u00e0 1970). Le tabac n\u2019\u00e9tait pas cultiv\u00e9 \u00e0 Durbach, mais la commune s\u2019effor\u00e7ait de cr\u00e9er des emplois et a donc mis \u00e0 disposition le terrain pour l\u2019installation de la \u201cfabrique\u201d (entreprise Geiger d\u2019Oberweiler). La \u201cfabrique\u201d \u00e9tait auparavant install\u00e9e dans la salle de l\u2019auberge \u201cScharf-Eck\u201d. Les cigares \u00e9taient aussi souvent fabriqu\u00e9s \u00e0 domicile. Une marque connue de l\u2019usine de Durbach s\u2019appelait \u201cMaria-Luise\u201d. Plus tard, une entreprise de confection a utilis\u00e9 les b\u00e2timents situ\u00e9s \u00e0 c\u00f4t\u00e9 du cimeti\u00e8re ; ces b\u00e2timents ont depuis c\u00e9d\u00e9 la place \u00e0 des immeubles d\u2019habitation.<\/span><\/p>\n<p>Les bo\u00eetes \u00e0 cigares ont \u00e9t\u00e9 r\u00e9utilis\u00e9es de diverses mani\u00e8res, par exemple pour confectionner la <b>bo\u00eete \u00e0 bijoux<\/b> pr\u00e9sent\u00e9e ici. Des <span style=\"color: var( --e-global-color-secondary ); background-color: rgba(237, 216, 133, 0);\">morceaux de bo\u00eetes \u00e0 cigares ont \u00e9t\u00e9 utilis\u00e9s pour les cadres des photos accroch\u00e9es<\/span> au mur qui montrent l\u2019ancien maire Glanzmann et sa fianc\u00e9e en train d\u2019inviter les habitants du village \u00e0 leur mariage.<\/p>\n<p><span style=\"color: var( --e-global-color-secondary ); background-color: rgba(237, 216, 133, 0);\">Au plafond se trouve un <b>support de copeaux de pin<\/b>. Ces copeaux \u00e9taient faits de bois de pin riche en r\u00e9sine et utilis\u00e9s pour remplacer les ch\u00e8res bougies de cire ou les lampes \u00e0 huile. Ils ne donnaient qu\u2019une faible lumi\u00e8re. Le rabot pour la fabrication des copeaux de pin se trouve pr\u00e8s de l\u2019armoire. Une autre m\u00e9thode pour produire de la lumi\u00e8re \u00e0 l\u2019\u00e9poque pr\u00e9-\u00e9lectrique \u00e0 Durbach \u00e9tait l\u2019utilisation d\u2019une <b>lampe \u00e0 huile de lin<\/b>, que l\u2019on peut \u00e9galement voir ici.<\/span><\/p>\n<p><span style=\"color: var( --e-global-color-secondary ); background-color: rgba(237, 216, 133, 0);\">Enfin, il y a une photo de porteurs de palmes prise \u00e0 la fin des ann\u00e9es 1920.<\/span><\/p>\t\t\t\t\t\t\t\t<\/div>\n\t\t\t\t<\/div>\n\t\t<div class=\"elementor-element elementor-element-ade80f8 e-con-full e-flex e-con e-child\" data-id=\"ade80f8\" data-element_type=\"container\" data-e-type=\"container\" data-settings=\"{&quot;jet_parallax_layout_list&quot;:[]}\">\n\t\t\t\t<div class=\"elementor-element elementor-element-9c22e02 elementor-widget-mobile__width-initial elementor-widget__width-auto elementor-widget elementor-widget-jet-view-more\" data-id=\"9c22e02\" data-element_type=\"widget\" data-e-type=\"widget\" data-widget_type=\"jet-view-more.default\">\n\t\t\t\t<div class=\"elementor-widget-container\">\n\t\t\t\t\t<div class=\"jet-view-more\" data-settings=\"{&quot;effect&quot;:&quot;fade&quot;,&quot;hide_effect&quot;:null,&quot;sections&quot;:{&quot;275ebcc&quot;:&quot;250Text&quot;},&quot;showall&quot;:false,&quot;read_less&quot;:false,&quot;read_more_label&quot;:&quot;Continuer &quot;,&quot;read_more_icon&quot;:{&quot;value&quot;:&quot;fas fa-arrow-circle-right&quot;,&quot;library&quot;:&quot;fa-solid&quot;},&quot;read_less_label&quot;:null,&quot;read_less_icon&quot;:null,&quot;hide_all&quot;:false}\"><div class=\"jet-view-more__button\" role=\"button\" tabindex=\"0\"><div class=\"jet-view-more__icon jet-tricks-icon\"><svg aria-hidden=\"true\" class=\"e-font-icon-svg e-fas-arrow-circle-right\" viewBox=\"0 0 512 512\" xmlns=\"http:\/\/www.w3.org\/2000\/svg\"><path d=\"M256 8c137 0 248 111 248 248S393 504 256 504 8 393 8 256 119 8 256 8zm-28.9 143.6l75.5 72.4H120c-13.3 0-24 10.7-24 24v16c0 13.3 10.7 24 24 24h182.6l-75.5 72.4c-9.7 9.3-9.9 24.8-.4 34.3l11 10.9c9.4 9.4 24.6 9.4 33.9 0L404.3 273c9.4-9.4 9.4-24.6 0-33.9L271.6 106.3c-9.4-9.4-24.6-9.4-33.9 0l-11 10.9c-9.5 9.6-9.3 25.1.4 34.4z\"><\/path><\/svg><\/div><div class=\"jet-view-more__label\">Continuer <\/div><\/div><\/div>\t\t\t\t<\/div>\n\t\t\t\t<\/div>\n\t\t\t\t<div class=\"elementor-element elementor-element-99a8755 elementor-widget__width-initial elementor-widget-mobile__width-initial elementor-widget elementor-widget-jet-audio\" data-id=\"99a8755\" data-element_type=\"widget\" data-e-type=\"widget\" data-widget_type=\"jet-audio.default\">\n\t\t\t\t<div class=\"elementor-widget-container\">\n\t\t\t\t\t<div class=\"elementor-jet-audio jet-elements\">\n\t\t<div class=\"jet-audio jet-audio--fa5-compat\" data-audio-settings=\"{&quot;controls&quot;:[&quot;playpause&quot;,&quot;current&quot;,&quot;progress&quot;,&quot;duration&quot;,&quot;volume&quot;],&quot;startVolume&quot;:0.80000000000000004,&quot;hideVolumeOnTouchDevices&quot;:true}\">\n\t\t\t\t\t\t\t<audio class=\"jet-audio-player\" preload=\"none\" controls=\"\" src=\"https:\/\/rundgang.museumdurbach.de\/wp-content\/uploads\/2023\/06\/250-F.mp3\" width=\"100%\"><\/audio>\n\t\t\t\t\t<\/div>\n\n\t\t<\/div>\t\t\t\t<\/div>\n\t\t\t\t<\/div>\n\t\t\t\t<\/div>\n\t\t\t\t\t<\/div>\n\t\t\t\t<\/div>\n\t\t<div class=\"elementor-element elementor-element-b15963c e-flex e-con-boxed e-con e-parent\" data-id=\"b15963c\" data-element_type=\"container\" data-e-type=\"container\" data-settings=\"{&quot;jet_parallax_layout_list&quot;:[]}\">\n\t\t\t\t\t<div class=\"e-con-inner\">\n\t\t<div class=\"elementor-element elementor-element-c486537 e-con-full e-flex e-con e-child\" data-id=\"c486537\" data-element_type=\"container\" data-e-type=\"container\" data-settings=\"{&quot;jet_parallax_layout_list&quot;:[]}\">\n\t\t\t\t<div class=\"elementor-element elementor-element-cf332b7 elementor-align-left elementor-widget__width-initial elementor-widget elementor-widget-raven-button\" data-id=\"cf332b7\" data-element_type=\"widget\" data-e-type=\"widget\" data-settings=\"{&quot;turn_to_popup_action_button&quot;:&quot;no&quot;}\" data-widget_type=\"raven-button.default\">\n\t\t\t\t<div class=\"elementor-widget-container\">\n\t\t\t\t\t\t\t<div class=\"raven-widget-wrapper\">\n\t\t\t<a class=\"raven-button raven-button-widget-normal-effect-none  raven-button-text-align-left raven-button-link elementor-animation-none\" href=\"https:\/\/rundgang.museumdurbach.de\/fr\/230-premier-etage\/\">\t\t\t\t<div class=\"raven-button-overlay\" ><\/div>\n\t\t\t\t<span class=\"raven-button-content\">\n\t\t\t\t\t\n\t\t\t\t\t<div class=\"button-text-container\">\n\t\t\t\t\t\t\t\t\t<span class=\"raven-button-icon raven-button-icon-position-left\">\n\t\t\t\t<svg aria-hidden=\"true\" class=\"e-font-icon-svg e-far-arrow-alt-circle-left\" viewBox=\"0 0 512 512\" xmlns=\"http:\/\/www.w3.org\/2000\/svg\"><path d=\"M8 256c0 137 111 248 248 248s248-111 248-248S393 8 256 8 8 119 8 256zm448 0c0 110.5-89.5 200-200 200S56 366.5 56 256 145.5 56 256 56s200 89.5 200 200zm-72-20v40c0 6.6-5.4 12-12 12H256v67c0 10.7-12.9 16-20.5 8.5l-99-99c-4.7-4.7-4.7-12.3 0-17l99-99c7.6-7.6 20.5-2.2 20.5 8.5v67h116c6.6 0 12 5.4 12 12z\"><\/path><\/svg>\t\t\t<\/span>\n\t\t\t\t\t\t\t\t<div class=\"raven-button-texts-wrapper\">\n\t\t\t\t\t\t\t<div class=\"button-text\">\n\t\t\t\t\t\t\t\t<span class=\"raven-button-text\">\n\t\t\t\t\t\t\t\t\tAper\u00e7u\t\t\t\t\t\t\t\t<\/span>\n\t\t\t\t\t\t\t<\/div>\n\t\t\t\t\t\t\t\t\t\t\t\t\t<\/div>\n\t\t\t\t\t\t\t\t\t\t\t<\/div>\n\t\t\t\t\t\n\t\t\t\t\t\t\t\t\t<\/span>\n\t\t\t<\/a>\t\t<\/div>\n\t\t\t\t\t\t<\/div>\n\t\t\t\t<\/div>\n\t\t\t\t<\/div>\n\t\t<div class=\"elementor-element elementor-element-f5a66ff e-con-full e-flex e-con e-child\" data-id=\"f5a66ff\" data-element_type=\"container\" data-e-type=\"container\" data-settings=\"{&quot;jet_parallax_layout_list&quot;:[]}\">\n\t\t\t\t<\/div>\n\t\t<div class=\"elementor-element elementor-element-7ec6588 e-con-full e-flex e-con e-child\" data-id=\"7ec6588\" data-element_type=\"container\" data-e-type=\"container\" data-settings=\"{&quot;jet_parallax_layout_list&quot;:[]}\">\n\t\t\t\t<div class=\"elementor-element elementor-element-bf479c6 elementor-align-right elementor-widget__width-initial elementor-widget elementor-widget-raven-button\" data-id=\"bf479c6\" data-element_type=\"widget\" data-e-type=\"widget\" data-settings=\"{&quot;turn_to_popup_action_button&quot;:&quot;no&quot;}\" data-widget_type=\"raven-button.default\">\n\t\t\t\t<div class=\"elementor-widget-container\">\n\t\t\t\t\t\t\t<div class=\"raven-widget-wrapper\">\n\t\t\t<a class=\"raven-button raven-button-widget-normal-effect-none  raven-button-text-align-right raven-button-link elementor-animation-none\" href=\"https:\/\/rundgang.museumdurbach.de\/fr\/260-expositions-temporaires\/\">\t\t\t\t<div class=\"raven-button-overlay\" ><\/div>\n\t\t\t\t<span class=\"raven-button-content\">\n\t\t\t\t\t\n\t\t\t\t\t<div class=\"button-text-container\">\n\t\t\t\t\t\t\t\t\t\t\t\t<div class=\"raven-button-texts-wrapper\">\n\t\t\t\t\t\t\t<div class=\"button-text\">\n\t\t\t\t\t\t\t\t<span class=\"raven-button-text\">\n\t\t\t\t\t\t\t\t\tTour\t\t\t\t\t\t\t\t<\/span>\n\t\t\t\t\t\t\t<\/div>\n\t\t\t\t\t\t\t\t\t\t\t\t\t<\/div>\n\t\t\t\t\t\t\t\t\t<span class=\"raven-button-icon raven-button-icon-position-right\">\n\t\t\t\t<svg aria-hidden=\"true\" class=\"e-font-icon-svg e-far-arrow-alt-circle-right\" viewBox=\"0 0 512 512\" xmlns=\"http:\/\/www.w3.org\/2000\/svg\"><path d=\"M504 256C504 119 393 8 256 8S8 119 8 256s111 248 248 248 248-111 248-248zm-448 0c0-110.5 89.5-200 200-200s200 89.5 200 200-89.5 200-200 200S56 366.5 56 256zm72 20v-40c0-6.6 5.4-12 12-12h116v-67c0-10.7 12.9-16 20.5-8.5l99 99c4.7 4.7 4.7 12.3 0 17l-99 99c-7.6 7.6-20.5 2.2-20.5-8.5v-67H140c-6.6 0-12-5.4-12-12z\"><\/path><\/svg>\t\t\t<\/span>\n\t\t\t\t\t\t\t<\/div>\n\t\t\t\t\t\n\t\t\t\t\t\t\t\t\t<\/span>\n\t\t\t<\/a>\t\t<\/div>\n\t\t\t\t\t\t<\/div>\n\t\t\t\t<\/div>\n\t\t\t\t<\/div>\n\t\t\t\t\t<\/div>\n\t\t\t\t<\/div>\n\t\t\t\t<\/div>\n\t\t","protected":false},"excerpt":{"rendered":"<p>250 Buanderie Dans cette buanderie, on trouve des appareils int\u00e9ressants datant des d\u00e9buts de l\u2019automatisation domestique. On y voit \u00e9galement comment les sous-produits de la fabrique de cigares locale ont \u00e9t\u00e9 r\u00e9utilis\u00e9s de mani\u00e8re utile dans la maison. &#8230; Un des appareils est une baratte \u00e0 beurre. Le lait \u00e9tait \u00e9cr\u00e9m\u00e9 \u00e0 l\u2019aide d\u2019une centrifugeuse [&hellip;]<\/p>\n","protected":false},"author":1,"featured_media":0,"parent":0,"menu_order":0,"comment_status":"closed","ping_status":"closed","template":"","meta":{"_acf_changed":false,"footnotes":""},"class_list":["post-1672","page","type-page","status-publish","hentry"],"acf":[],"_links":{"self":[{"href":"https:\/\/rundgang.museumdurbach.de\/fr\/wp-json\/wp\/v2\/pages\/1672","targetHints":{"allow":["GET"]}}],"collection":[{"href":"https:\/\/rundgang.museumdurbach.de\/fr\/wp-json\/wp\/v2\/pages"}],"about":[{"href":"https:\/\/rundgang.museumdurbach.de\/fr\/wp-json\/wp\/v2\/types\/page"}],"author":[{"embeddable":true,"href":"https:\/\/rundgang.museumdurbach.de\/fr\/wp-json\/wp\/v2\/users\/1"}],"replies":[{"embeddable":true,"href":"https:\/\/rundgang.museumdurbach.de\/fr\/wp-json\/wp\/v2\/comments?post=1672"}],"version-history":[{"count":8,"href":"https:\/\/rundgang.museumdurbach.de\/fr\/wp-json\/wp\/v2\/pages\/1672\/revisions"}],"predecessor-version":[{"id":10056,"href":"https:\/\/rundgang.museumdurbach.de\/fr\/wp-json\/wp\/v2\/pages\/1672\/revisions\/10056"}],"wp:attachment":[{"href":"https:\/\/rundgang.museumdurbach.de\/fr\/wp-json\/wp\/v2\/media?parent=1672"}],"curies":[{"name":"wp","href":"https:\/\/api.w.org\/{rel}","templated":true}]}}