{"id":2551,"date":"2022-11-20T09:46:24","date_gmt":"2022-11-20T09:46:24","guid":{"rendered":"https:\/\/rundgang.museumdurbach.de\/233-vieilles-legendes\/"},"modified":"2025-08-28T16:03:59","modified_gmt":"2025-08-28T16:03:59","slug":"233-vieilles-legendes","status":"publish","type":"page","link":"https:\/\/rundgang.museumdurbach.de\/fr\/233-vieilles-legendes\/","title":{"rendered":"233 Vieilles l\u00e9gendes"},"content":{"rendered":"\t\t<div data-elementor-type=\"wp-page\" data-elementor-id=\"2551\" class=\"elementor elementor-2551 elementor-2494\">\n\t\t\t\t<div class=\"elementor-element elementor-element-d13494c e-flex e-con-boxed e-con e-parent\" data-id=\"d13494c\" data-element_type=\"container\" data-e-type=\"container\" data-settings=\"{&quot;jet_parallax_layout_list&quot;:[]}\">\n\t\t\t\t\t<div class=\"e-con-inner\">\n\t\t\t\t<div class=\"jupiter-tooltip-widget elementor-element elementor-element-e56c658 elementor-widget elementor-widget-text-editor\" data-jupiter-tooltip-settings=\"{&quot;tooltip&quot;:&quot;&quot;,&quot;tooltipDescription&quot;:&quot;This is Tooltip!&quot;,&quot;tooltipPlacement&quot;:&quot;top&quot;,&quot;tooltipArrow&quot;:true,&quot;xOffset&quot;:0,&quot;yOffset&quot;:0,&quot;tooltipAnimation&quot;:&quot;fade&quot;,&quot;tooltipTrigger&quot;:&quot;mouseenter&quot;,&quot;zIndex&quot;:999,&quot;customSelector&quot;:&quot;&quot;,&quot;delay&quot;:0}\" data-id=\"e56c658\" data-element_type=\"widget\" data-e-type=\"widget\" data-widget_type=\"text-editor.default\">\n\t\t\t\t<div class=\"elementor-widget-container\">\n\t\t\t\t\t\t\t\t\t<p>233 Vieilles l\u00e9gendes<\/p>\t\t\t\t\t\t\t\t<\/div>\n\t\t\t\t<\/div>\n\t\t\t\t<div class=\"elementor-element elementor-element-9da6f9b elementor-widget-mobile__width-inherit elementor-widget elementor-widget-jet-images-layout\" data-id=\"9da6f9b\" data-element_type=\"widget\" data-e-type=\"widget\" data-settings=\"{&quot;columns&quot;:&quot;1&quot;}\" data-widget_type=\"jet-images-layout.default\">\n\t\t\t\t<div class=\"elementor-widget-container\">\n\t\t\t\t\t<div class=\"elementor-jet-images-layout jet-elements\">\n<div class=\"jet-images-layout layout-type-grid\" data-settings='{&quot;layoutType&quot;:&quot;grid&quot;,&quot;justifyHeight&quot;:300}'>\n\t<div class=\"jet-images-layout__list col-row disable-cols-gap disable-rows-gap column-desktop-1 column-tablet-2 column-mobile-1\" >\n<div class=\"jet-images-layout__item col-desk-1\">\n\t<div class=\"jet-images-layout__inner\">\n\t\t<div class=\"jet-images-layout__image-loader\"><span><\/span><\/div>\n\t\t<div class=\"jet-images-layout__link \">\n\t\t\t<div class=\"jet-images-layout__image\">\n\t\t\t\t<img decoding=\"async\" class=\"jet-images-layout__image-instance\" src=\"https:\/\/rundgang.museumdurbach.de\/wp-content\/uploads\/2023\/09\/IMG_0060-2-scaled.jpg\" alt=\"IMG_0060-2\" loading=\"lazy\">\t\t\t<\/div>\n\t\t\t<div class=\"jet-images-layout__content\"><\/div>\n\t\t<\/div>\n\t<\/div>\n<\/div>\n<\/div><\/div>\n<\/div>\t\t\t\t<\/div>\n\t\t\t\t<\/div>\n\t\t\t\t<div class=\"elementor-element elementor-element-d9d537e elementor-widget elementor-widget-text-editor\" data-id=\"d9d537e\" data-element_type=\"widget\" data-e-type=\"widget\" data-widget_type=\"text-editor.default\">\n\t\t\t\t<div class=\"elementor-widget-container\">\n\t\t\t\t\t\t\t\t\t<p>Sur les cartes anciennes, on trouve aussi diverses r\u00e9f\u00e9rences \u00e0 d\u2019anciennes l\u00e9gendes. <span style=\"color: var( --e-global-color-secondary ); font-size: var( --e-global-typography-text-font-size ); font-weight: var( --e-global-typography-text-font-weight );\">Ainsi la l\u00e9gende de l\u00b4arbre \u00abM\u00e9lusine\u00bb raconte par exemple la fable d\u00b4une berg\u00e8re \u00e2g\u00e9e de 15 ans provenant de Durbach (Eisenb\u00fchl) qui en 1779 pr\u00e9tendit d\u00b4avoir vu M\u00e9lusine \u00e0 plusieurs reprises au lieu- dit \u00abdes 12 pierres\u00bb.<\/span><span style=\"font-size: 1em; color: var( --e-global-color-secondary );\">&#8230;<\/span><\/p>\t\t\t\t\t\t\t\t<\/div>\n\t\t\t\t<\/div>\n\t\t\t\t<div class=\"elementor-element elementor-element-0aadfc9 elementor-widget__width-inherit elementor-widget-tablet__width-inherit elementor-widget-mobile__width-inherit elementor-widget elementor-widget-text-editor\" data-id=\"0aadfc9\" data-element_type=\"widget\" data-e-type=\"widget\" id=\"233Text\" data-widget_type=\"text-editor.default\">\n\t\t\t\t<div class=\"elementor-widget-container\">\n\t\t\t\t\t\t\t\t\t<p>Pr\u00e8s du \u00abWolfsloch\u00bb, M\u00e9lusine conduisit la fille dans la galerie du \u00abStollenberg\u00bb o\u00f9 trois \u00e9normes g\u00e9ants arm\u00e9s de lances et prot\u00e9g\u00e9s par des cuirasses \u00e9taient couch\u00e9s et dormaient. Sur des grandes caisses \u00e9taient assis des chiens noirs qui saut\u00e8rent des caisses en apercevant M\u00e9lusine. Les caisses \u00e9taient remplies d\u00b4argent que M\u00e9lusine promit \u00e0 la fille \u00e0 la condition qu\u00b4elle la d\u00e9livre.<\/p><p>M\u00e9lusine raconta \u00e0 la fille, \u00ab Lorsque tu auras 18 ans tu pourras me d\u00e9livrer car je suis maudite. Il fallait qu\u2019ici aupr\u00e8s des 12 pierres germe un double sapin d\u00b4une seule racine. Quand cet arbre eut 100 ans, deux jeunes c\u00e9libataires durent l\u00b4abattre le jour de Saint Wunibald. Le jour de Saint Dagobert le tronc le plus fort fut transport\u00e9 sur un traineau dans la vall\u00e9e, et les planches de ce tronc servirent \u00e0 fabriquer ton berceau\u00bb. M\u00e9lusine rencontra encore fr\u00e9quemment la berg\u00e8re jusqu\u00b4\u00e0 l\u00b4intervention du cur\u00e9 qui la mena\u00e7a d\u00b4une punition eccl\u00e9siastique. C\u00b4est la raison pour laquelle la d\u00e9livrance n\u00b4eut pas lieu. Celui qui n\u00b4a point commis de p\u00each\u00e9s pourra finalement d\u00e9livrer M\u00e9lusine et ses tr\u00e9sors.<\/p><p>Il y a d\u00e9j\u00e0 plusieurs d\u00e9cennies que ces 12 pierres sont devenues victimes des bulldozers et de la viticulture. De m\u00eame les vieux sapins n\u00b4existent plus sur le chemin vers le St. Wendel mais sur cette ancienne carte nous pouvons encore les voir dans l\u00b4\u00e9tat que la berg\u00e8re et la M\u00e9lusine les ont vus.<\/p><p>Encore un peu plus r\u00e9cente que la l\u00e9gende de M\u00e9lusine est celle du \u00ab Chevalier Noir pr\u00e8s de la croix noire\u00bb. Comme vous le savez peut-\u00eatre, entre 1850 et 1860 la famille Zorn de Bulach a fait \u00e9riger sur leurs terres des croix noires aux quatre coins cardinaux. L\u00b4une d\u00b4elles fut \u00e9rig\u00e9e \u00e0 la fourche au-dessus du \u00abBerhardsgrund\u00bb entre \u00b4Illental et la rivi\u00e8re du Rohr. Une l\u00e9gende veut que les p\u00e8lerins de Saint Wendelin et les promeneurs marchant sur ce chemin dans les nuits sombres et sinistres voient entre le vieux pin et la croix noire un chevalier noir v\u00eatu d\u00b4une armure moyen\u00e2geuse. La visi\u00e8re du casque est ferm\u00e9e et personne ne peut voir son visage. Dans sa main gauche il tient un immense bouclier noir, sa main droite porte une gigantesque \u00e9p\u00e9e. Toute personne osant passer devant le chevalier prend le risque qu\u00b4il se d\u00e9m\u00e8ne violemment avec son \u00e9p\u00e9e et quand on se remet de son choc on aper\u00e7oit dans un coin du bois tout proche la silhouette d\u00b4une merveilleuse beaut\u00e9 envelopp\u00e9e de lumi\u00e8re. Tous ceux qui ont v\u00e9cu cette exp\u00e9rience ne peuvent plus bouger jusqu\u00b4\u00e0 ce que les cloches de l\u00b4\u00e9glise sonnent le lendemain appelant \u00e0 la pri\u00e8re.<\/p><p>La pierre de diable de St. Wendelin est \u00e9galement joliment dessin\u00e9e sur cette carte.<\/p><p><b><span style=\"font-family: Verdana, sans-serif;\">Liens vers les l\u00e9gendes (allemand):<\/span><a style=\"background-color: #edd885; font-family: Verdana, sans-serif;\" href=\"https:\/\/www.museumdurbach.de\/03-13-03\/\">Der schwarze Ritter am schwarzen Kreuz<\/a><span style=\"font-family: Verdana, sans-serif;\">    <\/span><a style=\"background-color: #edd885; font-family: Verdana, sans-serif;\" href=\"https:\/\/www.museumdurbach.de\/03-13-04\/\">Wu de Moospfaff \u00fcbernachtet<\/a><span style=\"font-family: Verdana, sans-serif;\">   <\/span><a style=\"background-color: #edd885; font-family: Verdana, sans-serif;\" href=\"https:\/\/www.museumdurbach.de\/03-13-02\/\">Der Michelewitsch<\/a><span style=\"font-family: Verdana, sans-serif;\">   <\/span><a style=\"background-color: #edd885; font-family: Verdana, sans-serif;\" href=\"https:\/\/www.museumdurbach.de\/03-13-05\/\">Das siebte Buch Moses<\/a><span style=\"font-family: Verdana, sans-serif;\">   <\/span><a style=\"background-color: #edd885; font-family: Verdana, sans-serif;\" href=\"https:\/\/www.museumdurbach.de\/03-13-06\/\">Auf den Spuren von Geistern und Melusinen<\/a><span style=\"font-family: Verdana, sans-serif;\">   <\/span><a style=\"background-color: #edd885; font-family: Verdana, sans-serif;\" href=\"https:\/\/www.museumdurbach.de\/03-13-07\/\">Die Melusinensage von Schloss Staufenberg<\/a><span style=\"font-family: Verdana, sans-serif;\">    <\/span><a style=\"background-color: #edd885; font-family: Verdana, sans-serif;\" href=\"https:\/\/www.museumdurbach.de\/03-13-08\/\">Die Wetterhexe<\/a><span style=\"font-family: Verdana, sans-serif;\">   <\/span><a style=\"background-color: #edd885; font-family: Verdana, sans-serif;\" href=\"https:\/\/www.museumdurbach.de\/03-13-09\/\">Die drei Kisten<\/a><span style=\"font-family: Verdana, sans-serif;\">   <\/span><a style=\"background-color: #edd885; font-family: Verdana, sans-serif;\" href=\"https:\/\/www.museumdurbach.de\/03-13-10\/\">Des Vogts Sohn von Staufenberg<\/a><\/b><span style=\"font-family: Verdana, sans-serif;\"><b> <\/b>  <\/span><b><a style=\"background-color: #edd885; font-family: Verdana, sans-serif;\" href=\"https:\/\/www.museumdurbach.de\/03-13-11\/\">Die Zwingmesse<\/a><span style=\"font-family: Verdana, sans-serif;\">   <\/span><\/b><\/p>\t\t\t\t\t\t\t\t<\/div>\n\t\t\t\t<\/div>\n\t\t<div class=\"elementor-element elementor-element-db43726 e-con-full e-flex e-con e-child\" data-id=\"db43726\" data-element_type=\"container\" data-e-type=\"container\" data-settings=\"{&quot;jet_parallax_layout_list&quot;:[]}\">\n\t\t\t\t<div class=\"elementor-element elementor-element-e973c73 elementor-widget-mobile__width-initial elementor-widget__width-auto elementor-widget elementor-widget-jet-view-more\" data-id=\"e973c73\" data-element_type=\"widget\" data-e-type=\"widget\" data-widget_type=\"jet-view-more.default\">\n\t\t\t\t<div class=\"elementor-widget-container\">\n\t\t\t\t\t<div class=\"jet-view-more\" data-settings=\"{&quot;effect&quot;:&quot;fade&quot;,&quot;hide_effect&quot;:null,&quot;sections&quot;:{&quot;275ebcc&quot;:&quot;233Text&quot;},&quot;showall&quot;:false,&quot;read_less&quot;:false,&quot;read_more_label&quot;:&quot;Continuer &quot;,&quot;read_more_icon&quot;:{&quot;value&quot;:&quot;fas fa-arrow-circle-right&quot;,&quot;library&quot;:&quot;fa-solid&quot;},&quot;read_less_label&quot;:null,&quot;read_less_icon&quot;:null,&quot;hide_all&quot;:false}\"><div class=\"jet-view-more__button\" role=\"button\" tabindex=\"0\"><div class=\"jet-view-more__icon jet-tricks-icon\"><svg aria-hidden=\"true\" class=\"e-font-icon-svg e-fas-arrow-circle-right\" viewBox=\"0 0 512 512\" xmlns=\"http:\/\/www.w3.org\/2000\/svg\"><path d=\"M256 8c137 0 248 111 248 248S393 504 256 504 8 393 8 256 119 8 256 8zm-28.9 143.6l75.5 72.4H120c-13.3 0-24 10.7-24 24v16c0 13.3 10.7 24 24 24h182.6l-75.5 72.4c-9.7 9.3-9.9 24.8-.4 34.3l11 10.9c9.4 9.4 24.6 9.4 33.9 0L404.3 273c9.4-9.4 9.4-24.6 0-33.9L271.6 106.3c-9.4-9.4-24.6-9.4-33.9 0l-11 10.9c-9.5 9.6-9.3 25.1.4 34.4z\"><\/path><\/svg><\/div><div class=\"jet-view-more__label\">Continuer <\/div><\/div><\/div>\t\t\t\t<\/div>\n\t\t\t\t<\/div>\n\t\t\t\t<div class=\"elementor-element elementor-element-bcc0a11 elementor-widget__width-initial elementor-widget-mobile__width-initial elementor-widget elementor-widget-jet-audio\" data-id=\"bcc0a11\" data-element_type=\"widget\" data-e-type=\"widget\" data-widget_type=\"jet-audio.default\">\n\t\t\t\t<div class=\"elementor-widget-container\">\n\t\t\t\t\t<div class=\"elementor-jet-audio jet-elements\">\n\t\t<div class=\"jet-audio jet-audio--fa5-compat\" data-audio-settings=\"{&quot;controls&quot;:[&quot;playpause&quot;,&quot;current&quot;,&quot;progress&quot;,&quot;duration&quot;,&quot;volume&quot;],&quot;startVolume&quot;:0.80000000000000004,&quot;hideVolumeOnTouchDevices&quot;:true}\">\n\t\t\t\t\t\t\t<audio class=\"jet-audio-player\" preload=\"none\" controls=\"\" src=\"https:\/\/rundgang.museumdurbach.de\/wp-content\/uploads\/2023\/04\/233-F.mp3\" width=\"100%\"><\/audio>\n\t\t\t\t\t<\/div>\n\n\t\t<\/div>\t\t\t\t<\/div>\n\t\t\t\t<\/div>\n\t\t\t\t<\/div>\n\t\t\t\t\t<\/div>\n\t\t\t\t<\/div>\n\t\t<div class=\"elementor-element elementor-element-9c96386 e-flex e-con-boxed e-con e-parent\" data-id=\"9c96386\" data-element_type=\"container\" data-e-type=\"container\" data-settings=\"{&quot;jet_parallax_layout_list&quot;:[]}\">\n\t\t\t\t\t<div class=\"e-con-inner\">\n\t\t<div class=\"elementor-element elementor-element-9f82402 e-con-full e-flex e-con e-child\" data-id=\"9f82402\" data-element_type=\"container\" data-e-type=\"container\" data-settings=\"{&quot;jet_parallax_layout_list&quot;:[]}\">\n\t\t\t\t<div class=\"elementor-element elementor-element-0312fa0 elementor-align-left elementor-widget__width-initial elementor-widget elementor-widget-raven-button\" data-id=\"0312fa0\" data-element_type=\"widget\" data-e-type=\"widget\" data-settings=\"{&quot;turn_to_popup_action_button&quot;:&quot;no&quot;}\" data-widget_type=\"raven-button.default\">\n\t\t\t\t<div class=\"elementor-widget-container\">\n\t\t\t\t\t\t\t<div class=\"raven-widget-wrapper\">\n\t\t\t<a class=\"raven-button raven-button-widget-normal-effect-none  raven-button-text-align-left raven-button-link elementor-animation-none\" href=\"https:\/\/rundgang.museumdurbach.de\/fr\/230-premier-etage\/\">\t\t\t\t<div class=\"raven-button-overlay\" ><\/div>\n\t\t\t\t<span class=\"raven-button-content\">\n\t\t\t\t\t\n\t\t\t\t\t<div class=\"button-text-container\">\n\t\t\t\t\t\t\t\t\t<span class=\"raven-button-icon raven-button-icon-position-left\">\n\t\t\t\t<svg aria-hidden=\"true\" class=\"e-font-icon-svg e-far-arrow-alt-circle-left\" viewBox=\"0 0 512 512\" xmlns=\"http:\/\/www.w3.org\/2000\/svg\"><path d=\"M8 256c0 137 111 248 248 248s248-111 248-248S393 8 256 8 8 119 8 256zm448 0c0 110.5-89.5 200-200 200S56 366.5 56 256 145.5 56 256 56s200 89.5 200 200zm-72-20v40c0 6.6-5.4 12-12 12H256v67c0 10.7-12.9 16-20.5 8.5l-99-99c-4.7-4.7-4.7-12.3 0-17l99-99c7.6-7.6 20.5-2.2 20.5 8.5v67h116c6.6 0 12 5.4 12 12z\"><\/path><\/svg>\t\t\t<\/span>\n\t\t\t\t\t\t\t\t<div class=\"raven-button-texts-wrapper\">\n\t\t\t\t\t\t\t<div class=\"button-text\">\n\t\t\t\t\t\t\t\t<span class=\"raven-button-text\">\n\t\t\t\t\t\t\t\t\tAper\u00e7u\t\t\t\t\t\t\t\t<\/span>\n\t\t\t\t\t\t\t<\/div>\n\t\t\t\t\t\t\t\t\t\t\t\t\t<\/div>\n\t\t\t\t\t\t\t\t\t\t\t<\/div>\n\t\t\t\t\t\n\t\t\t\t\t\t\t\t\t<\/span>\n\t\t\t<\/a>\t\t<\/div>\n\t\t\t\t\t\t<\/div>\n\t\t\t\t<\/div>\n\t\t\t\t<\/div>\n\t\t<div class=\"elementor-element elementor-element-7df5b3c e-con-full e-flex e-con e-child\" data-id=\"7df5b3c\" data-element_type=\"container\" data-e-type=\"container\" data-settings=\"{&quot;jet_parallax_layout_list&quot;:[]}\">\n\t\t\t\t<\/div>\n\t\t<div class=\"elementor-element elementor-element-f3532f1 e-con-full e-flex e-con e-child\" data-id=\"f3532f1\" data-element_type=\"container\" data-e-type=\"container\" data-settings=\"{&quot;jet_parallax_layout_list&quot;:[]}\">\n\t\t\t\t<div class=\"elementor-element elementor-element-6ec8cdc elementor-align-right elementor-widget__width-initial elementor-widget elementor-widget-raven-button\" data-id=\"6ec8cdc\" data-element_type=\"widget\" data-e-type=\"widget\" data-settings=\"{&quot;turn_to_popup_action_button&quot;:&quot;no&quot;}\" data-widget_type=\"raven-button.default\">\n\t\t\t\t<div class=\"elementor-widget-container\">\n\t\t\t\t\t\t\t<div class=\"raven-widget-wrapper\">\n\t\t\t<a class=\"raven-button raven-button-widget-normal-effect-none  raven-button-text-align-right raven-button-link elementor-animation-none\" href=\"https:\/\/rundgang.museumdurbach.de\/fr\/234-chateau-de-staufenberg\/\">\t\t\t\t<div class=\"raven-button-overlay\" ><\/div>\n\t\t\t\t<span class=\"raven-button-content\">\n\t\t\t\t\t\n\t\t\t\t\t<div class=\"button-text-container\">\n\t\t\t\t\t\t\t\t\t\t\t\t<div class=\"raven-button-texts-wrapper\">\n\t\t\t\t\t\t\t<div class=\"button-text\">\n\t\t\t\t\t\t\t\t<span class=\"raven-button-text\">\n\t\t\t\t\t\t\t\t\tTour\t\t\t\t\t\t\t\t<\/span>\n\t\t\t\t\t\t\t<\/div>\n\t\t\t\t\t\t\t\t\t\t\t\t\t<\/div>\n\t\t\t\t\t\t\t\t\t<span class=\"raven-button-icon raven-button-icon-position-right\">\n\t\t\t\t<svg aria-hidden=\"true\" class=\"e-font-icon-svg e-far-arrow-alt-circle-right\" viewBox=\"0 0 512 512\" xmlns=\"http:\/\/www.w3.org\/2000\/svg\"><path d=\"M504 256C504 119 393 8 256 8S8 119 8 256s111 248 248 248 248-111 248-248zm-448 0c0-110.5 89.5-200 200-200s200 89.5 200 200-89.5 200-200 200S56 366.5 56 256zm72 20v-40c0-6.6 5.4-12 12-12h116v-67c0-10.7 12.9-16 20.5-8.5l99 99c4.7 4.7 4.7 12.3 0 17l-99 99c-7.6 7.6-20.5 2.2-20.5-8.5v-67H140c-6.6 0-12-5.4-12-12z\"><\/path><\/svg>\t\t\t<\/span>\n\t\t\t\t\t\t\t<\/div>\n\t\t\t\t\t\n\t\t\t\t\t\t\t\t\t<\/span>\n\t\t\t<\/a>\t\t<\/div>\n\t\t\t\t\t\t<\/div>\n\t\t\t\t<\/div>\n\t\t\t\t<\/div>\n\t\t\t\t\t<\/div>\n\t\t\t\t<\/div>\n\t\t\t\t<\/div>\n\t\t","protected":false},"excerpt":{"rendered":"<p>233 Vieilles l\u00e9gendes Sur les cartes anciennes, on trouve aussi diverses r\u00e9f\u00e9rences \u00e0 d\u2019anciennes l\u00e9gendes. Ainsi la l\u00e9gende de l\u00b4arbre \u00abM\u00e9lusine\u00bb raconte par exemple la fable d\u00b4une berg\u00e8re \u00e2g\u00e9e de 15 ans provenant de Durbach (Eisenb\u00fchl) qui en 1779 pr\u00e9tendit d\u00b4avoir vu M\u00e9lusine \u00e0 plusieurs reprises au lieu- dit \u00abdes 12 pierres\u00bb&#8230;. Pr\u00e8s du \u00abWolfsloch\u00bb, [&hellip;]<\/p>\n","protected":false},"author":1,"featured_media":0,"parent":0,"menu_order":0,"comment_status":"closed","ping_status":"closed","template":"","meta":{"_acf_changed":false,"footnotes":""},"class_list":["post-2551","page","type-page","status-publish","hentry"],"acf":[],"_links":{"self":[{"href":"https:\/\/rundgang.museumdurbach.de\/fr\/wp-json\/wp\/v2\/pages\/2551","targetHints":{"allow":["GET"]}}],"collection":[{"href":"https:\/\/rundgang.museumdurbach.de\/fr\/wp-json\/wp\/v2\/pages"}],"about":[{"href":"https:\/\/rundgang.museumdurbach.de\/fr\/wp-json\/wp\/v2\/types\/page"}],"author":[{"embeddable":true,"href":"https:\/\/rundgang.museumdurbach.de\/fr\/wp-json\/wp\/v2\/users\/1"}],"replies":[{"embeddable":true,"href":"https:\/\/rundgang.museumdurbach.de\/fr\/wp-json\/wp\/v2\/comments?post=2551"}],"version-history":[{"count":5,"href":"https:\/\/rundgang.museumdurbach.de\/fr\/wp-json\/wp\/v2\/pages\/2551\/revisions"}],"predecessor-version":[{"id":10038,"href":"https:\/\/rundgang.museumdurbach.de\/fr\/wp-json\/wp\/v2\/pages\/2551\/revisions\/10038"}],"wp:attachment":[{"href":"https:\/\/rundgang.museumdurbach.de\/fr\/wp-json\/wp\/v2\/media?parent=2551"}],"curies":[{"name":"wp","href":"https:\/\/api.w.org\/{rel}","templated":true}]}}