{"id":2637,"date":"2022-11-20T13:34:58","date_gmt":"2022-11-20T13:34:58","guid":{"rendered":"https:\/\/rundgang.museumdurbach.de\/234-chateau-de-staufenberg\/"},"modified":"2025-08-28T16:05:51","modified_gmt":"2025-08-28T16:05:51","slug":"234-chateau-de-staufenberg","status":"publish","type":"page","link":"https:\/\/rundgang.museumdurbach.de\/fr\/234-chateau-de-staufenberg\/","title":{"rendered":"234 Ch\u00e2teau de Staufenberg"},"content":{"rendered":"\t\t<div data-elementor-type=\"wp-page\" data-elementor-id=\"2637\" class=\"elementor elementor-2637 elementor-2612\">\n\t\t\t\t<div class=\"elementor-element elementor-element-d13494c e-flex e-con-boxed e-con e-parent\" data-id=\"d13494c\" data-element_type=\"container\" data-e-type=\"container\" data-settings=\"{&quot;jet_parallax_layout_list&quot;:[]}\">\n\t\t\t\t\t<div class=\"e-con-inner\">\n\t\t\t\t<div class=\"jupiter-tooltip-widget elementor-element elementor-element-e56c658 elementor-widget elementor-widget-text-editor\" data-jupiter-tooltip-settings=\"{&quot;tooltip&quot;:&quot;&quot;,&quot;tooltipDescription&quot;:&quot;This is Tooltip!&quot;,&quot;tooltipPlacement&quot;:&quot;top&quot;,&quot;tooltipArrow&quot;:true,&quot;xOffset&quot;:0,&quot;yOffset&quot;:0,&quot;tooltipAnimation&quot;:&quot;fade&quot;,&quot;tooltipTrigger&quot;:&quot;mouseenter&quot;,&quot;zIndex&quot;:999,&quot;customSelector&quot;:&quot;&quot;,&quot;delay&quot;:0}\" data-id=\"e56c658\" data-element_type=\"widget\" data-e-type=\"widget\" data-widget_type=\"text-editor.default\">\n\t\t\t\t<div class=\"elementor-widget-container\">\n\t\t\t\t\t\t\t\t\t<p>234 Ch\u00e2teau de Staufenberg<\/p>\n\t\t\t\t\t\t\t\t<\/div>\n\t\t\t\t<\/div>\n\t\t\t\t<div class=\"elementor-element elementor-element-9da6f9b elementor-widget-mobile__width-inherit elementor-widget elementor-widget-jet-images-layout\" data-id=\"9da6f9b\" data-element_type=\"widget\" data-e-type=\"widget\" data-settings=\"{&quot;columns&quot;:&quot;1&quot;}\" data-widget_type=\"jet-images-layout.default\">\n\t\t\t\t<div class=\"elementor-widget-container\">\n\t\t\t\t\t<div class=\"elementor-jet-images-layout jet-elements\">\n<div class=\"jet-images-layout layout-type-grid\" data-settings='{&quot;layoutType&quot;:&quot;grid&quot;,&quot;justifyHeight&quot;:300}'>\n\t<div class=\"jet-images-layout__list col-row disable-cols-gap disable-rows-gap column-desktop-1 column-tablet-2 column-mobile-1\" >\n<div class=\"jet-images-layout__item col-desk-1\">\n\t<div class=\"jet-images-layout__inner\">\n\t\t<div class=\"jet-images-layout__image-loader\"><span><\/span><\/div>\n\t\t<div class=\"jet-images-layout__link \">\n\t\t\t<div class=\"jet-images-layout__image\">\n\t\t\t\t<img decoding=\"async\" class=\"jet-images-layout__image-instance\" src=\"https:\/\/rundgang.museumdurbach.de\/wp-content\/uploads\/2023\/09\/Schlossmodell3a.jpg\" alt=\"Schlossmodell3a\" loading=\"lazy\">\t\t\t<\/div>\n\t\t\t<div class=\"jet-images-layout__content\"><\/div>\n\t\t<\/div>\n\t<\/div>\n<\/div>\n<\/div><\/div>\n<\/div>\t\t\t\t<\/div>\n\t\t\t\t<\/div>\n\t\t\t\t<div class=\"elementor-element elementor-element-d9d537e elementor-widget elementor-widget-text-editor\" data-id=\"d9d537e\" data-element_type=\"widget\" data-e-type=\"widget\" data-widget_type=\"text-editor.default\">\n\t\t\t\t<div class=\"elementor-widget-container\">\n\t\t\t\t\t\t\t\t\t<h6>Maintenant vous \u00eates au centre de notre mus\u00e9e. &nbsp;Le ch\u00e2teau, dont l\u2019existence est document\u00e9e en 1070 d\u00e9j\u00e0, \u00e9tait, pendant des si\u00e8cles, le si\u00e8ge des seigneurs de Staufenberg \u2026<\/h6>\n\t\t\t\t\t\t\t\t<\/div>\n\t\t\t\t<\/div>\n\t\t\t\t<div class=\"elementor-element elementor-element-0aadfc9 elementor-widget__width-inherit elementor-widget-tablet__width-inherit elementor-widget-mobile__width-inherit elementor-widget elementor-widget-text-editor\" data-id=\"0aadfc9\" data-element_type=\"widget\" data-e-type=\"widget\" id=\"234Text\" data-widget_type=\"text-editor.default\">\n\t\t\t\t<div class=\"elementor-widget-container\">\n\t\t\t\t\t\t\t\t\t<h6>qui tenaient une enclave du pays de Bade dans le territoire de l\u2019Ortenau. Avec Wilhelm von Staufenberg, la ligne la plus ancienne de la famille Staufenberg s\u2019\u00e9tait d\u00e9j\u00e0 \u00e9teinte entre 1374 et 1376. Tout de m\u00eame, les familles nobles qui suivaient prenaient aussi le nom de \u00ab Staufenberg \u00bb. Pendant des si\u00e8cles, le ch\u00e2teau \u00e9tait tenu sous forme de ganerbinat, ce qui signifie que jusqu\u2019\u00e0 dix familles pouvaient \u00eatre conjointement propri\u00e9taires et y cohabiter. Tout de m\u00eame, dans les environs du ch\u00e2teau, certaines familles poss\u00e9daient encore d\u2019autres demeures : c\u2019\u00e9taient p. ex. les \u00ab Wiedergr\u00fcn \u00bb avec leur petit ch\u00e2teau fort entour\u00e9 d\u2019eau, la famille Stoll \u00e0 l\u2019ancien ch\u00e2teau Stollenburg, ou aussi la famille Kolb avec sa maison entour\u00e9e d\u2019un foss\u00e9 dans la vall\u00e9e voisine de Bottenau. Probablement, le domaine de Staufenberg \u00e9tait d\u2019abord un fief des ducs de Z\u00e4hringen et par l\u2019interm\u00e9diaire des comtes de Urach-Freiburg et de Eberstein il est entr\u00e9 en possession des Margraves de Bade. <\/h6>\n<h6>Situ\u00e9s sur deux c\u00f4teaux voisins, les deux ch\u00e2teaux, le Stollenburg, \u00e9tant le plus ancien, et le Staufenberg restaient inattaquables jusqu\u2019en 1329, quand ils ont \u00e9t\u00e9 d\u00e9truits dans un conflit des seigneurs de Staufenberg avec l\u2019\u00e9v\u00eaque de Strasbourg. Aujourd\u2019hui, il ne reste que quelques pierres du ch\u00e2teau de Stollenburg. Le Staufenburg cependant a \u00e9t\u00e9 reconstruit.<\/h6>\n<h6>C\u2019est un artiste originaire de B\u00e2le nomm\u00e9 Rappo qui a cr\u00e9\u00e9 la belle maquette du ch\u00e2teau \u00e0 l\u2019aide de plans originaux datant de 1773. Vous pouvez en trouver 3 photos. On a dessin\u00e9 ces plans puisqu\u2019il fallait restaurer le ch\u00e2teau qui avait \u00e9t\u00e9 d\u00e9truit \u00e0 plusieurs reprises. Quelques b\u00e2timents importants n\u2019existent plus aujourd\u2019hui, parce qu\u2019on les a fait d\u00e9monter en 1832 apr\u00e8s que le margrave eut acquis le ch\u00e2teau et les biens qui en d\u00e9pendaient aupr\u00e8s du fisc en tant que propri\u00e9t\u00e9 priv\u00e9e. En particulier, les parties du b\u00e2timent situ\u00e9es du c\u00f4t\u00e9 ouest ont \u00e9t\u00e9 d\u00e9molies. La chapelle St. Georges construite en 1360, \u00e9tait un de ces b\u00e2timents importants. C\u2019est en 1378 que les familles de Staufenberg avaient conclu un contrat avec le monast\u00e8re Allerheiligen, d\u2019apr\u00e8s lequel un chapelain devrait toujours prendre soin de cette \u00e9glise qui \u00e9tait probablement la premi\u00e8re \u00e9glise de Durbach. Mais ce chapelain ne s\u2019occupait que des familles nobles. Les habitants des vall\u00e9es environnantes appartenaient jusqu\u2019au 16e si\u00e8cle aux paroisses des communes voisines. Dans cette chapelle se trouvait une cloche tr\u00e8s ancienne. En cas de danger, on s\u2019en servait pour appeler au secours. Malheureusement, depuis la fin des ann\u00e9es 50, cette cloche est introuvable. (Peut-\u00eatre qu\u2019elle est dans un des archives du Margrave de Bade.) Dans la chapelle et aussi dans le ch\u00e2teau m\u00eame se trouvait un nombre consid\u00e9rable de beaux vitraux, que le margrave avait mis \u00e0 l\u2019abri pendant la deuxi\u00e8me guerre mondiale. Aujourd`hui, ces vitraux sont dans la possession du Land de Bade-Wurttemberg, et on peut les admirer au Landesmuseum \u00e0 Karlsruhe.<\/h6>\n<h6>Pendant les travaux de restauration on a aussi modifi\u00e9 la tour par laquelle on entrait dans le ch\u00e2teau. Au c\u00f4t\u00e9 sud-ouest de la tour on peut encore identifier l\u2019entr\u00e9e originale o\u00f9 il y avait un pont-levis autrefois. Il faut s\u2019imaginer que devant ce ch\u00e2teau se trouvait le mur d\u2019enceinte, encore partiellement existant aujourd\u2019hui, qui faisait le tour du ch\u00e2teau et \u00e9tait ferm\u00e9 par de grandes portes. La partie inf\u00e9rieure de cette tour doit \u00eatre la partie la plus ancienne du ch\u00e2teau.<br \/>Vers 1960, avec l\u2019agrandissement de la cave, on a d\u00e9plac\u00e9 la grande tour, qui jusqu\u2019alors se trouvait au c\u00f4t\u00e9 nord-est de la cave (l\u2019arc de l\u2019entr\u00e9e montre le chiffre 1698), vers le chemin menant au ch\u00e2teau et situ\u00e9 \u00e0 l\u2019est.<\/h6>\n<h6>L\u2019annexe \u00e0 colombage situ\u00e9e un peu en avant est \u00e9galement int\u00e9ressante, avec la maison du puits et une grande roue \u00e0 p\u00e9dales en bois encore bien conserv\u00e9e. Le puits a une profondeur de 48 m\u00e8tres environ, et il \u00e9tait la seule alimentation en eau jusqu\u2019en 1918. En 1918, l\u2019\u00e9lectricit\u00e9 est arriv\u00e9e \u00e0 Durbach et le ch\u00e2telain de cette \u00e9poque-l\u00e0 a fait installer une pompe \u00e9lectrique, qu\u2019on peut voir maintenant dans la cour de ce mus\u00e9e. . Dans la partie nord-est, sous l\u2019appartement et le bureau actuels du r\u00e9gisseur du domaine, se trouvait autrefois le cachot.  Aujourd\u2019hui, l\u2019acc\u00e8s n\u2019est plus possible, on ne peut en voir qu\u2019une petite fente d\u2019a\u00e9ration dans la muraille. En 1823, on a install\u00e9 la prison communale dans l\u2019ancienne mairie de Durbach, pr\u00e8s de l\u2019\u00e9glise. Au mur, vous pouvez d\u00e9couvrir des cha\u00eenes de pied qui ne proviennent pas de ce cachot, mais d\u2019un autre ch\u00e2teau \u00e0 proximit\u00e9 de Durbach.<\/h6>\n<h6>Il y a quelques ann\u00e9es, notre association, qui s\u2019occupe du mus\u00e9e, a pu acheter cette belle armure pour 3000 \u20ac \u00e0 l\u2019occasion d\u2019une grande vente aux ench\u00e8res organis\u00e9e par le margrave de Bade.<\/h6>\n<h6>Depuis le 13e si\u00e8cle, on conna\u00eet la l\u00e9gende de la M\u00e9lusine du ch\u00e2teau de Staufenberg. C\u2019est un artiste de Durbach, Werner Halley, qui, d\u2019apr\u00e8s des estampes originales, a r\u00e9alis\u00e9 ces beaux tableaux. La l\u00e9gende de M\u00e9lusine est l\u2019une des plus anciennes \u00e9pop\u00e9es h\u00e9ro\u00efques en moyen haut allemand et l\u2019objet de nombreuses recherches litt\u00e9raires. Il y a quelques ann\u00e9es l\u2019Office de Tourisme a mis l\u2019histoire en sc\u00e8ne dans la cour du mus\u00e9e avec grand succ\u00e8s.<\/h6>\n<h6> <\/h6>\n\t\t\t\t\t\t\t\t<\/div>\n\t\t\t\t<\/div>\n\t\t<div class=\"elementor-element elementor-element-dd8fb14 e-con-full e-flex e-con e-child\" data-id=\"dd8fb14\" data-element_type=\"container\" data-e-type=\"container\" data-settings=\"{&quot;jet_parallax_layout_list&quot;:[]}\">\n\t\t\t\t<div class=\"elementor-element elementor-element-7ac158c elementor-widget-mobile__width-initial elementor-widget__width-auto elementor-widget elementor-widget-jet-view-more\" data-id=\"7ac158c\" data-element_type=\"widget\" data-e-type=\"widget\" data-widget_type=\"jet-view-more.default\">\n\t\t\t\t<div class=\"elementor-widget-container\">\n\t\t\t\t\t<div class=\"jet-view-more\" data-settings=\"{&quot;effect&quot;:&quot;fade&quot;,&quot;hide_effect&quot;:null,&quot;sections&quot;:{&quot;275ebcc&quot;:&quot;234Text&quot;},&quot;showall&quot;:false,&quot;read_less&quot;:false,&quot;read_more_label&quot;:&quot;Continuer &quot;,&quot;read_more_icon&quot;:{&quot;value&quot;:&quot;fas fa-arrow-circle-right&quot;,&quot;library&quot;:&quot;fa-solid&quot;},&quot;read_less_label&quot;:null,&quot;read_less_icon&quot;:null,&quot;hide_all&quot;:false}\"><div class=\"jet-view-more__button\" role=\"button\" tabindex=\"0\"><div class=\"jet-view-more__icon jet-tricks-icon\"><svg aria-hidden=\"true\" class=\"e-font-icon-svg e-fas-arrow-circle-right\" viewBox=\"0 0 512 512\" xmlns=\"http:\/\/www.w3.org\/2000\/svg\"><path d=\"M256 8c137 0 248 111 248 248S393 504 256 504 8 393 8 256 119 8 256 8zm-28.9 143.6l75.5 72.4H120c-13.3 0-24 10.7-24 24v16c0 13.3 10.7 24 24 24h182.6l-75.5 72.4c-9.7 9.3-9.9 24.8-.4 34.3l11 10.9c9.4 9.4 24.6 9.4 33.9 0L404.3 273c9.4-9.4 9.4-24.6 0-33.9L271.6 106.3c-9.4-9.4-24.6-9.4-33.9 0l-11 10.9c-9.5 9.6-9.3 25.1.4 34.4z\"><\/path><\/svg><\/div><div class=\"jet-view-more__label\">Continuer <\/div><\/div><\/div>\t\t\t\t<\/div>\n\t\t\t\t<\/div>\n\t\t\t\t<div class=\"elementor-element elementor-element-43ced1c elementor-widget__width-initial elementor-widget-mobile__width-initial elementor-widget elementor-widget-jet-audio\" data-id=\"43ced1c\" data-element_type=\"widget\" data-e-type=\"widget\" data-widget_type=\"jet-audio.default\">\n\t\t\t\t<div class=\"elementor-widget-container\">\n\t\t\t\t\t<div class=\"elementor-jet-audio jet-elements\">\n\t\t<div class=\"jet-audio jet-audio--fa5-compat\" data-audio-settings=\"{&quot;controls&quot;:[&quot;playpause&quot;,&quot;current&quot;,&quot;progress&quot;,&quot;duration&quot;,&quot;volume&quot;],&quot;startVolume&quot;:0.80000000000000004,&quot;hideVolumeOnTouchDevices&quot;:true}\">\n\t\t\t\t\t\t\t<audio class=\"jet-audio-player\" preload=\"none\" controls=\"\" src=\"https:\/\/rundgang.museumdurbach.de\/wp-content\/uploads\/2023\/05\/234-F.mp3\" width=\"100%\"><\/audio>\n\t\t\t\t\t<\/div>\n\n\t\t<\/div>\t\t\t\t<\/div>\n\t\t\t\t<\/div>\n\t\t\t\t<\/div>\n\t\t\t\t\t<\/div>\n\t\t\t\t<\/div>\n\t\t<div class=\"elementor-element elementor-element-07052de e-flex e-con-boxed e-con e-parent\" data-id=\"07052de\" data-element_type=\"container\" data-e-type=\"container\" data-settings=\"{&quot;jet_parallax_layout_list&quot;:[]}\">\n\t\t\t\t\t<div class=\"e-con-inner\">\n\t\t<div class=\"elementor-element elementor-element-375cbdf e-con-full e-flex e-con e-child\" data-id=\"375cbdf\" data-element_type=\"container\" data-e-type=\"container\" data-settings=\"{&quot;jet_parallax_layout_list&quot;:[]}\">\n\t\t\t\t<div class=\"elementor-element elementor-element-bc33071 elementor-align-left elementor-widget__width-initial elementor-widget elementor-widget-raven-button\" data-id=\"bc33071\" data-element_type=\"widget\" data-e-type=\"widget\" data-settings=\"{&quot;turn_to_popup_action_button&quot;:&quot;no&quot;}\" data-widget_type=\"raven-button.default\">\n\t\t\t\t<div class=\"elementor-widget-container\">\n\t\t\t\t\t\t\t<div class=\"raven-widget-wrapper\">\n\t\t\t<a class=\"raven-button raven-button-widget-normal-effect-none  raven-button-text-align-left raven-button-link elementor-animation-none\" href=\"https:\/\/rundgang.museumdurbach.de\/fr\/230-premier-etage\/\">\t\t\t\t<div class=\"raven-button-overlay\" ><\/div>\n\t\t\t\t<span class=\"raven-button-content\">\n\t\t\t\t\t\n\t\t\t\t\t<div class=\"button-text-container\">\n\t\t\t\t\t\t\t\t\t<span class=\"raven-button-icon raven-button-icon-position-left\">\n\t\t\t\t<svg aria-hidden=\"true\" class=\"e-font-icon-svg e-far-arrow-alt-circle-left\" viewBox=\"0 0 512 512\" xmlns=\"http:\/\/www.w3.org\/2000\/svg\"><path d=\"M8 256c0 137 111 248 248 248s248-111 248-248S393 8 256 8 8 119 8 256zm448 0c0 110.5-89.5 200-200 200S56 366.5 56 256 145.5 56 256 56s200 89.5 200 200zm-72-20v40c0 6.6-5.4 12-12 12H256v67c0 10.7-12.9 16-20.5 8.5l-99-99c-4.7-4.7-4.7-12.3 0-17l99-99c7.6-7.6 20.5-2.2 20.5 8.5v67h116c6.6 0 12 5.4 12 12z\"><\/path><\/svg>\t\t\t<\/span>\n\t\t\t\t\t\t\t\t<div class=\"raven-button-texts-wrapper\">\n\t\t\t\t\t\t\t<div class=\"button-text\">\n\t\t\t\t\t\t\t\t<span class=\"raven-button-text\">\n\t\t\t\t\t\t\t\t\tAper\u00e7u\t\t\t\t\t\t\t\t<\/span>\n\t\t\t\t\t\t\t<\/div>\n\t\t\t\t\t\t\t\t\t\t\t\t\t<\/div>\n\t\t\t\t\t\t\t\t\t\t\t<\/div>\n\t\t\t\t\t\n\t\t\t\t\t\t\t\t\t<\/span>\n\t\t\t<\/a>\t\t<\/div>\n\t\t\t\t\t\t<\/div>\n\t\t\t\t<\/div>\n\t\t\t\t<\/div>\n\t\t<div class=\"elementor-element elementor-element-8f03620 e-con-full e-flex e-con e-child\" data-id=\"8f03620\" data-element_type=\"container\" data-e-type=\"container\" data-settings=\"{&quot;jet_parallax_layout_list&quot;:[]}\">\n\t\t\t\t<\/div>\n\t\t<div class=\"elementor-element elementor-element-12c1a84 e-con-full e-flex e-con e-child\" data-id=\"12c1a84\" data-element_type=\"container\" data-e-type=\"container\" data-settings=\"{&quot;jet_parallax_layout_list&quot;:[]}\">\n\t\t\t\t<div class=\"elementor-element elementor-element-9760d32 elementor-align-right elementor-widget__width-initial elementor-widget elementor-widget-raven-button\" data-id=\"9760d32\" data-element_type=\"widget\" data-e-type=\"widget\" data-settings=\"{&quot;turn_to_popup_action_button&quot;:&quot;no&quot;}\" data-widget_type=\"raven-button.default\">\n\t\t\t\t<div class=\"elementor-widget-container\">\n\t\t\t\t\t\t\t<div class=\"raven-widget-wrapper\">\n\t\t\t<a class=\"raven-button raven-button-widget-normal-effect-none  raven-button-text-align-right raven-button-link elementor-animation-none\" href=\"https:\/\/rundgang.museumdurbach.de\/fr\/235-coffre-au-tresor\/\">\t\t\t\t<div class=\"raven-button-overlay\" ><\/div>\n\t\t\t\t<span class=\"raven-button-content\">\n\t\t\t\t\t\n\t\t\t\t\t<div class=\"button-text-container\">\n\t\t\t\t\t\t\t\t\t\t\t\t<div class=\"raven-button-texts-wrapper\">\n\t\t\t\t\t\t\t<div class=\"button-text\">\n\t\t\t\t\t\t\t\t<span class=\"raven-button-text\">\n\t\t\t\t\t\t\t\t\tTour\t\t\t\t\t\t\t\t<\/span>\n\t\t\t\t\t\t\t<\/div>\n\t\t\t\t\t\t\t\t\t\t\t\t\t<\/div>\n\t\t\t\t\t\t\t\t\t<span class=\"raven-button-icon raven-button-icon-position-right\">\n\t\t\t\t<svg aria-hidden=\"true\" class=\"e-font-icon-svg e-far-arrow-alt-circle-right\" viewBox=\"0 0 512 512\" xmlns=\"http:\/\/www.w3.org\/2000\/svg\"><path d=\"M504 256C504 119 393 8 256 8S8 119 8 256s111 248 248 248 248-111 248-248zm-448 0c0-110.5 89.5-200 200-200s200 89.5 200 200-89.5 200-200 200S56 366.5 56 256zm72 20v-40c0-6.6 5.4-12 12-12h116v-67c0-10.7 12.9-16 20.5-8.5l99 99c4.7 4.7 4.7 12.3 0 17l-99 99c-7.6 7.6-20.5 2.2-20.5-8.5v-67H140c-6.6 0-12-5.4-12-12z\"><\/path><\/svg>\t\t\t<\/span>\n\t\t\t\t\t\t\t<\/div>\n\t\t\t\t\t\n\t\t\t\t\t\t\t\t\t<\/span>\n\t\t\t<\/a>\t\t<\/div>\n\t\t\t\t\t\t<\/div>\n\t\t\t\t<\/div>\n\t\t\t\t<\/div>\n\t\t\t\t\t<\/div>\n\t\t\t\t<\/div>\n\t\t\t\t<\/div>\n\t\t","protected":false},"excerpt":{"rendered":"<p>234 Ch\u00e2teau de Staufenberg Maintenant vous \u00eates au centre de notre mus\u00e9e. &nbsp;Le ch\u00e2teau, dont l\u2019existence est document\u00e9e en 1070 d\u00e9j\u00e0, \u00e9tait, pendant des si\u00e8cles, le si\u00e8ge des seigneurs de Staufenberg \u2026 qui tenaient une enclave du pays de Bade dans le territoire de l\u2019Ortenau. Avec Wilhelm von Staufenberg, la ligne la plus ancienne de [&hellip;]<\/p>\n","protected":false},"author":1,"featured_media":0,"parent":0,"menu_order":0,"comment_status":"closed","ping_status":"closed","template":"","meta":{"_acf_changed":false,"footnotes":""},"class_list":["post-2637","page","type-page","status-publish","hentry"],"acf":[],"_links":{"self":[{"href":"https:\/\/rundgang.museumdurbach.de\/fr\/wp-json\/wp\/v2\/pages\/2637","targetHints":{"allow":["GET"]}}],"collection":[{"href":"https:\/\/rundgang.museumdurbach.de\/fr\/wp-json\/wp\/v2\/pages"}],"about":[{"href":"https:\/\/rundgang.museumdurbach.de\/fr\/wp-json\/wp\/v2\/types\/page"}],"author":[{"embeddable":true,"href":"https:\/\/rundgang.museumdurbach.de\/fr\/wp-json\/wp\/v2\/users\/1"}],"replies":[{"embeddable":true,"href":"https:\/\/rundgang.museumdurbach.de\/fr\/wp-json\/wp\/v2\/comments?post=2637"}],"version-history":[{"count":6,"href":"https:\/\/rundgang.museumdurbach.de\/fr\/wp-json\/wp\/v2\/pages\/2637\/revisions"}],"predecessor-version":[{"id":10041,"href":"https:\/\/rundgang.museumdurbach.de\/fr\/wp-json\/wp\/v2\/pages\/2637\/revisions\/10041"}],"wp:attachment":[{"href":"https:\/\/rundgang.museumdurbach.de\/fr\/wp-json\/wp\/v2\/media?parent=2637"}],"curies":[{"name":"wp","href":"https:\/\/api.w.org\/{rel}","templated":true}]}}