{"id":2850,"date":"2022-11-28T09:56:51","date_gmt":"2022-11-28T09:56:51","guid":{"rendered":"https:\/\/rundgang.museumdurbach.de\/500-foyer-de-cuisson\/"},"modified":"2025-08-28T16:25:45","modified_gmt":"2025-08-28T16:25:45","slug":"500-foyer-de-cuisson","status":"publish","type":"page","link":"https:\/\/rundgang.museumdurbach.de\/fr\/500-foyer-de-cuisson\/","title":{"rendered":"500 Foyer de cuisson"},"content":{"rendered":"\t\t<div data-elementor-type=\"wp-page\" data-elementor-id=\"2850\" class=\"elementor elementor-2850 elementor-2828\">\n\t\t\t\t<div class=\"elementor-element elementor-element-d13494c e-flex e-con-boxed e-con e-parent\" data-id=\"d13494c\" data-element_type=\"container\" data-e-type=\"container\" data-settings=\"{&quot;jet_parallax_layout_list&quot;:[]}\">\n\t\t\t\t\t<div class=\"e-con-inner\">\n\t\t\t\t<div class=\"elementor-element elementor-element-e56c658 elementor-widget elementor-widget-text-editor\" data-id=\"e56c658\" data-element_type=\"widget\" data-e-type=\"widget\" data-widget_type=\"text-editor.default\">\n\t\t\t\t<div class=\"elementor-widget-container\">\n\t\t\t\t\t\t\t\t\t<p>500 Distillerie et fournil<\/p>\n\t\t\t\t\t\t\t\t<\/div>\n\t\t\t\t<\/div>\n\t\t\t\t<div class=\"elementor-element elementor-element-cc2215f elementor-widget-mobile__width-inherit elementor-widget elementor-widget-jet-images-layout\" data-id=\"cc2215f\" data-element_type=\"widget\" data-e-type=\"widget\" data-settings=\"{&quot;columns&quot;:&quot;1&quot;}\" data-widget_type=\"jet-images-layout.default\">\n\t\t\t\t<div class=\"elementor-widget-container\">\n\t\t\t\t\t<div class=\"elementor-jet-images-layout jet-elements\">\n<div class=\"jet-images-layout layout-type-grid\" data-settings='{&quot;layoutType&quot;:&quot;grid&quot;,&quot;justifyHeight&quot;:300}'>\n\t<div class=\"jet-images-layout__list col-row disable-cols-gap disable-rows-gap column-desktop-1 column-tablet-2 column-mobile-1\" >\n<div class=\"jet-images-layout__item col-desk-1\">\n\t<div class=\"jet-images-layout__inner\">\n\t\t<div class=\"jet-images-layout__image-loader\"><span><\/span><\/div>\n\t\t<div class=\"jet-images-layout__link \">\n\t\t\t<div class=\"jet-images-layout__image\">\n\t\t\t\t<img decoding=\"async\" class=\"jet-images-layout__image-instance\" src=\"https:\/\/rundgang.museumdurbach.de\/wp-content\/uploads\/2022\/10\/IMG_5797-scaled.jpg\" alt=\"IMG_5797\" loading=\"lazy\">\t\t\t<\/div>\n\t\t\t<div class=\"jet-images-layout__content\"><\/div>\n\t\t<\/div>\n\t<\/div>\n<\/div>\n<\/div><\/div>\n<\/div>\t\t\t\t<\/div>\n\t\t\t\t<\/div>\n\t\t\t\t<div class=\"elementor-element elementor-element-256cdbf elementor-widget__width-inherit elementor-widget-tablet__width-inherit elementor-widget-mobile__width-inherit elementor-widget elementor-widget-text-editor\" data-id=\"256cdbf\" data-element_type=\"widget\" data-e-type=\"widget\" data-widget_type=\"text-editor.default\">\n\t\t\t\t<div class=\"elementor-widget-container\">\n\t\t\t\t\t\t\t\t\t<p>Le b\u00e2timent comprenant une distillerie et un fournil a \u00e9t\u00e9 reconstruit selon des mod\u00e8les que l\u2019on peut voir encore aujourd\u2019hui dans la commune. &#8230;<\/p>\n\t\t\t\t\t\t\t\t<\/div>\n\t\t\t\t<\/div>\n\t\t\t\t<div class=\"elementor-element elementor-element-6338c87 elementor-widget elementor-widget-text-editor\" data-id=\"6338c87\" data-element_type=\"widget\" data-e-type=\"widget\" id=\"500Text\" data-widget_type=\"text-editor.default\">\n\t\t\t\t<div class=\"elementor-widget-container\">\n\t\t\t\t\t\t\t\t\t<p>On y trouve une chemin\u00e9e ouverte dans laquelle d\u00e9bouchent les conduits de fum\u00e9e du four, de la chaudi\u00e8re de lavage et de la chaudi\u00e8re \u00e0 distiller.<\/p>\n<p>A Durbach, l\u2019agriculture au sens traditionnel du terme, avec l\u2019\u00e9levage de b\u00e9tail, est devenue quasiment inexistante. Seules quelques exploitations dans la zone du Vorberg ou dans le quartier de Gebirg ont encore de l\u2019\u00e9levage. Les terrains agricoles sont en g\u00e9n\u00e9ral de petite taille et en grande partie plant\u00e9s de vergers. Les fruits sont principalement produits pour la chaudi\u00e8re \u00e0 distiller. On distille des cerises, des quetsches, des mirabelles, des prunes, des pommes, des poires et, dans les montagnes, aussi du topinambour. L\u2019eau-de-vie de raisins press\u00e9s, connue \u00e0 l\u2019origine sous le nom de \u201cTrappen\u201d ou \u201cTresterschnaps\u201d, est aujourd\u2019hui \u00e9galement tr\u00e8s pris\u00e9e sous l\u2019appellation fran\u00e7aise \u201cmarc\u201d, par exemple du Riesling et du Traminer.<\/p>\n<p>A Durbach, plus de 300 distilleries sont exploit\u00e9es. Le droit de distiller repose sur une parcelle avec une maison, mais l\u2019exploitation agricole d\u2019une surface de terrain consid\u00e9rable est \u00e9galement n\u00e9cessaire pour y avoir droit. Le droit de distillation permet de produire 300 litres d\u2019esprit-de-vin par an (ce qui correspond \u00e0 environ 600 litres d\u2019eau-de-vie). En raison de l\u2019augmentation constante du nombre de fruits, les droits de distillation ne suffisent presque plus. Les propri\u00e9taires d\u2019arbres fruitiers sans parcelle avec une maison ne peuvent pas produire plus de 50 litres d\u2019esprit-de-vin par an .<\/p>\n<p>Le mus\u00e9e du vin et du patrimoine dispose \u00e9galement d\u2019un petit droit de distillation et organise g\u00e9n\u00e9ralement une distillation de d\u00e9monstration \u00e0 l\u2019occasion du \u201cBurenfeschd\u201d en septembre. L\u2019eau-de-vie obtenue est servie sous le nom de \u00ab Museumsw\u00e4sserle \u00bb \u00e0 l\u2019occasion appropri\u00e9e. Dans la distillerie du mus\u00e9e, on produit du \u201cKirschwasser\u201d (eau-de-vie de cerises) et du \u201c\u00c4rberdiddle\u201d (eau-de-vie d\u2019une esp\u00e8ce rare de pommes) que l\u2019on peut \u00e9galement acheter. Pour cette eau-de-vie de fruits rare, le mus\u00e9e du Vin et du patrimoine a m\u00eame souvent re\u00e7u une m\u00e9daille d\u2019or ou d\u2019argent de l\u2019association des petits distillateurs.<\/p>\n<p>Le four est lui aussi r\u00e9guli\u00e8rement en action. Autrefois, on conservait le pain sur la \u201cpente \u00e0 pain\u201d pendant environ deux semaines. Le four peut contenir environ 20 miches de pain.<\/p>\n\t\t\t\t\t\t\t\t<\/div>\n\t\t\t\t<\/div>\n\t\t<div class=\"elementor-element elementor-element-35a69e9 e-con-full e-flex e-con e-child\" data-id=\"35a69e9\" data-element_type=\"container\" data-e-type=\"container\" data-settings=\"{&quot;jet_parallax_layout_list&quot;:[]}\">\n\t\t\t\t<div class=\"elementor-element elementor-element-b57f762 elementor-widget-mobile__width-initial elementor-widget__width-auto elementor-widget elementor-widget-jet-view-more\" data-id=\"b57f762\" data-element_type=\"widget\" data-e-type=\"widget\" data-widget_type=\"jet-view-more.default\">\n\t\t\t\t<div class=\"elementor-widget-container\">\n\t\t\t\t\t<div class=\"jet-view-more\" data-settings=\"{&quot;effect&quot;:&quot;fade&quot;,&quot;hide_effect&quot;:null,&quot;sections&quot;:{&quot;275ebcc&quot;:&quot;500Text&quot;},&quot;showall&quot;:false,&quot;read_less&quot;:false,&quot;read_more_label&quot;:&quot;Continuer &quot;,&quot;read_more_icon&quot;:{&quot;value&quot;:&quot;fas fa-arrow-circle-right&quot;,&quot;library&quot;:&quot;fa-solid&quot;},&quot;read_less_label&quot;:null,&quot;read_less_icon&quot;:null,&quot;hide_all&quot;:false}\"><div class=\"jet-view-more__button\" role=\"button\" tabindex=\"0\"><div class=\"jet-view-more__icon jet-tricks-icon\"><svg aria-hidden=\"true\" class=\"e-font-icon-svg e-fas-arrow-circle-right\" viewBox=\"0 0 512 512\" xmlns=\"http:\/\/www.w3.org\/2000\/svg\"><path d=\"M256 8c137 0 248 111 248 248S393 504 256 504 8 393 8 256 119 8 256 8zm-28.9 143.6l75.5 72.4H120c-13.3 0-24 10.7-24 24v16c0 13.3 10.7 24 24 24h182.6l-75.5 72.4c-9.7 9.3-9.9 24.8-.4 34.3l11 10.9c9.4 9.4 24.6 9.4 33.9 0L404.3 273c9.4-9.4 9.4-24.6 0-33.9L271.6 106.3c-9.4-9.4-24.6-9.4-33.9 0l-11 10.9c-9.5 9.6-9.3 25.1.4 34.4z\"><\/path><\/svg><\/div><div class=\"jet-view-more__label\">Continuer <\/div><\/div><\/div>\t\t\t\t<\/div>\n\t\t\t\t<\/div>\n\t\t\t\t<div class=\"elementor-element elementor-element-51e48ba elementor-widget__width-initial elementor-widget-mobile__width-initial elementor-widget elementor-widget-jet-audio\" data-id=\"51e48ba\" data-element_type=\"widget\" data-e-type=\"widget\" data-widget_type=\"jet-audio.default\">\n\t\t\t\t<div class=\"elementor-widget-container\">\n\t\t\t\t\t<div class=\"elementor-jet-audio jet-elements\">\n\t\t<div class=\"jet-audio jet-audio--fa5-compat\" data-audio-settings=\"{&quot;controls&quot;:[&quot;playpause&quot;,&quot;current&quot;,&quot;progress&quot;,&quot;duration&quot;,&quot;volume&quot;],&quot;startVolume&quot;:0.80000000000000004,&quot;hideVolumeOnTouchDevices&quot;:true}\">\n\t\t\t\t\t\t\t<audio class=\"jet-audio-player\" preload=\"none\" controls=\"\" src=\"https:\/\/rundgang.museumdurbach.de\/wp-content\/uploads\/2023\/06\/500-F.mp3\" width=\"100%\"><\/audio>\n\t\t\t\t\t<\/div>\n\n\t\t<\/div>\t\t\t\t<\/div>\n\t\t\t\t<\/div>\n\t\t\t\t<\/div>\n\t\t\t\t\t<\/div>\n\t\t\t\t<\/div>\n\t\t<div class=\"elementor-element elementor-element-5eee379 e-flex e-con-boxed e-con e-parent\" data-id=\"5eee379\" data-element_type=\"container\" data-e-type=\"container\" data-settings=\"{&quot;jet_parallax_layout_list&quot;:[]}\">\n\t\t\t\t\t<div class=\"e-con-inner\">\n\t\t<div class=\"elementor-element elementor-element-ab63846 e-con-full e-flex e-con e-child\" data-id=\"ab63846\" data-element_type=\"container\" data-e-type=\"container\" data-settings=\"{&quot;jet_parallax_layout_list&quot;:[]}\">\n\t\t\t\t<div class=\"elementor-element elementor-element-29ee77b elementor-align-left elementor-widget__width-initial elementor-widget elementor-widget-raven-button\" data-id=\"29ee77b\" data-element_type=\"widget\" data-e-type=\"widget\" data-settings=\"{&quot;turn_to_popup_action_button&quot;:&quot;no&quot;}\" data-widget_type=\"raven-button.default\">\n\t\t\t\t<div class=\"elementor-widget-container\">\n\t\t\t\t\t\t\t<div class=\"raven-widget-wrapper\">\n\t\t\t<a class=\"raven-button raven-button-widget-normal-effect-none  raven-button-text-align-left raven-button-link elementor-animation-none\" href=\"https:\/\/rundgang.museumdurbach.de\/fr\/\">\t\t\t\t<div class=\"raven-button-overlay\" ><\/div>\n\t\t\t\t<span class=\"raven-button-content\">\n\t\t\t\t\t\n\t\t\t\t\t<div class=\"button-text-container\">\n\t\t\t\t\t\t\t\t\t<span class=\"raven-button-icon raven-button-icon-position-left\">\n\t\t\t\t<svg aria-hidden=\"true\" class=\"e-font-icon-svg e-far-arrow-alt-circle-left\" viewBox=\"0 0 512 512\" xmlns=\"http:\/\/www.w3.org\/2000\/svg\"><path d=\"M8 256c0 137 111 248 248 248s248-111 248-248S393 8 256 8 8 119 8 256zm448 0c0 110.5-89.5 200-200 200S56 366.5 56 256 145.5 56 256 56s200 89.5 200 200zm-72-20v40c0 6.6-5.4 12-12 12H256v67c0 10.7-12.9 16-20.5 8.5l-99-99c-4.7-4.7-4.7-12.3 0-17l99-99c7.6-7.6 20.5-2.2 20.5 8.5v67h116c6.6 0 12 5.4 12 12z\"><\/path><\/svg>\t\t\t<\/span>\n\t\t\t\t\t\t\t\t<div class=\"raven-button-texts-wrapper\">\n\t\t\t\t\t\t\t<div class=\"button-text\">\n\t\t\t\t\t\t\t\t<span class=\"raven-button-text\">\n\t\t\t\t\t\t\t\t\tAper\u00e7u\t\t\t\t\t\t\t\t<\/span>\n\t\t\t\t\t\t\t<\/div>\n\t\t\t\t\t\t\t\t\t\t\t\t\t<\/div>\n\t\t\t\t\t\t\t\t\t\t\t<\/div>\n\t\t\t\t\t\n\t\t\t\t\t\t\t\t\t<\/span>\n\t\t\t<\/a>\t\t<\/div>\n\t\t\t\t\t\t<\/div>\n\t\t\t\t<\/div>\n\t\t\t\t<\/div>\n\t\t<div class=\"elementor-element elementor-element-67d14dc e-con-full e-flex e-con e-child\" data-id=\"67d14dc\" data-element_type=\"container\" data-e-type=\"container\" data-settings=\"{&quot;jet_parallax_layout_list&quot;:[]}\">\n\t\t\t\t<\/div>\n\t\t<div class=\"elementor-element elementor-element-57c5e83 e-con-full e-flex e-con e-child\" data-id=\"57c5e83\" data-element_type=\"container\" data-e-type=\"container\" data-settings=\"{&quot;jet_parallax_layout_list&quot;:[]}\">\n\t\t\t\t<div class=\"elementor-element elementor-element-90f5f34 elementor-align-right elementor-widget__width-initial elementor-widget elementor-widget-raven-button\" data-id=\"90f5f34\" data-element_type=\"widget\" data-e-type=\"widget\" data-settings=\"{&quot;turn_to_popup_action_button&quot;:&quot;no&quot;}\" data-widget_type=\"raven-button.default\">\n\t\t\t\t<div class=\"elementor-widget-container\">\n\t\t\t\t\t\t\t<div class=\"raven-widget-wrapper\">\n\t\t\t<a class=\"raven-button raven-button-widget-normal-effect-none  raven-button-text-align-right raven-button-link elementor-animation-none\" href=\"https:\/\/rundgang.museumdurbach.de\/fr\/550-maison-du-moulin\/\">\t\t\t\t<div class=\"raven-button-overlay\" ><\/div>\n\t\t\t\t<span class=\"raven-button-content\">\n\t\t\t\t\t\n\t\t\t\t\t<div class=\"button-text-container\">\n\t\t\t\t\t\t\t\t\t\t\t\t<div class=\"raven-button-texts-wrapper\">\n\t\t\t\t\t\t\t<div class=\"button-text\">\n\t\t\t\t\t\t\t\t<span class=\"raven-button-text\">\n\t\t\t\t\t\t\t\t\tTour\t\t\t\t\t\t\t\t<\/span>\n\t\t\t\t\t\t\t<\/div>\n\t\t\t\t\t\t\t\t\t\t\t\t\t<\/div>\n\t\t\t\t\t\t\t\t\t<span class=\"raven-button-icon raven-button-icon-position-right\">\n\t\t\t\t<svg aria-hidden=\"true\" class=\"e-font-icon-svg e-far-arrow-alt-circle-right\" viewBox=\"0 0 512 512\" xmlns=\"http:\/\/www.w3.org\/2000\/svg\"><path d=\"M504 256C504 119 393 8 256 8S8 119 8 256s111 248 248 248 248-111 248-248zm-448 0c0-110.5 89.5-200 200-200s200 89.5 200 200-89.5 200-200 200S56 366.5 56 256zm72 20v-40c0-6.6 5.4-12 12-12h116v-67c0-10.7 12.9-16 20.5-8.5l99 99c4.7 4.7 4.7 12.3 0 17l-99 99c-7.6 7.6-20.5 2.2-20.5-8.5v-67H140c-6.6 0-12-5.4-12-12z\"><\/path><\/svg>\t\t\t<\/span>\n\t\t\t\t\t\t\t<\/div>\n\t\t\t\t\t\n\t\t\t\t\t\t\t\t\t<\/span>\n\t\t\t<\/a>\t\t<\/div>\n\t\t\t\t\t\t<\/div>\n\t\t\t\t<\/div>\n\t\t\t\t<\/div>\n\t\t\t\t\t<\/div>\n\t\t\t\t<\/div>\n\t\t\t\t<\/div>\n\t\t","protected":false},"excerpt":{"rendered":"<p>500 Distillerie et fournil Le b\u00e2timent comprenant une distillerie et un fournil a \u00e9t\u00e9 reconstruit selon des mod\u00e8les que l\u2019on peut voir encore aujourd\u2019hui dans la commune. &#8230; On y trouve une chemin\u00e9e ouverte dans laquelle d\u00e9bouchent les conduits de fum\u00e9e du four, de la chaudi\u00e8re de lavage et de la chaudi\u00e8re \u00e0 distiller. A [&hellip;]<\/p>\n","protected":false},"author":1,"featured_media":0,"parent":0,"menu_order":0,"comment_status":"closed","ping_status":"closed","template":"","meta":{"_acf_changed":false,"footnotes":""},"class_list":["post-2850","page","type-page","status-publish","hentry"],"acf":[],"_links":{"self":[{"href":"https:\/\/rundgang.museumdurbach.de\/fr\/wp-json\/wp\/v2\/pages\/2850","targetHints":{"allow":["GET"]}}],"collection":[{"href":"https:\/\/rundgang.museumdurbach.de\/fr\/wp-json\/wp\/v2\/pages"}],"about":[{"href":"https:\/\/rundgang.museumdurbach.de\/fr\/wp-json\/wp\/v2\/types\/page"}],"author":[{"embeddable":true,"href":"https:\/\/rundgang.museumdurbach.de\/fr\/wp-json\/wp\/v2\/users\/1"}],"replies":[{"embeddable":true,"href":"https:\/\/rundgang.museumdurbach.de\/fr\/wp-json\/wp\/v2\/comments?post=2850"}],"version-history":[{"count":8,"href":"https:\/\/rundgang.museumdurbach.de\/fr\/wp-json\/wp\/v2\/pages\/2850\/revisions"}],"predecessor-version":[{"id":10080,"href":"https:\/\/rundgang.museumdurbach.de\/fr\/wp-json\/wp\/v2\/pages\/2850\/revisions\/10080"}],"wp:attachment":[{"href":"https:\/\/rundgang.museumdurbach.de\/fr\/wp-json\/wp\/v2\/media?parent=2850"}],"curies":[{"name":"wp","href":"https:\/\/api.w.org\/{rel}","templated":true}]}}