{"id":2878,"date":"2023-01-07T13:37:12","date_gmt":"2023-01-07T13:37:12","guid":{"rendered":"https:\/\/rundgang.museumdurbach.de\/280-dernier-etage\/"},"modified":"2025-08-28T16:14:12","modified_gmt":"2025-08-28T16:14:12","slug":"280-dernier-etage","status":"publish","type":"page","link":"https:\/\/rundgang.museumdurbach.de\/fr\/280-dernier-etage\/","title":{"rendered":"280 Dernier \u00e9tage"},"content":{"rendered":"\t\t<div data-elementor-type=\"wp-page\" data-elementor-id=\"2878\" class=\"elementor elementor-2878 elementor-2858\">\n\t\t\t\t<div class=\"elementor-element elementor-element-d13494c e-flex e-con-boxed e-con e-parent\" data-id=\"d13494c\" data-element_type=\"container\" data-e-type=\"container\" data-settings=\"{&quot;jet_parallax_layout_list&quot;:[]}\">\n\t\t\t\t\t<div class=\"e-con-inner\">\n\t\t\t\t<div class=\"jupiter-tooltip-widget elementor-element elementor-element-e56c658 elementor-widget elementor-widget-text-editor\" data-jupiter-tooltip-settings=\"{&quot;tooltip&quot;:&quot;&quot;,&quot;tooltipDescription&quot;:&quot;This is Tooltip!&quot;,&quot;tooltipPlacement&quot;:&quot;top&quot;,&quot;tooltipArrow&quot;:true,&quot;xOffset&quot;:0,&quot;yOffset&quot;:0,&quot;tooltipAnimation&quot;:&quot;fade&quot;,&quot;tooltipTrigger&quot;:&quot;mouseenter&quot;,&quot;zIndex&quot;:999,&quot;customSelector&quot;:&quot;&quot;,&quot;delay&quot;:0}\" data-id=\"e56c658\" data-element_type=\"widget\" data-e-type=\"widget\" data-widget_type=\"text-editor.default\">\n\t\t\t\t<div class=\"elementor-widget-container\">\n\t\t\t\t\t\t\t\t\t<p>280 Dernier \u00e9tage<\/p>\n\t\t\t\t\t\t\t\t<\/div>\n\t\t\t\t<\/div>\n\t\t\t\t<div class=\"elementor-element elementor-element-921abb6 elementor-widget-mobile__width-inherit elementor-widget elementor-widget-jet-images-layout\" data-id=\"921abb6\" data-element_type=\"widget\" data-e-type=\"widget\" data-settings=\"{&quot;columns&quot;:&quot;1&quot;}\" data-widget_type=\"jet-images-layout.default\">\n\t\t\t\t<div class=\"elementor-widget-container\">\n\t\t\t\t\t<div class=\"elementor-jet-images-layout jet-elements\">\n<div class=\"jet-images-layout layout-type-grid\" data-settings='{&quot;layoutType&quot;:&quot;grid&quot;,&quot;justifyHeight&quot;:300}'>\n\t<div class=\"jet-images-layout__list col-row disable-cols-gap disable-rows-gap column-desktop-1 column-tablet-2 column-mobile-1\" >\n<div class=\"jet-images-layout__item col-desk-1\">\n\t<div class=\"jet-images-layout__inner\">\n\t\t<div class=\"jet-images-layout__image-loader\"><span><\/span><\/div>\n\t\t<div class=\"jet-images-layout__link \">\n\t\t\t<div class=\"jet-images-layout__image\">\n\t\t\t\t<img decoding=\"async\" class=\"jet-images-layout__image-instance\" src=\"https:\/\/rundgang.museumdurbach.de\/wp-content\/uploads\/2023\/01\/IMG_0143-scaled.jpg\" alt=\"IMG_0143\" loading=\"lazy\">\t\t\t<\/div>\n\t\t\t<div class=\"jet-images-layout__content\"><\/div>\n\t\t<\/div>\n\t<\/div>\n<\/div>\n<\/div><\/div>\n<\/div>\t\t\t\t<\/div>\n\t\t\t\t<\/div>\n\t\t\t\t<div class=\"elementor-element elementor-element-256cdbf elementor-widget__width-inherit elementor-widget-tablet__width-inherit elementor-widget-mobile__width-inherit elementor-widget elementor-widget-text-editor\" data-id=\"256cdbf\" data-element_type=\"widget\" data-e-type=\"widget\" data-widget_type=\"text-editor.default\">\n\t\t\t\t<div class=\"elementor-widget-container\">\n\t\t\t\t\t\t\t\t\t<p>Le grenier est consacr\u00e9 \u00e0 la culture de la vigne. On y trouve les m\u00e9thodes historiques de plantation, de culture et de r\u00e9colte ainsi que les outils correspondants, dont certains ont \u00e9t\u00e9 tr\u00e8s bien restaur\u00e9s. &#8230;<\/p>\n\t\t\t\t\t\t\t\t<\/div>\n\t\t\t\t<\/div>\n\t\t\t\t<div class=\"elementor-element elementor-element-07051de elementor-widget__width-inherit elementor-widget-tablet__width-inherit elementor-widget-mobile__width-inherit elementor-widget elementor-widget-text-editor\" data-id=\"07051de\" data-element_type=\"widget\" data-e-type=\"widget\" id=\"280Text\" data-widget_type=\"text-editor.default\">\n\t\t\t\t<div class=\"elementor-widget-container\">\n\t\t\t\t\t\t\t\t\t<p><b style=\"color: var( --e-global-color-secondary ); background-color: rgba(237, 216, 133, 0);\">Les vignes <\/b><span style=\"color: var( --e-global-color-secondary ); background-color: rgba(237, 216, 133, 0);\">\u00e9taient autrefois toujours maintenues propres, contrairement \u00e0 la v\u00e9g\u00e9talisation actuelle. Cela augmentait le risque de dommages caus\u00e9s par le ruissellement. Souvent, il fallait rapporter p\u00e9niblement la terre emport\u00e9e dans les vignes. Dans les temps anciens, il n\u2019y avait que tr\u00e8s peu de voies carrossables dans les vignes, la plupart du temps il s\u2019agissait d\u2019\u00e9troits sentiers p\u00e9destres et d\u2019escaliers de pierre raides par lesquels tout le transport devait \u00eatre effectu\u00e9, m\u00eame pendant les vendanges. <\/span><\/p>\n<p><span style=\"font-weight: bold;\">Les piquets de vigne<\/span> \u00e9taient fabriqu\u00e9s \u00e0 partir du bois de ch\u00e2taignier. <span style=\"font-weight: bold;\">Les paniers \u00e0 dos \u00e9taient<\/span> \u00e9galement en bois de ch\u00e2taignier. Ils \u00e9taient utilis\u00e9s pour transporter du fumier, de la terre et bien d\u2019autres choses encore. <span style=\"color: var( --e-global-color-secondary ); background-color: rgba(237, 216, 133, 0);\"><span style=\"font-weight: bold;\">Les outils en fers<\/span> servaient \u00e0 enfoncer les piquets de vigne dans la terre. Le fer \u00e9tait fix\u00e9 au pied par une lani\u00e8re. Pour cela, il fallait des chaussures solides. Diverses <span style=\"font-weight: bold;\">houes<\/span>, pioches et autres outils pour le travail du sol dans les vignobles y sont \u00e9galement expos\u00e9s.<\/span><\/p>\n<p><b>Les couteaux \u00e0 vigne<\/b> \u00e9taient autrefois le seul outil pour tailler les vignes (voir aussi la vitrine au rez-de-chauss\u00e9e). Aujourd\u2019hui, le couteau \u00e0 vigne de diff\u00e9rentes formes et tailles est encore souvent utilis\u00e9 pour les \u201cboutures de vignes\u201d, afin de d\u00e9chirer la rabane ou les ficelles de liage.<\/p>\n<p>Plus tard, les <b>s\u00e9cateurs<\/b> sont apparus pour la taille de la vigne en hiver ou au printemps. Les vieux rameaux ou les rameaux en surnombre doivent \u00eatre enlev\u00e9s par le viticulteur afin que de nouvelles pousses et de nouveaux rameaux puissent apparaitre. En taillant la vigne, le viticulteur peut \u00e9viter une charge excessive ou une v\u00e9g\u00e9tation sauvage et ainsi r\u00e9guler le rendement. Un rendement r\u00e9gul\u00e9, c\u2019est-\u00e0-dire r\u00e9duit, donne en g\u00e9n\u00e9ral des raisins de meilleure qualit\u00e9.<\/p>\n<p><b>Des saules t\u00eatards<\/b> \u00e9taient plant\u00e9s le long des ruisseaux et des foss\u00e9s et leurs branches \u00e9taient largement utilis\u00e9es dans la viticulture. Les branches flexibles des saules \u00e9taient nettoy\u00e9es dans le salon pendant l\u2019hiver. Les branches petites et fines servaient ensuite \u00e0 attacher les vignes, tandis que les branches plus \u00e9paisses \u00e9taient utilis\u00e9es par les vanniers.<\/p>\n<p><b>Le gardien de vigne<\/b> veillait \u00e0 l\u2019ordre et au respect des r\u00e8gles dans les vignes. <span style=\"color: var( --e-global-color-secondary ); background-color: rgba(237, 216, 133, 0);\">Ainsi, au d\u00e9but de la maturation des raisins, les vignes ont \u00e9t\u00e9 ferm\u00e9es sur ordre des autorit\u00e9s r\u00e9gionales. Seuls les propri\u00e9taires<\/span><span style=\"color: var( --e-global-color-secondary ); background-color: rgba(237, 216, 133, 0);\"> ou les exploitants des vignobles concern\u00e9s \u00e9taient exempts de l\u2019interdiction de se promener dans les vignes.<\/span><\/p>\n<p>Autrefois, la <b>mise en valeur<\/b> des terrains pour la viticulture \u00e9tait une activit\u00e9 laborieuse. <span style=\"color: var( --e-global-color-secondary ); background-color: rgba(237, 216, 133, 0);\">Avant l\u2019utilisation d\u2019excavatrices et de bulldozers, le terrain souvent pierreux devait \u00eatre retourn\u00e9 (creus\u00e9) \u00e0 l\u2019aide de pioches et de houes. Les outils de concassage utilis\u00e9s \u00e0 cet effet sont expos\u00e9s ici. C\u2019est par exemple de cette mani\u00e8re qu\u2019a \u00e9t\u00e9 am\u00e9nag\u00e9, entre 1859 et 1864, l\u2019actuel vignoble en pente du Plauelrain, destin\u00e9 aux habitants de la ville. Autrefois, la montagne avait \u00e9t\u00e9 utilis\u00e9e pour l\u2019extraction de minerai de fer ; l\u2019actuelle fontaine de Plauelrain utilise encore l\u2019un des anciens puits de mine. La for\u00eat de moindre qualit\u00e9 qui s&rsquo;est ensuite form\u00e9e a \u00e9t\u00e9 p\u00e9niblement d\u00e9frich\u00e9e pour cr\u00e9er un vignoble.<\/span><\/p>\n<p><span style=\"color: var( --e-global-color-secondary ); background-color: rgba(237, 216, 133, 0);\">Une photo montre la mise en place<\/span> <b style=\"color: var( --e-global-color-secondary ); background-color: rgba(237, 216, 133, 0);\">de la premi\u00e8re installation de fils de fer et de cadres<\/b><span style=\"color: var( --e-global-color-secondary ); background-color: rgba(237, 216, 133, 0);\"> au domaine viticole Zorn von Bulach, aujourd\u2019hui domaine du comte Metternich. On y trouve \u00e9galement la repr\u00e9sentation d\u2019un des premiers treuils \u00e0 c\u00e2ble pour le travail du sol, datant des ann\u00e9es 1930. Des poulies de renvoi pour le c\u00e2ble \u00e9taient g\u00e9n\u00e9ralement n\u00e9cessaires en raison du relief.<\/span><\/p>\n<p><span style=\"color: var( --e-global-color-secondary ); background-color: rgba(237, 216, 133, 0);\">Une autre photo datant de 1900 montre la plantation d\u2019un vignoble avec des <b>\u201cvignes \u00e0 racines propres\u201d<\/b>. Des sarments de vigne \u00e9taient pos\u00e9s dans un foss\u00e9 et remont\u00e9s sur des piquets appel\u00e9s \u201cKrefzensteckle\u201d. Un an apr\u00e8s, une branche a \u00e9t\u00e9 enfouie plus loin dans le sol jusqu\u2019\u00e0 la rang\u00e9e suivante. Le sol \u00e9tait donc totalement enracin\u00e9 et il \u00e9tait impossible de le travailler avec une charrue.<\/span><\/p>\n<p>Avec la propagation du <b>phyllox\u00e9ra<\/b> \u00e0 partir de 1900, les vignes \u00e0 racines propres ont \u00e9t\u00e9 de plus en plus endommag\u00e9es. Les tentatives de d\u00e9barrasser les vignes de ce ravageur par des traitements au soufre dans le sol \u00e0 l\u2019aide d\u2019un pulv\u00e9risateur, comme celui expos\u00e9 ici, n\u2019ont gu\u00e8re eu de succ\u00e8s. C\u2019est pourquoi, \u00e0 la fin des ann\u00e9es 1920, on a commenc\u00e9 \u00e0 utiliser des vignes greff\u00e9es pour les nouvelles plantations. Les porte-greffes sont r\u00e9sistants au phyllox\u00e9ra. Les premiers greffages ont \u00e9t\u00e9 r\u00e9alis\u00e9s par les viticulteurs de Durbach au ch\u00e2teau de Staufenberg, comme on peut le voir sur une photo. Dans les ann\u00e9es 1930, les vignes \u00e0 racines propres ont finalement \u00e9t\u00e9 interdites dans les nouvelles plantations afin d\u2019\u00e9viter une propagation encore plus importante du phyllox\u00e9ra. <\/p>\n<p>Ce n\u2019est qu\u2019\u00e0 partir de 1900 environ que de v\u00e9ritables <b>mesures phytosanitaires<\/b> ont \u00e9t\u00e9 mises en \u0153uvre. Les diff\u00e9rents appareils de pulv\u00e9risation montrent le travail p\u00e9nible de l\u2019\u00e9poque. C\u2019est avec le pulv\u00e9risateur dorsal \u00e0 air comprim\u00e9 que ce travail difficile a d\u00fb \u00eatre accompli. Le liquide \u00e0 pulveriser et l\u2019air comprim\u00e9 ont \u00e9t\u00e9 pomp\u00e9s dans le r\u00e9servoir sous pression \u00e0 l\u2019aide de la pompe de remplissage repr\u00e9sent\u00e9e. Des substances toxiques tr\u00e8s puissantes, aujourd\u2019hui interdites, \u00e9taient utilis\u00e9es pour lutter contre les parasites. Aujourd\u2019hui, on renonce presque totalement aux produits toxiques dans les vignes. Pour lutter contre les parasites, par exemple contre le ver de la grappe ou ver de vendange, on utilise des moyens biologiques, en particulier des ph\u00e9romones. Des substances odorantes contenues dans des capsules font en sorte que les mites m\u00e2les ne trouvent pas les femelles. Toutefois, les pulv\u00e9risations restent n\u00e9cessaires pour traiter les mycoses. Aujourd&rsquo;hui, on utilise surtout des pulv\u00e9risateurs qui permettent de pulv\u00e9riser jusqu&rsquo;\u00e0 environ 30 m de profondeur dans les rangs de vigne. De plus, il y a aujourd\u2019hui une mani\u00e8re encore plus cibl\u00e9e pour prot\u00e9ger les cultures : l\u2019utilisation de drones.<\/p>\n\t\t\t\t\t\t\t\t<\/div>\n\t\t\t\t<\/div>\n\t\t<div class=\"elementor-element elementor-element-1383c90 e-con-full e-flex e-con e-child\" data-id=\"1383c90\" data-element_type=\"container\" data-e-type=\"container\" data-settings=\"{&quot;jet_parallax_layout_list&quot;:[]}\">\n\t\t\t\t<div class=\"elementor-element elementor-element-e1f85bb elementor-widget-mobile__width-initial elementor-widget__width-auto elementor-widget elementor-widget-jet-view-more\" data-id=\"e1f85bb\" data-element_type=\"widget\" data-e-type=\"widget\" data-widget_type=\"jet-view-more.default\">\n\t\t\t\t<div class=\"elementor-widget-container\">\n\t\t\t\t\t<div class=\"jet-view-more\" data-settings=\"{&quot;effect&quot;:&quot;fade&quot;,&quot;hide_effect&quot;:null,&quot;sections&quot;:{&quot;275ebcc&quot;:&quot;280Text&quot;},&quot;showall&quot;:false,&quot;read_less&quot;:false,&quot;read_more_label&quot;:&quot;Continuer &quot;,&quot;read_more_icon&quot;:{&quot;value&quot;:&quot;fas fa-arrow-circle-right&quot;,&quot;library&quot;:&quot;fa-solid&quot;},&quot;read_less_label&quot;:null,&quot;read_less_icon&quot;:null,&quot;hide_all&quot;:false}\"><div class=\"jet-view-more__button\" role=\"button\" tabindex=\"0\"><div class=\"jet-view-more__icon jet-tricks-icon\"><svg aria-hidden=\"true\" class=\"e-font-icon-svg e-fas-arrow-circle-right\" viewBox=\"0 0 512 512\" xmlns=\"http:\/\/www.w3.org\/2000\/svg\"><path d=\"M256 8c137 0 248 111 248 248S393 504 256 504 8 393 8 256 119 8 256 8zm-28.9 143.6l75.5 72.4H120c-13.3 0-24 10.7-24 24v16c0 13.3 10.7 24 24 24h182.6l-75.5 72.4c-9.7 9.3-9.9 24.8-.4 34.3l11 10.9c9.4 9.4 24.6 9.4 33.9 0L404.3 273c9.4-9.4 9.4-24.6 0-33.9L271.6 106.3c-9.4-9.4-24.6-9.4-33.9 0l-11 10.9c-9.5 9.6-9.3 25.1.4 34.4z\"><\/path><\/svg><\/div><div class=\"jet-view-more__label\">Continuer <\/div><\/div><\/div>\t\t\t\t<\/div>\n\t\t\t\t<\/div>\n\t\t\t\t<div class=\"elementor-element elementor-element-71a0ef0 elementor-widget__width-initial elementor-widget-mobile__width-initial elementor-widget elementor-widget-jet-audio\" data-id=\"71a0ef0\" data-element_type=\"widget\" data-e-type=\"widget\" data-widget_type=\"jet-audio.default\">\n\t\t\t\t<div class=\"elementor-widget-container\">\n\t\t\t\t\t<div class=\"elementor-jet-audio jet-elements\">\n\t\t<div class=\"jet-audio jet-audio--fa5-compat\" data-audio-settings=\"{&quot;controls&quot;:[&quot;playpause&quot;,&quot;current&quot;,&quot;progress&quot;,&quot;duration&quot;,&quot;volume&quot;],&quot;startVolume&quot;:0.80000000000000004,&quot;hideVolumeOnTouchDevices&quot;:true}\">\n\t\t\t\t\t\t\t<audio class=\"jet-audio-player\" preload=\"none\" controls=\"\" src=\"https:\/\/rundgang.museumdurbach.de\/wp-content\/uploads\/2023\/06\/280-F.mp3\" width=\"100%\"><\/audio>\n\t\t\t\t\t<\/div>\n\n\t\t<\/div>\t\t\t\t<\/div>\n\t\t\t\t<\/div>\n\t\t\t\t<\/div>\n\t\t\t\t\t<\/div>\n\t\t\t\t<\/div>\n\t\t<div class=\"elementor-element elementor-element-5fe4a02 e-flex e-con-boxed e-con e-parent\" data-id=\"5fe4a02\" data-element_type=\"container\" data-e-type=\"container\" data-settings=\"{&quot;jet_parallax_layout_list&quot;:[]}\">\n\t\t\t\t\t<div class=\"e-con-inner\">\n\t\t<div class=\"elementor-element elementor-element-411b964 e-con-full e-flex e-con e-child\" data-id=\"411b964\" data-element_type=\"container\" data-e-type=\"container\" data-settings=\"{&quot;jet_parallax_layout_list&quot;:[]}\">\n\t\t\t\t<div class=\"elementor-element elementor-element-13b1e61 elementor-align-left elementor-widget__width-initial elementor-widget elementor-widget-raven-button\" data-id=\"13b1e61\" data-element_type=\"widget\" data-e-type=\"widget\" data-settings=\"{&quot;turn_to_popup_action_button&quot;:&quot;no&quot;}\" data-widget_type=\"raven-button.default\">\n\t\t\t\t<div class=\"elementor-widget-container\">\n\t\t\t\t\t\t\t<div class=\"raven-widget-wrapper\">\n\t\t\t<a class=\"raven-button raven-button-widget-normal-effect-none  raven-button-text-align-left raven-button-link elementor-animation-none\" href=\"https:\/\/rundgang.museumdurbach.de\/fr\/200-maison-principale\/\">\t\t\t\t<div class=\"raven-button-overlay\" ><\/div>\n\t\t\t\t<span class=\"raven-button-content\">\n\t\t\t\t\t\n\t\t\t\t\t<div class=\"button-text-container\">\n\t\t\t\t\t\t\t\t\t<span class=\"raven-button-icon raven-button-icon-position-left\">\n\t\t\t\t<svg aria-hidden=\"true\" class=\"e-font-icon-svg e-far-arrow-alt-circle-left\" viewBox=\"0 0 512 512\" xmlns=\"http:\/\/www.w3.org\/2000\/svg\"><path d=\"M8 256c0 137 111 248 248 248s248-111 248-248S393 8 256 8 8 119 8 256zm448 0c0 110.5-89.5 200-200 200S56 366.5 56 256 145.5 56 256 56s200 89.5 200 200zm-72-20v40c0 6.6-5.4 12-12 12H256v67c0 10.7-12.9 16-20.5 8.5l-99-99c-4.7-4.7-4.7-12.3 0-17l99-99c7.6-7.6 20.5-2.2 20.5 8.5v67h116c6.6 0 12 5.4 12 12z\"><\/path><\/svg>\t\t\t<\/span>\n\t\t\t\t\t\t\t\t<div class=\"raven-button-texts-wrapper\">\n\t\t\t\t\t\t\t<div class=\"button-text\">\n\t\t\t\t\t\t\t\t<span class=\"raven-button-text\">\n\t\t\t\t\t\t\t\t\tAper\u00e7u\t\t\t\t\t\t\t\t<\/span>\n\t\t\t\t\t\t\t<\/div>\n\t\t\t\t\t\t\t\t\t\t\t\t\t<\/div>\n\t\t\t\t\t\t\t\t\t\t\t<\/div>\n\t\t\t\t\t\n\t\t\t\t\t\t\t\t\t<\/span>\n\t\t\t<\/a>\t\t<\/div>\n\t\t\t\t\t\t<\/div>\n\t\t\t\t<\/div>\n\t\t\t\t<\/div>\n\t\t<div class=\"elementor-element elementor-element-8418eda e-con-full e-flex e-con e-child\" data-id=\"8418eda\" data-element_type=\"container\" data-e-type=\"container\" data-settings=\"{&quot;jet_parallax_layout_list&quot;:[]}\">\n\t\t\t\t<\/div>\n\t\t<div class=\"elementor-element elementor-element-fbec66d e-con-full e-flex e-con e-child\" data-id=\"fbec66d\" data-element_type=\"container\" data-e-type=\"container\" data-settings=\"{&quot;jet_parallax_layout_list&quot;:[]}\">\n\t\t\t\t<div class=\"elementor-element elementor-element-7800c60 elementor-align-right elementor-widget__width-initial elementor-widget elementor-widget-raven-button\" data-id=\"7800c60\" data-element_type=\"widget\" data-e-type=\"widget\" data-settings=\"{&quot;turn_to_popup_action_button&quot;:&quot;no&quot;}\" data-widget_type=\"raven-button.default\">\n\t\t\t\t<div class=\"elementor-widget-container\">\n\t\t\t\t\t\t\t<div class=\"raven-widget-wrapper\">\n\t\t\t<a class=\"raven-button raven-button-widget-normal-effect-none  raven-button-text-align-right raven-button-link elementor-animation-none\" href=\"https:\/\/rundgang.museumdurbach.de\/fr\/290-cave-a-vin\/\">\t\t\t\t<div class=\"raven-button-overlay\" ><\/div>\n\t\t\t\t<span class=\"raven-button-content\">\n\t\t\t\t\t\n\t\t\t\t\t<div class=\"button-text-container\">\n\t\t\t\t\t\t\t\t\t\t\t\t<div class=\"raven-button-texts-wrapper\">\n\t\t\t\t\t\t\t<div class=\"button-text\">\n\t\t\t\t\t\t\t\t<span class=\"raven-button-text\">\n\t\t\t\t\t\t\t\t\tTour\t\t\t\t\t\t\t\t<\/span>\n\t\t\t\t\t\t\t<\/div>\n\t\t\t\t\t\t\t\t\t\t\t\t\t<\/div>\n\t\t\t\t\t\t\t\t\t<span class=\"raven-button-icon raven-button-icon-position-right\">\n\t\t\t\t<svg aria-hidden=\"true\" class=\"e-font-icon-svg e-far-arrow-alt-circle-right\" viewBox=\"0 0 512 512\" xmlns=\"http:\/\/www.w3.org\/2000\/svg\"><path d=\"M504 256C504 119 393 8 256 8S8 119 8 256s111 248 248 248 248-111 248-248zm-448 0c0-110.5 89.5-200 200-200s200 89.5 200 200-89.5 200-200 200S56 366.5 56 256zm72 20v-40c0-6.6 5.4-12 12-12h116v-67c0-10.7 12.9-16 20.5-8.5l99 99c4.7 4.7 4.7 12.3 0 17l-99 99c-7.6 7.6-20.5 2.2-20.5-8.5v-67H140c-6.6 0-12-5.4-12-12z\"><\/path><\/svg>\t\t\t<\/span>\n\t\t\t\t\t\t\t<\/div>\n\t\t\t\t\t\n\t\t\t\t\t\t\t\t\t<\/span>\n\t\t\t<\/a>\t\t<\/div>\n\t\t\t\t\t\t<\/div>\n\t\t\t\t<\/div>\n\t\t\t\t<\/div>\n\t\t\t\t\t<\/div>\n\t\t\t\t<\/div>\n\t\t\t\t<\/div>\n\t\t","protected":false},"excerpt":{"rendered":"<p>280 Dernier \u00e9tage Le grenier est consacr\u00e9 \u00e0 la culture de la vigne. On y trouve les m\u00e9thodes historiques de plantation, de culture et de r\u00e9colte ainsi que les outils correspondants, dont certains ont \u00e9t\u00e9 tr\u00e8s bien restaur\u00e9s. &#8230; Les vignes \u00e9taient autrefois toujours maintenues propres, contrairement \u00e0 la v\u00e9g\u00e9talisation actuelle. Cela augmentait le risque [&hellip;]<\/p>\n","protected":false},"author":1,"featured_media":0,"parent":0,"menu_order":0,"comment_status":"closed","ping_status":"closed","template":"","meta":{"_acf_changed":false,"footnotes":""},"class_list":["post-2878","page","type-page","status-publish","hentry"],"acf":[],"_links":{"self":[{"href":"https:\/\/rundgang.museumdurbach.de\/fr\/wp-json\/wp\/v2\/pages\/2878","targetHints":{"allow":["GET"]}}],"collection":[{"href":"https:\/\/rundgang.museumdurbach.de\/fr\/wp-json\/wp\/v2\/pages"}],"about":[{"href":"https:\/\/rundgang.museumdurbach.de\/fr\/wp-json\/wp\/v2\/types\/page"}],"author":[{"embeddable":true,"href":"https:\/\/rundgang.museumdurbach.de\/fr\/wp-json\/wp\/v2\/users\/1"}],"replies":[{"embeddable":true,"href":"https:\/\/rundgang.museumdurbach.de\/fr\/wp-json\/wp\/v2\/comments?post=2878"}],"version-history":[{"count":8,"href":"https:\/\/rundgang.museumdurbach.de\/fr\/wp-json\/wp\/v2\/pages\/2878\/revisions"}],"predecessor-version":[{"id":10059,"href":"https:\/\/rundgang.museumdurbach.de\/fr\/wp-json\/wp\/v2\/pages\/2878\/revisions\/10059"}],"wp:attachment":[{"href":"https:\/\/rundgang.museumdurbach.de\/fr\/wp-json\/wp\/v2\/media?parent=2878"}],"curies":[{"name":"wp","href":"https:\/\/api.w.org\/{rel}","templated":true}]}}