{"id":2906,"date":"2023-01-07T15:30:16","date_gmt":"2023-01-07T15:30:16","guid":{"rendered":"https:\/\/rundgang.museumdurbach.de\/290-cave-a-vin\/"},"modified":"2025-08-28T16:15:17","modified_gmt":"2025-08-28T16:15:17","slug":"290-cave-a-vin","status":"publish","type":"page","link":"https:\/\/rundgang.museumdurbach.de\/fr\/290-cave-a-vin\/","title":{"rendered":"290 Cave \u00e0 vin"},"content":{"rendered":"\t\t<div data-elementor-type=\"wp-page\" data-elementor-id=\"2906\" class=\"elementor elementor-2906 elementor-2889\">\n\t\t\t\t<div class=\"elementor-element elementor-element-d13494c e-flex e-con-boxed e-con e-parent\" data-id=\"d13494c\" data-element_type=\"container\" data-e-type=\"container\" data-settings=\"{&quot;jet_parallax_layout_list&quot;:[]}\">\n\t\t\t\t\t<div class=\"e-con-inner\">\n\t\t\t\t<div class=\"jupiter-tooltip-widget elementor-element elementor-element-e56c658 elementor-widget elementor-widget-text-editor\" data-jupiter-tooltip-settings=\"{&quot;tooltip&quot;:&quot;&quot;,&quot;tooltipDescription&quot;:&quot;This is Tooltip!&quot;,&quot;tooltipPlacement&quot;:&quot;top&quot;,&quot;tooltipArrow&quot;:true,&quot;xOffset&quot;:0,&quot;yOffset&quot;:0,&quot;tooltipAnimation&quot;:&quot;fade&quot;,&quot;tooltipTrigger&quot;:&quot;mouseenter&quot;,&quot;zIndex&quot;:999,&quot;customSelector&quot;:&quot;&quot;,&quot;delay&quot;:0}\" data-id=\"e56c658\" data-element_type=\"widget\" data-e-type=\"widget\" data-widget_type=\"text-editor.default\">\n\t\t\t\t<div class=\"elementor-widget-container\">\n\t\t\t\t\t\t\t\t\t<p>290 Cave \u00e0 vin<\/p>\n\t\t\t\t\t\t\t\t<\/div>\n\t\t\t\t<\/div>\n\t\t\t\t<div class=\"elementor-element elementor-element-921abb6 elementor-widget-mobile__width-inherit elementor-widget elementor-widget-jet-images-layout\" data-id=\"921abb6\" data-element_type=\"widget\" data-e-type=\"widget\" data-settings=\"{&quot;columns&quot;:&quot;1&quot;}\" data-widget_type=\"jet-images-layout.default\">\n\t\t\t\t<div class=\"elementor-widget-container\">\n\t\t\t\t\t<div class=\"elementor-jet-images-layout jet-elements\">\n<div class=\"jet-images-layout layout-type-grid\" data-settings='{&quot;layoutType&quot;:&quot;grid&quot;,&quot;justifyHeight&quot;:300}'>\n\t<div class=\"jet-images-layout__list col-row disable-cols-gap disable-rows-gap column-desktop-1 column-tablet-2 column-mobile-1\" >\n<div class=\"jet-images-layout__item col-desk-1\">\n\t<div class=\"jet-images-layout__inner\">\n\t\t<div class=\"jet-images-layout__image-loader\"><span><\/span><\/div>\n\t\t<div class=\"jet-images-layout__link \">\n\t\t\t<div class=\"jet-images-layout__image\">\n\t\t\t\t<img decoding=\"async\" class=\"jet-images-layout__image-instance\" src=\"https:\/\/rundgang.museumdurbach.de\/wp-content\/uploads\/2023\/01\/IMG_0072-scaled.jpg\" alt=\"IMG_0072\" loading=\"lazy\">\t\t\t<\/div>\n\t\t\t<div class=\"jet-images-layout__content\"><\/div>\n\t\t<\/div>\n\t<\/div>\n<\/div>\n<\/div><\/div>\n<\/div>\t\t\t\t<\/div>\n\t\t\t\t<\/div>\n\t\t\t\t<div class=\"elementor-element elementor-element-256cdbf elementor-widget__width-inherit elementor-widget-tablet__width-inherit elementor-widget-mobile__width-inherit elementor-widget elementor-widget-text-editor\" data-id=\"256cdbf\" data-element_type=\"widget\" data-e-type=\"widget\" data-widget_type=\"text-editor.default\">\n\t\t\t\t<div class=\"elementor-widget-container\">\n\t\t\t\t\t\t\t\t\t<p>La belle cave o\u00f9 nous nous trouvons actuellement nous donne un aper\u00e7u du pass\u00e9 et de l\u2019ancienne technique de vinification. Au milieu de la zone de travail le sol est couvert de dalles en gr\u00e8s. Sous les f\u00fbts nous avons laiss\u00e9 le sol dans l\u00b4\u00e9tat naturel en le couvrant l\u00e9g\u00e8rement d\u00b4un peu de gravier.&nbsp;<\/p>\n\t\t\t\t\t\t\t\t<\/div>\n\t\t\t\t<\/div>\n\t\t\t\t<div class=\"elementor-element elementor-element-07051de elementor-widget__width-inherit elementor-widget-tablet__width-inherit elementor-widget-mobile__width-inherit elementor-widget elementor-widget-text-editor\" data-id=\"07051de\" data-element_type=\"widget\" data-e-type=\"widget\" id=\"290Text\" data-widget_type=\"text-editor.default\">\n\t\t\t\t<div class=\"elementor-widget-container\">\n\t\t\t\t\t\t\t\t\t<p>Le <b>terrain naturel<\/b> est important pour \u00e9viter que l\u00b4air dans la cave ne devienne trop sec et que les f\u00fbts ne se fissurent . Evidemment les f\u00fbts que vous voyez ici ne sont pas tous remplis de vin mais ils sont bien s\u00fbr r\u00e9guli\u00e8rement remplis d\u2019eau afin que le bois ne se r\u00e9tr\u00e9cisse pas trop.<\/p>\n<p>Le plafond de la cave est compartiment\u00e9 par des languettes de bois (\u00ab Holzstakken \u00bb). Ce sont des simples languettes de bois de ch\u00e2taigniers, de ch\u00eanes ou de h\u00eatres qui sont serr\u00e9es dans une rainure des poutres avant d\u00b4\u00eatre taloch\u00e9es d\u2019argile et de paille. Au-dessus de cette couche d\u2019argile se trouve g\u00e9n\u00e9ralement une couche de simple sable de montagne. Cette construction offre une excellente isolation. Le cellier fut repris presque tel quel par le mus\u00e9e, seulement une nouvelle poutre en ch\u00eane solide a d\u00fb \u00eatre pos\u00e9e au cours de la r\u00e9novation du b\u00e2timent.<\/p>\n<p>Passons \u00e0 pr\u00e9sent \u00e0 l\u00b4am\u00e9nagement de ce cellier.<\/p>\n<p>Ici vous pouvez voir une gamme de f\u00fbts de bois magnifiquement sculpt\u00e9s, comme on se les imagine en tant qu\u00b4 amateur de vin. Ils furent fabriqu\u00e9s \u00e0 l\u00b4occasion de diff\u00e9rents \u00e9v\u00e8nements, par exemple comme cadeau pour les noces d\u2019argent, mais \u00e9galement des soi-disant&nbsp; <b>\u00ab f\u00fbts de pr\u00e9mices \u00bb<\/b>&nbsp;, qui furent remis aux nouveaux pr\u00eatres comme cadeaux \u00e0 l\u00b4occasion de la c\u00e9l\u00e9bration de leur premi\u00e8re messe. Souvent ces derniers revendirent \u00e0 leur tour ces f\u00fbts \u00e0 leurs familles ce qui leur fit une belle dot. Le plus petit&nbsp;<b>f\u00fbt<\/b> &nbsp;qui est presque en forme d\u2019\u0153uf est une construction maison d\u00b4un vigneron r\u00e9sidant \u00e0 Bottenau. Vous savez tous que le vin s\u00b4\u00e9vapore peu \u00e0 peu dans le f\u00fbt. Ce f\u00fbt a l\u00b4avantage d\u00b4\u00eatre tr\u00e8s \u00e9troit dans sa partie sup\u00e9rieure r\u00e9duisant ainsi consid\u00e9rablement sa superficie. Le viticulteur veille \u00e0 ce que le moins d\u00b4air possible entre en contact avec le vin afin d\u00b4 \u00e9viter toute oxydation. Trop d\u00b4air au-dessus du vin peut mener \u00e0 une couche de microorganismes sur le vin, ce qui risque de nuire \u00e0 sa qualit\u00e9. C\u00b4est la raison pour laquelle le viticulteur met r\u00e9guli\u00e8rement son doigt dans le trou de la bonde pour v\u00e9rifier la quantit\u00e9 restante du vin. Le f\u00fbt susmentionn\u00e9 en forme d\u00b4\u0153uf offre l\u00b4avantage d\u00b4y pouvoir constater plus facilement la quantit\u00e9 de vin manquante.<\/p>\n<p>Autrefois les viticulteurs n\u00b4avaient que rarement les moyens de profiter eux-m\u00eames de leurs vins. De loin la quantit\u00e9 telle que nous la connaissons aujourd\u00b4hui n\u00b4existait pas encore. C\u00b4est la raison pour laquelle ils \u00e9taient oblig\u00e9s de vendre leur vin aux patrons des bistrots et aux commer\u00e7ants. C\u00b4est la raison pour laquelle ils \u00e9taient oblig\u00e9s de vendre leur vin aux patrons des bistrots et aux commer\u00e7ants.&nbsp;Ce <b>petit f\u00fbt<\/b> contenant une trentaine de litres repr\u00e9sentait en quelque sorte le reste que le vigneron gardait pour lui-m\u00eame en perspective des f\u00eates.<\/p>\n<p>Sur les f\u00fbts vous voyez des&nbsp; <b>carreaux destin\u00e9s \u00e0 prot\u00e9ger la fermentation<\/b>. Ils sont n\u00e9cessaires pour \u00e9viter que des drosophiles ou des produits nocifs n\u00b4entrent dans le f\u00fbt au moment de la fermentation. Vous pouvez \u00e9galement voir&nbsp;des <b>entonnoirs en bois&nbsp;<\/b> de diff\u00e9rentes dimensions,&nbsp;ce <b>r\u00e9cipient en forme de cruche<\/b> ainsi qu\u00b4un baquet \u00e0 manche.&nbsp;Ce dernier \u00e9tait fort pratique dans la mesure o\u00f9 il permettait <b>d\u00b4\u00e9coper les f\u00fbts<\/b>. Puisque tous les f\u00fbts ne poss\u00e9d\u00e8rent pas de robinets, l\u00b4on utilisa de tels loquets &nbsp;(appel\u00e9s \u00ab<b>Rieberli<\/b>\u00bb)&nbsp;. Il fallait \u00e9videmment veiller \u00e0 ce que ces &nbsp;loquets soient &nbsp;bien fix\u00e9s afin d\u00b4\u00e9viter que le f\u00fbt ne se vide jusqu\u00b4au lendemain matin. Dans le temps le mo\u00fbt fut souvent remu\u00e9. Avant que le patron ou le commer\u00e7ant n\u00b4arrive il se produisit souvent que le vigneron utilisa&nbsp;cette <b>chaine pour inciter<\/b> ce dernier \u00e0 payer \u00e9galement la levure. Derri\u00e8re les f\u00fbts se trouve un emplacement pour miches de pain. Dans chaque ferme&nbsp;<b>il \u00e9tait<\/b> &nbsp;et est encore aujourd\u2019hui de coutume de cuire son pain \u00e0 l\u00b4avance pour plusieurs semaines. A la cave le pain se conservait bien m\u00eame si en \u00e9t\u00e9 il arrivait qu\u00b4il moisisse. (On disait alors : \u00ab Avec le pain moisi on chante bien \u00bb).<\/p>\n<p>Le&nbsp;<b>pressoir vinicole&nbsp;<\/b> date encore du &nbsp;d\u00e9but des ann\u00e9es 1800. &nbsp; En 2003 le pressoir \u00e0 vis fut remis dans son \u00e9tat d\u00b4origine \u00e0 l \u00b4aide de bois ancien et d\u00b4apr\u00e8s des plans originaux. Un outil de cave tout \u00e0 fait essentiel fut ce&nbsp;<b>petit chandelier.<\/b> &nbsp; Il \u00e9tait important pour illuminer la cave mais encore davantage lorsqu\u00b4on descendait \u00e0 la cave pendant la p\u00e9riode des vendanges quand le mo\u00fbt fermentait. Lorsque la lumi\u00e8re s\u00b4\u00e9teignait il \u00e9tait grand temps d\u00b4ouvrir une fen\u00eatre ou une porte ou, le cas \u00e9ch\u00e9ant de ne pas entrer dans la cave (en cause des gaz de fermentation). La plupart du temps un tel&nbsp; chandelier &nbsp;fut \u00e9galement utilis\u00e9 quand les gar\u00e7ons ou jeunes gens durent nettoyer les f\u00fbts (les gros avaient peu de chances d\u00b4ex\u00e9cuter ce travail important).<\/p>\n<p>Cette&nbsp; <b>hotte<\/b> &nbsp;fut utilis\u00e9e d\u00b4un c\u00f4t\u00e9 pour transporter pendant les vendanges des raisins sur de longues distances mais \u00e9galement pour transporter le vin, les raisins foul\u00e9s etc. &nbsp;Ce&nbsp; <b>pilon \u00e0 raisins<\/b> &nbsp;fut utilis\u00e9 pour \u00e9craser les raisins lorsqu\u00b4il s\u00b4agissait de petites quantit\u00e9s pour \u00e9viter de devoir se servir du fouloir-\u00e9grappoir.<\/p>\n<p>De l\u00b4autre c\u00f4t\u00e9 du cellier l\u00b4on peut apercevoir diff\u00e9rents&nbsp; <b>filtres \u00e0 vin<\/b>, une&nbsp; <b>boucheuse<\/b> ainsi qu\u00b4une&nbsp; <b>embouteilleuse&nbsp;<\/b> (qui servit jusqu\u00b4aux d\u00e9but des ann\u00e9es 1970) et un chauffe-vin rapide pour du vin rouge&nbsp;<\/p>\n<p>Ici nous voyons un objet particuli\u00e8rement int\u00e9ressant : <b>un fouloir-\u00e9grappoir<\/b>. Ce qui est encore aujourd\u00b4hui lou\u00e9 comme un progr\u00e8s dans la publicit\u00e9 de certaines r\u00e9gions, fut d\u00e9j\u00e0 r\u00e9alis\u00e9 \u00e0 l\u00b4aide de cette machine dans une ferme viticole \u00e0 Durbach en 1900. Il constitue certainement l\u2019un des tout premiers appareils de ce genre. Les raisins ont \u00e9t\u00e9 s\u00e9par\u00e9s des tiges, ce qui \u00e9tait tr\u00e8s important, surtout dans la fabrication du vin rouge. (Les tiges donnant un go\u00fbt l\u00e9g\u00e8rement amer). La grande cuve ronde en-dessous fut r\u00e9guli\u00e8rement utilis\u00e9e pour la fabrication du vin rouge. La <b>peau de raisin&nbsp;<\/b> et le jus (le mo\u00fbt) sont ferment\u00e9s ensemble de sorte que le vin prenne la couleur de la peau (\u00ab l\u00b4\u00e9raflage \u00bb). Aujourd\u00b4hui afin d\u00b4 intensifier la couleur l\u00b4on rajoute souvent un c\u00e9page teinturier en de petites quantit\u00e9s autoris\u00e9es tel que le \u00ab Dunkelfelder\u00bb (une variante du teinturier du Cher) ou le \u00abF\u00e4rber\u00bb.<\/p>\n<p>A c\u00f4t\u00e9, nous voyons un <b>\u00e9grappoir tel<\/b> qu\u2019il est encore occasionnellement utilis\u00e9 aujourd\u2019hui.<\/p>\n<p>Ici au premier plan vous voyez diff\u00e9rentes pompes \u00e0 vin qui furent utilis\u00e9es pour pomper le vin d\u00b4un f\u00fbt \u00e0 l\u00b4autre. Les f\u00fbts de ce c\u00f4t\u00e9 sont typiques pour les fermes viticoles les plus importantes de Durbach. Qu\u00b4il s\u00b4agissent de cuves rondes ou ovales ne fut pas tr\u00e8s important. Souvent le tonnelier fabriqua des f\u00fbts d\u00b4une telle taille directement dans la cave quand son entr\u00e9e fut trop petite.<\/p>\n<p>Le&nbsp;<b>baquet<\/b> &nbsp;ne fut pas uniquement utilis\u00e9 dans la cave mais \u00e9galement lors des vendanges. \u00c9galement tr\u00e8s important pour les travaux dans la cave fut une telle \u00e9chelle pour les f\u00fbts qui est fabriqu\u00e9e en bois de ch\u00eane pour \u00e9viter qu\u00b4elle ne glisse pas trop facilement. Une&nbsp; <b>telle cl\u00e9 anglaise<\/b> &nbsp;fait \u00e9galement partie de toute cave classique. Ici dans ce coin se trouve encore un&nbsp; <b>siphon<\/b> qui fut utilis\u00e9 par le tonnelier pour \u00e9vacuer le vin en le secouant simplement \u00e0 deux ou trois reprises &#8211; \u00e0 l\u00b4int\u00e9rieur se trouve un clapet, et puis le tuyau peut \u00eatre raccord\u00e9.<\/p>\t\t\t\t\t\t\t\t<\/div>\n\t\t\t\t<\/div>\n\t\t<div class=\"elementor-element elementor-element-2d2220e e-con-full e-flex e-con e-child\" data-id=\"2d2220e\" data-element_type=\"container\" data-e-type=\"container\" data-settings=\"{&quot;jet_parallax_layout_list&quot;:[]}\">\n\t\t\t\t<div class=\"elementor-element elementor-element-8f4a7c6 elementor-widget-mobile__width-initial elementor-widget__width-auto elementor-widget elementor-widget-jet-view-more\" data-id=\"8f4a7c6\" data-element_type=\"widget\" data-e-type=\"widget\" data-widget_type=\"jet-view-more.default\">\n\t\t\t\t<div class=\"elementor-widget-container\">\n\t\t\t\t\t<div class=\"jet-view-more\" data-settings=\"{&quot;effect&quot;:&quot;fade&quot;,&quot;hide_effect&quot;:null,&quot;sections&quot;:{&quot;275ebcc&quot;:&quot;290Text&quot;},&quot;showall&quot;:false,&quot;read_less&quot;:false,&quot;read_more_label&quot;:&quot;Continuer &quot;,&quot;read_more_icon&quot;:{&quot;value&quot;:&quot;fas fa-arrow-circle-right&quot;,&quot;library&quot;:&quot;fa-solid&quot;},&quot;read_less_label&quot;:null,&quot;read_less_icon&quot;:null,&quot;hide_all&quot;:false}\"><div class=\"jet-view-more__button\" role=\"button\" tabindex=\"0\"><div class=\"jet-view-more__icon jet-tricks-icon\"><svg aria-hidden=\"true\" class=\"e-font-icon-svg e-fas-arrow-circle-right\" viewBox=\"0 0 512 512\" xmlns=\"http:\/\/www.w3.org\/2000\/svg\"><path d=\"M256 8c137 0 248 111 248 248S393 504 256 504 8 393 8 256 119 8 256 8zm-28.9 143.6l75.5 72.4H120c-13.3 0-24 10.7-24 24v16c0 13.3 10.7 24 24 24h182.6l-75.5 72.4c-9.7 9.3-9.9 24.8-.4 34.3l11 10.9c9.4 9.4 24.6 9.4 33.9 0L404.3 273c9.4-9.4 9.4-24.6 0-33.9L271.6 106.3c-9.4-9.4-24.6-9.4-33.9 0l-11 10.9c-9.5 9.6-9.3 25.1.4 34.4z\"><\/path><\/svg><\/div><div class=\"jet-view-more__label\">Continuer <\/div><\/div><\/div>\t\t\t\t<\/div>\n\t\t\t\t<\/div>\n\t\t\t\t<div class=\"elementor-element elementor-element-597a53f elementor-widget__width-initial elementor-widget-mobile__width-initial elementor-widget elementor-widget-jet-audio\" data-id=\"597a53f\" data-element_type=\"widget\" data-e-type=\"widget\" data-widget_type=\"jet-audio.default\">\n\t\t\t\t<div class=\"elementor-widget-container\">\n\t\t\t\t\t<div class=\"elementor-jet-audio jet-elements\">\n\t\t<div class=\"jet-audio jet-audio--fa5-compat\" data-audio-settings=\"{&quot;controls&quot;:[&quot;playpause&quot;,&quot;current&quot;,&quot;progress&quot;,&quot;duration&quot;,&quot;volume&quot;],&quot;startVolume&quot;:0.80000000000000004,&quot;hideVolumeOnTouchDevices&quot;:true}\">\n\t\t\t\t\t\t\t<audio class=\"jet-audio-player\" preload=\"none\" controls=\"\" src=\"https:\/\/rundgang.museumdurbach.de\/wp-content\/uploads\/2023\/06\/290-F-1.mp3\" width=\"100%\"><\/audio>\n\t\t\t\t\t<\/div>\n\n\t\t<\/div>\t\t\t\t<\/div>\n\t\t\t\t<\/div>\n\t\t\t\t<\/div>\n\t\t\t\t\t<\/div>\n\t\t\t\t<\/div>\n\t\t<div class=\"elementor-element elementor-element-0975202 e-flex e-con-boxed e-con e-parent\" data-id=\"0975202\" data-element_type=\"container\" data-e-type=\"container\" data-settings=\"{&quot;jet_parallax_layout_list&quot;:[]}\">\n\t\t\t\t\t<div class=\"e-con-inner\">\n\t\t<div class=\"elementor-element elementor-element-c3fcd11 e-con-full e-flex e-con e-child\" data-id=\"c3fcd11\" data-element_type=\"container\" data-e-type=\"container\" data-settings=\"{&quot;jet_parallax_layout_list&quot;:[]}\">\n\t\t\t\t<div class=\"elementor-element elementor-element-976630b elementor-align-left elementor-widget__width-initial elementor-widget elementor-widget-raven-button\" data-id=\"976630b\" data-element_type=\"widget\" data-e-type=\"widget\" data-settings=\"{&quot;turn_to_popup_action_button&quot;:&quot;no&quot;}\" data-widget_type=\"raven-button.default\">\n\t\t\t\t<div class=\"elementor-widget-container\">\n\t\t\t\t\t\t\t<div class=\"raven-widget-wrapper\">\n\t\t\t<a class=\"raven-button raven-button-widget-normal-effect-none  raven-button-text-align-left raven-button-link elementor-animation-none\" href=\"https:\/\/rundgang.museumdurbach.de\/fr\/200-maison-principale\/\">\t\t\t\t<div class=\"raven-button-overlay\" ><\/div>\n\t\t\t\t<span class=\"raven-button-content\">\n\t\t\t\t\t\n\t\t\t\t\t<div class=\"button-text-container\">\n\t\t\t\t\t\t\t\t\t<span class=\"raven-button-icon raven-button-icon-position-left\">\n\t\t\t\t<svg aria-hidden=\"true\" class=\"e-font-icon-svg e-far-arrow-alt-circle-left\" viewBox=\"0 0 512 512\" xmlns=\"http:\/\/www.w3.org\/2000\/svg\"><path d=\"M8 256c0 137 111 248 248 248s248-111 248-248S393 8 256 8 8 119 8 256zm448 0c0 110.5-89.5 200-200 200S56 366.5 56 256 145.5 56 256 56s200 89.5 200 200zm-72-20v40c0 6.6-5.4 12-12 12H256v67c0 10.7-12.9 16-20.5 8.5l-99-99c-4.7-4.7-4.7-12.3 0-17l99-99c7.6-7.6 20.5-2.2 20.5 8.5v67h116c6.6 0 12 5.4 12 12z\"><\/path><\/svg>\t\t\t<\/span>\n\t\t\t\t\t\t\t\t<div class=\"raven-button-texts-wrapper\">\n\t\t\t\t\t\t\t<div class=\"button-text\">\n\t\t\t\t\t\t\t\t<span class=\"raven-button-text\">\n\t\t\t\t\t\t\t\t\tAper\u00e7u\t\t\t\t\t\t\t\t<\/span>\n\t\t\t\t\t\t\t<\/div>\n\t\t\t\t\t\t\t\t\t\t\t\t\t<\/div>\n\t\t\t\t\t\t\t\t\t\t\t<\/div>\n\t\t\t\t\t\n\t\t\t\t\t\t\t\t\t<\/span>\n\t\t\t<\/a>\t\t<\/div>\n\t\t\t\t\t\t<\/div>\n\t\t\t\t<\/div>\n\t\t\t\t<\/div>\n\t\t<div class=\"elementor-element elementor-element-39b322d e-con-full e-flex e-con e-child\" data-id=\"39b322d\" data-element_type=\"container\" data-e-type=\"container\" data-settings=\"{&quot;jet_parallax_layout_list&quot;:[]}\">\n\t\t\t\t<\/div>\n\t\t<div class=\"elementor-element elementor-element-5fde6de e-con-full e-flex e-con e-child\" data-id=\"5fde6de\" data-element_type=\"container\" data-e-type=\"container\" data-settings=\"{&quot;jet_parallax_layout_list&quot;:[]}\">\n\t\t\t\t<div class=\"elementor-element elementor-element-6aa7b61 elementor-align-right elementor-widget__width-initial elementor-widget elementor-widget-raven-button\" data-id=\"6aa7b61\" data-element_type=\"widget\" data-e-type=\"widget\" data-settings=\"{&quot;turn_to_popup_action_button&quot;:&quot;no&quot;}\" data-widget_type=\"raven-button.default\">\n\t\t\t\t<div class=\"elementor-widget-container\">\n\t\t\t\t\t\t\t<div class=\"raven-widget-wrapper\">\n\t\t\t<a class=\"raven-button raven-button-widget-normal-effect-none  raven-button-text-align-right raven-button-link elementor-animation-none\" href=\"https:\/\/rundgang.museumdurbach.de\/fr\/300-cour-du-musee\/\">\t\t\t\t<div class=\"raven-button-overlay\" ><\/div>\n\t\t\t\t<span class=\"raven-button-content\">\n\t\t\t\t\t\n\t\t\t\t\t<div class=\"button-text-container\">\n\t\t\t\t\t\t\t\t\t\t\t\t<div class=\"raven-button-texts-wrapper\">\n\t\t\t\t\t\t\t<div class=\"button-text\">\n\t\t\t\t\t\t\t\t<span class=\"raven-button-text\">\n\t\t\t\t\t\t\t\t\tTour\t\t\t\t\t\t\t\t<\/span>\n\t\t\t\t\t\t\t<\/div>\n\t\t\t\t\t\t\t\t\t\t\t\t\t<\/div>\n\t\t\t\t\t\t\t\t\t<span class=\"raven-button-icon raven-button-icon-position-right\">\n\t\t\t\t<svg aria-hidden=\"true\" class=\"e-font-icon-svg e-far-arrow-alt-circle-right\" viewBox=\"0 0 512 512\" xmlns=\"http:\/\/www.w3.org\/2000\/svg\"><path d=\"M504 256C504 119 393 8 256 8S8 119 8 256s111 248 248 248 248-111 248-248zm-448 0c0-110.5 89.5-200 200-200s200 89.5 200 200-89.5 200-200 200S56 366.5 56 256zm72 20v-40c0-6.6 5.4-12 12-12h116v-67c0-10.7 12.9-16 20.5-8.5l99 99c4.7 4.7 4.7 12.3 0 17l-99 99c-7.6 7.6-20.5 2.2-20.5-8.5v-67H140c-6.6 0-12-5.4-12-12z\"><\/path><\/svg>\t\t\t<\/span>\n\t\t\t\t\t\t\t<\/div>\n\t\t\t\t\t\n\t\t\t\t\t\t\t\t\t<\/span>\n\t\t\t<\/a>\t\t<\/div>\n\t\t\t\t\t\t<\/div>\n\t\t\t\t<\/div>\n\t\t\t\t<\/div>\n\t\t\t\t\t<\/div>\n\t\t\t\t<\/div>\n\t\t\t\t<\/div>\n\t\t","protected":false},"excerpt":{"rendered":"<p>290 Cave \u00e0 vin La belle cave o\u00f9 nous nous trouvons actuellement nous donne un aper\u00e7u du pass\u00e9 et de l\u2019ancienne technique de vinification. Au milieu de la zone de travail le sol est couvert de dalles en gr\u00e8s. Sous les f\u00fbts nous avons laiss\u00e9 le sol dans l\u00b4\u00e9tat naturel en le couvrant l\u00e9g\u00e8rement d\u00b4un [&hellip;]<\/p>\n","protected":false},"author":1,"featured_media":0,"parent":0,"menu_order":0,"comment_status":"closed","ping_status":"closed","template":"","meta":{"_acf_changed":false,"footnotes":""},"class_list":["post-2906","page","type-page","status-publish","hentry"],"acf":[],"_links":{"self":[{"href":"https:\/\/rundgang.museumdurbach.de\/fr\/wp-json\/wp\/v2\/pages\/2906","targetHints":{"allow":["GET"]}}],"collection":[{"href":"https:\/\/rundgang.museumdurbach.de\/fr\/wp-json\/wp\/v2\/pages"}],"about":[{"href":"https:\/\/rundgang.museumdurbach.de\/fr\/wp-json\/wp\/v2\/types\/page"}],"author":[{"embeddable":true,"href":"https:\/\/rundgang.museumdurbach.de\/fr\/wp-json\/wp\/v2\/users\/1"}],"replies":[{"embeddable":true,"href":"https:\/\/rundgang.museumdurbach.de\/fr\/wp-json\/wp\/v2\/comments?post=2906"}],"version-history":[{"count":8,"href":"https:\/\/rundgang.museumdurbach.de\/fr\/wp-json\/wp\/v2\/pages\/2906\/revisions"}],"predecessor-version":[{"id":10062,"href":"https:\/\/rundgang.museumdurbach.de\/fr\/wp-json\/wp\/v2\/pages\/2906\/revisions\/10062"}],"wp:attachment":[{"href":"https:\/\/rundgang.museumdurbach.de\/fr\/wp-json\/wp\/v2\/media?parent=2906"}],"curies":[{"name":"wp","href":"https:\/\/api.w.org\/{rel}","templated":true}]}}