{"id":3016,"date":"2023-01-16T10:07:46","date_gmt":"2023-01-16T10:07:46","guid":{"rendered":"https:\/\/rundgang.museumdurbach.de\/400-grange\/"},"modified":"2025-08-28T16:20:25","modified_gmt":"2025-08-28T16:20:25","slug":"400-grange","status":"publish","type":"page","link":"https:\/\/rundgang.museumdurbach.de\/fr\/400-grange\/","title":{"rendered":"400 Grange"},"content":{"rendered":"\t\t<div data-elementor-type=\"wp-page\" data-elementor-id=\"3016\" class=\"elementor elementor-3016 elementor-2988\">\n\t\t\t\t<div class=\"elementor-element elementor-element-d13494c e-flex e-con-boxed e-con e-parent\" data-id=\"d13494c\" data-element_type=\"container\" data-e-type=\"container\" data-settings=\"{&quot;jet_parallax_layout_list&quot;:[]}\">\n\t\t\t\t\t<div class=\"e-con-inner\">\n\t\t\t\t<div class=\"elementor-element elementor-element-e56c658 elementor-widget elementor-widget-text-editor\" data-id=\"e56c658\" data-element_type=\"widget\" data-e-type=\"widget\" data-widget_type=\"text-editor.default\">\n\t\t\t\t<div class=\"elementor-widget-container\">\n\t\t\t\t\t\t\t\t\t<p>400 Grange<\/p>\n\t\t\t\t\t\t\t\t<\/div>\n\t\t\t\t<\/div>\n\t\t\t\t<div class=\"elementor-element elementor-element-cc2215f elementor-widget-mobile__width-inherit elementor-widget elementor-widget-jet-images-layout\" data-id=\"cc2215f\" data-element_type=\"widget\" data-e-type=\"widget\" data-settings=\"{&quot;columns&quot;:&quot;1&quot;}\" data-widget_type=\"jet-images-layout.default\">\n\t\t\t\t<div class=\"elementor-widget-container\">\n\t\t\t\t\t<div class=\"elementor-jet-images-layout jet-elements\">\n<div class=\"jet-images-layout layout-type-grid\" data-settings='{&quot;layoutType&quot;:&quot;grid&quot;,&quot;justifyHeight&quot;:300}'>\n\t<div class=\"jet-images-layout__list col-row disable-cols-gap disable-rows-gap column-desktop-1 column-tablet-2 column-mobile-1\" >\n<div class=\"jet-images-layout__item col-desk-1\">\n\t<div class=\"jet-images-layout__inner\">\n\t\t<div class=\"jet-images-layout__image-loader\"><span><\/span><\/div>\n\t\t<div class=\"jet-images-layout__link \">\n\t\t\t<div class=\"jet-images-layout__image\">\n\t\t\t\t<img decoding=\"async\" class=\"jet-images-layout__image-instance\" src=\"https:\/\/rundgang.museumdurbach.de\/wp-content\/uploads\/2022\/10\/Museumsareal-9.jpeg\" alt=\"Museumsareal-9\" loading=\"lazy\">\t\t\t<\/div>\n\t\t\t<div class=\"jet-images-layout__content\"><\/div>\n\t\t<\/div>\n\t<\/div>\n<\/div>\n<\/div><\/div>\n<\/div>\t\t\t\t<\/div>\n\t\t\t\t<\/div>\n\t\t\t\t<div class=\"elementor-element elementor-element-256cdbf elementor-widget__width-inherit elementor-widget-tablet__width-inherit elementor-widget-mobile__width-inherit elementor-widget elementor-widget-text-editor\" data-id=\"256cdbf\" data-element_type=\"widget\" data-e-type=\"widget\" data-widget_type=\"text-editor.default\">\n\t\t\t\t<div class=\"elementor-widget-container\">\n\t\t\t\t\t\t\t\t\t<p>La grange a \u00e9t\u00e9 construite b\u00e9n\u00e9volement pour le mus\u00e9e par Heinz B\u00e4chle et ses \u00e9l\u00e8ves des arts et m\u00e9tiers, ainsi que par d&rsquo;autres aides, \u00e0 partir de vieux mat\u00e9riaux de construction. Au rez-de-chauss\u00e9e se trouvent le grand hall avec des chariots historiques et l&rsquo;atelier du tonnelier. Sur le \u00ab\u00a0Trippel\u00a0\u00bb, on peut voir des outils agricoles historiques ainsi qu&rsquo;un atelier complet de cordonnier et de sellier d&rsquo;\u00e9poque.<\/p>\n\t\t\t\t\t\t\t\t<\/div>\n\t\t\t\t<\/div>\n\t\t<div class=\"elementor-element elementor-element-6ca6bd9 e-con-full e-flex e-con e-child\" data-id=\"6ca6bd9\" data-element_type=\"container\" data-e-type=\"container\" data-settings=\"{&quot;jet_parallax_layout_list&quot;:[]}\">\n\t\t\t\t<div class=\"elementor-element elementor-element-fd2e542 elementor-widget-mobile__width-initial elementor-widget__width-auto elementor-widget elementor-widget-jet-view-more\" data-id=\"fd2e542\" data-element_type=\"widget\" data-e-type=\"widget\" data-widget_type=\"jet-view-more.default\">\n\t\t\t\t<div class=\"elementor-widget-container\">\n\t\t\t\t\t<div class=\"jet-view-more\" data-settings=\"{&quot;effect&quot;:&quot;fade&quot;,&quot;hide_effect&quot;:null,&quot;sections&quot;:{&quot;275ebcc&quot;:&quot;400Text&quot;},&quot;showall&quot;:false,&quot;read_less&quot;:false,&quot;read_more_label&quot;:&quot;Continuer &quot;,&quot;read_more_icon&quot;:{&quot;value&quot;:&quot;fas fa-arrow-circle-right&quot;,&quot;library&quot;:&quot;fa-solid&quot;},&quot;read_less_label&quot;:null,&quot;read_less_icon&quot;:null,&quot;hide_all&quot;:false}\"><div class=\"jet-view-more__button\" role=\"button\" tabindex=\"0\"><div class=\"jet-view-more__icon jet-tricks-icon\"><svg aria-hidden=\"true\" class=\"e-font-icon-svg e-fas-arrow-circle-right\" viewBox=\"0 0 512 512\" xmlns=\"http:\/\/www.w3.org\/2000\/svg\"><path d=\"M256 8c137 0 248 111 248 248S393 504 256 504 8 393 8 256 119 8 256 8zm-28.9 143.6l75.5 72.4H120c-13.3 0-24 10.7-24 24v16c0 13.3 10.7 24 24 24h182.6l-75.5 72.4c-9.7 9.3-9.9 24.8-.4 34.3l11 10.9c9.4 9.4 24.6 9.4 33.9 0L404.3 273c9.4-9.4 9.4-24.6 0-33.9L271.6 106.3c-9.4-9.4-24.6-9.4-33.9 0l-11 10.9c-9.5 9.6-9.3 25.1.4 34.4z\"><\/path><\/svg><\/div><div class=\"jet-view-more__label\">Continuer <\/div><\/div><\/div>\t\t\t\t<\/div>\n\t\t\t\t<\/div>\n\t\t\t\t<div class=\"elementor-element elementor-element-b4817e4 elementor-widget__width-initial elementor-widget-mobile__width-initial elementor-widget elementor-widget-jet-audio\" data-id=\"b4817e4\" data-element_type=\"widget\" data-e-type=\"widget\" data-widget_type=\"jet-audio.default\">\n\t\t\t\t<div class=\"elementor-widget-container\">\n\t\t\t\t\t<div class=\"elementor-jet-audio jet-elements\">\n\t\t<div class=\"jet-audio jet-audio--fa5-compat\" data-audio-settings=\"{&quot;controls&quot;:[&quot;playpause&quot;,&quot;current&quot;,&quot;progress&quot;,&quot;duration&quot;,&quot;volume&quot;],&quot;startVolume&quot;:0.80000000000000004,&quot;hideVolumeOnTouchDevices&quot;:true}\">\n\t\t\t\t\t\t\t<audio class=\"jet-audio-player\" preload=\"none\" controls=\"\" src=\"https:\/\/rundgang.museumdurbach.de\/wp-content\/uploads\/2023\/06\/400-F.mp3\" width=\"100%\"><\/audio>\n\t\t\t\t\t<\/div>\n\n\t\t<\/div>\t\t\t\t<\/div>\n\t\t\t\t<\/div>\n\t\t\t\t<\/div>\n\t\t\t\t\t<\/div>\n\t\t\t\t<\/div>\n\t\t<div class=\"elementor-element elementor-element-b5fbb7c e-flex e-con-boxed e-con e-parent\" data-id=\"b5fbb7c\" data-element_type=\"container\" data-e-type=\"container\" data-settings=\"{&quot;jet_parallax_layout_list&quot;:[]}\">\n\t\t\t\t\t<div class=\"e-con-inner\">\n\t\t<div class=\"elementor-element elementor-element-f900349 e-con-full e-flex e-con e-child\" data-id=\"f900349\" data-element_type=\"container\" data-e-type=\"container\" data-settings=\"{&quot;jet_parallax_layout_list&quot;:[]}\">\n\t\t\t\t<div class=\"elementor-element elementor-element-0796a4b elementor-widget elementor-widget-text-editor\" data-id=\"0796a4b\" data-element_type=\"widget\" data-e-type=\"widget\" data-widget_type=\"text-editor.default\">\n\t\t\t\t<div class=\"elementor-widget-container\">\n\t\t\t\t\t\t\t\t\t<p>410 Grange \u00e0 voitures<\/p>\n\t\t\t\t\t\t\t\t<\/div>\n\t\t\t\t<\/div>\n\t\t\t\t<div class=\"elementor-element elementor-element-e18dc01 elementor-widget elementor-widget-jet-images-layout\" data-id=\"e18dc01\" data-element_type=\"widget\" data-e-type=\"widget\" data-settings=\"{&quot;columns&quot;:&quot;1&quot;}\" data-widget_type=\"jet-images-layout.default\">\n\t\t\t\t<div class=\"elementor-widget-container\">\n\t\t\t\t\t<div class=\"elementor-jet-images-layout jet-elements\">\n<div class=\"jet-images-layout layout-type-grid\" data-settings='{&quot;layoutType&quot;:&quot;grid&quot;,&quot;justifyHeight&quot;:300}'>\n\t<div class=\"jet-images-layout__list col-row disable-cols-gap disable-rows-gap column-desktop-1 column-tablet-2 column-mobile-1\" >\n<div class=\"jet-images-layout__item col-desk-1\">\n\t<div class=\"jet-images-layout__inner\">\n\t\t<div class=\"jet-images-layout__image-loader\"><span><\/span><\/div>\n\t\t<a class=\"jet-images-layout__link \" href=\"https:\/\/rundgang.museumdurbach.de\/fr\/410-grange-a-voitures\/\" target=\"_blank\" rel=\"\">\n\t\t\t<div class=\"jet-images-layout__image\">\n\t\t\t\t<img decoding=\"async\" class=\"jet-images-layout__image-instance\" src=\"https:\/\/rundgang.museumdurbach.de\/wp-content\/uploads\/2023\/01\/IMG_0139-scaled.jpg\" alt=\"IMG_0139\" loading=\"lazy\">\t\t\t<\/div>\n\t\t\t<div class=\"jet-images-layout__content\"><\/div>\n\t\t<\/a>\n\t<\/div>\n<\/div>\n<\/div><\/div>\n<\/div>\t\t\t\t<\/div>\n\t\t\t\t<\/div>\n\t\t\t\t<\/div>\n\t\t<div class=\"elementor-element elementor-element-fe5be78 e-con-full e-flex e-con e-child\" data-id=\"fe5be78\" data-element_type=\"container\" data-e-type=\"container\" data-settings=\"{&quot;jet_parallax_layout_list&quot;:[]}\">\n\t\t\t\t<div class=\"elementor-element elementor-element-33b9125 elementor-widget elementor-widget-text-editor\" data-id=\"33b9125\" data-element_type=\"widget\" data-e-type=\"widget\" data-widget_type=\"text-editor.default\">\n\t\t\t\t<div class=\"elementor-widget-container\">\n\t\t\t\t\t\t\t\t\t<p>430 Premier \u00e9tage \u00ab\u00a0Trippel\u00a0\u00bb<\/p>\n\t\t\t\t\t\t\t\t<\/div>\n\t\t\t\t<\/div>\n\t\t\t\t<div class=\"elementor-element elementor-element-6d1ca6c elementor-widget elementor-widget-jet-images-layout\" data-id=\"6d1ca6c\" data-element_type=\"widget\" data-e-type=\"widget\" data-settings=\"{&quot;columns&quot;:&quot;1&quot;}\" data-widget_type=\"jet-images-layout.default\">\n\t\t\t\t<div class=\"elementor-widget-container\">\n\t\t\t\t\t<div class=\"elementor-jet-images-layout jet-elements\">\n<div class=\"jet-images-layout layout-type-grid\" data-settings='{&quot;layoutType&quot;:&quot;grid&quot;,&quot;justifyHeight&quot;:300}'>\n\t<div class=\"jet-images-layout__list col-row disable-cols-gap disable-rows-gap column-desktop-1 column-tablet-2 column-mobile-1\" >\n<div class=\"jet-images-layout__item col-desk-1\">\n\t<div class=\"jet-images-layout__inner\">\n\t\t<div class=\"jet-images-layout__image-loader\"><span><\/span><\/div>\n\t\t<a class=\"jet-images-layout__link \" href=\"https:\/\/rundgang.museumdurbach.de\/fr\/430-premier-etage-trippel\/\" target=\"_blank\" rel=\"\">\n\t\t\t<div class=\"jet-images-layout__image\">\n\t\t\t\t<img decoding=\"async\" class=\"jet-images-layout__image-instance\" src=\"https:\/\/rundgang.museumdurbach.de\/wp-content\/uploads\/2023\/01\/IMG_0137-scaled.jpg\" alt=\"IMG_0137\" loading=\"lazy\">\t\t\t<\/div>\n\t\t\t<div class=\"jet-images-layout__content\"><\/div>\n\t\t<\/a>\n\t<\/div>\n<\/div>\n<\/div><\/div>\n<\/div>\t\t\t\t<\/div>\n\t\t\t\t<\/div>\n\t\t\t\t<\/div>\n\t\t<div class=\"elementor-element elementor-element-6a97cd7 e-con-full e-flex e-con e-child\" data-id=\"6a97cd7\" data-element_type=\"container\" data-e-type=\"container\" data-settings=\"{&quot;jet_parallax_layout_list&quot;:[]}\">\n\t\t\t\t<div class=\"elementor-element elementor-element-5e41a88 elementor-widget elementor-widget-text-editor\" data-id=\"5e41a88\" data-element_type=\"widget\" data-e-type=\"widget\" data-widget_type=\"text-editor.default\">\n\t\t\t\t<div class=\"elementor-widget-container\">\n\t\t\t\t\t\t\t\t\t<p>450 Atelier du tonnelier<\/p>\n\t\t\t\t\t\t\t\t<\/div>\n\t\t\t\t<\/div>\n\t\t\t\t<div class=\"elementor-element elementor-element-9fcd14f elementor-widget elementor-widget-jet-images-layout\" data-id=\"9fcd14f\" data-element_type=\"widget\" data-e-type=\"widget\" data-settings=\"{&quot;columns&quot;:&quot;1&quot;}\" data-widget_type=\"jet-images-layout.default\">\n\t\t\t\t<div class=\"elementor-widget-container\">\n\t\t\t\t\t<div class=\"elementor-jet-images-layout jet-elements\">\n<div class=\"jet-images-layout layout-type-grid\" data-settings='{&quot;layoutType&quot;:&quot;grid&quot;,&quot;justifyHeight&quot;:300}'>\n\t<div class=\"jet-images-layout__list col-row disable-cols-gap disable-rows-gap column-desktop-1 column-tablet-2 column-mobile-1\" >\n<div class=\"jet-images-layout__item col-desk-1\">\n\t<div class=\"jet-images-layout__inner\">\n\t\t<div class=\"jet-images-layout__image-loader\"><span><\/span><\/div>\n\t\t<a class=\"jet-images-layout__link \" href=\"https:\/\/rundgang.museumdurbach.de\/fr\/450-atelier-du-tonnelier\/\" target=\"_blank\" rel=\"\">\n\t\t\t<div class=\"jet-images-layout__image\">\n\t\t\t\t<img decoding=\"async\" class=\"jet-images-layout__image-instance\" src=\"https:\/\/rundgang.museumdurbach.de\/wp-content\/uploads\/2023\/01\/IMG_0136-scaled.jpg\" alt=\"IMG_0136\" loading=\"lazy\">\t\t\t<\/div>\n\t\t\t<div class=\"jet-images-layout__content\"><\/div>\n\t\t<\/a>\n\t<\/div>\n<\/div>\n<\/div><\/div>\n<\/div>\t\t\t\t<\/div>\n\t\t\t\t<\/div>\n\t\t\t\t<\/div>\n\t\t\t\t\t<\/div>\n\t\t\t\t<\/div>\n\t\t<div class=\"elementor-element elementor-element-564cbe9 e-flex e-con-boxed e-con e-parent\" data-id=\"564cbe9\" data-element_type=\"container\" data-e-type=\"container\" data-settings=\"{&quot;jet_parallax_layout_list&quot;:[]}\">\n\t\t\t\t\t<div class=\"e-con-inner\">\n\t\t<div class=\"elementor-element elementor-element-e730f43 e-con-full e-flex e-con e-child\" data-id=\"e730f43\" data-element_type=\"container\" data-e-type=\"container\" data-settings=\"{&quot;jet_parallax_layout_list&quot;:[]}\">\n\t\t\t\t<div class=\"elementor-element elementor-element-620cbfa elementor-align-left elementor-widget__width-initial elementor-widget elementor-widget-raven-button\" data-id=\"620cbfa\" data-element_type=\"widget\" data-e-type=\"widget\" data-settings=\"{&quot;turn_to_popup_action_button&quot;:&quot;no&quot;}\" data-widget_type=\"raven-button.default\">\n\t\t\t\t<div class=\"elementor-widget-container\">\n\t\t\t\t\t\t\t<div class=\"raven-widget-wrapper\">\n\t\t\t<a class=\"raven-button raven-button-widget-normal-effect-none  raven-button-text-align-left raven-button-link elementor-animation-none\" href=\"https:\/\/rundgang.museumdurbach.de\/fr\/\">\t\t\t\t<div class=\"raven-button-overlay\" ><\/div>\n\t\t\t\t<span class=\"raven-button-content\">\n\t\t\t\t\t\n\t\t\t\t\t<div class=\"button-text-container\">\n\t\t\t\t\t\t\t\t\t<span class=\"raven-button-icon raven-button-icon-position-left\">\n\t\t\t\t<svg aria-hidden=\"true\" class=\"e-font-icon-svg e-far-arrow-alt-circle-left\" viewBox=\"0 0 512 512\" xmlns=\"http:\/\/www.w3.org\/2000\/svg\"><path d=\"M8 256c0 137 111 248 248 248s248-111 248-248S393 8 256 8 8 119 8 256zm448 0c0 110.5-89.5 200-200 200S56 366.5 56 256 145.5 56 256 56s200 89.5 200 200zm-72-20v40c0 6.6-5.4 12-12 12H256v67c0 10.7-12.9 16-20.5 8.5l-99-99c-4.7-4.7-4.7-12.3 0-17l99-99c7.6-7.6 20.5-2.2 20.5 8.5v67h116c6.6 0 12 5.4 12 12z\"><\/path><\/svg>\t\t\t<\/span>\n\t\t\t\t\t\t\t\t<div class=\"raven-button-texts-wrapper\">\n\t\t\t\t\t\t\t<div class=\"button-text\">\n\t\t\t\t\t\t\t\t<span class=\"raven-button-text\">\n\t\t\t\t\t\t\t\t\tAper\u00e7u\t\t\t\t\t\t\t\t<\/span>\n\t\t\t\t\t\t\t<\/div>\n\t\t\t\t\t\t\t\t\t\t\t\t\t<\/div>\n\t\t\t\t\t\t\t\t\t\t\t<\/div>\n\t\t\t\t\t\n\t\t\t\t\t\t\t\t\t<\/span>\n\t\t\t<\/a>\t\t<\/div>\n\t\t\t\t\t\t<\/div>\n\t\t\t\t<\/div>\n\t\t\t\t<\/div>\n\t\t<div class=\"elementor-element elementor-element-4d0bf99 e-con-full e-flex e-con e-child\" data-id=\"4d0bf99\" data-element_type=\"container\" data-e-type=\"container\" data-settings=\"{&quot;jet_parallax_layout_list&quot;:[]}\">\n\t\t\t\t<\/div>\n\t\t<div class=\"elementor-element elementor-element-2ffd5a0 e-con-full e-flex e-con e-child\" data-id=\"2ffd5a0\" data-element_type=\"container\" data-e-type=\"container\" data-settings=\"{&quot;jet_parallax_layout_list&quot;:[]}\">\n\t\t\t\t<div class=\"elementor-element elementor-element-0172fac elementor-align-right elementor-widget__width-initial elementor-widget elementor-widget-raven-button\" data-id=\"0172fac\" data-element_type=\"widget\" data-e-type=\"widget\" data-settings=\"{&quot;turn_to_popup_action_button&quot;:&quot;no&quot;}\" data-widget_type=\"raven-button.default\">\n\t\t\t\t<div class=\"elementor-widget-container\">\n\t\t\t\t\t\t\t<div class=\"raven-widget-wrapper\">\n\t\t\t<a class=\"raven-button raven-button-widget-normal-effect-none  raven-button-text-align-right raven-button-link elementor-animation-none\" href=\"https:\/\/rundgang.museumdurbach.de\/fr\/410-grange-a-voitures\/\">\t\t\t\t<div class=\"raven-button-overlay\" ><\/div>\n\t\t\t\t<span class=\"raven-button-content\">\n\t\t\t\t\t\n\t\t\t\t\t<div class=\"button-text-container\">\n\t\t\t\t\t\t\t\t\t\t\t\t<div class=\"raven-button-texts-wrapper\">\n\t\t\t\t\t\t\t<div class=\"button-text\">\n\t\t\t\t\t\t\t\t<span class=\"raven-button-text\">\n\t\t\t\t\t\t\t\t\tTour\t\t\t\t\t\t\t\t<\/span>\n\t\t\t\t\t\t\t<\/div>\n\t\t\t\t\t\t\t\t\t\t\t\t\t<\/div>\n\t\t\t\t\t\t\t\t\t<span class=\"raven-button-icon raven-button-icon-position-right\">\n\t\t\t\t<svg aria-hidden=\"true\" class=\"e-font-icon-svg e-far-arrow-alt-circle-right\" viewBox=\"0 0 512 512\" xmlns=\"http:\/\/www.w3.org\/2000\/svg\"><path d=\"M504 256C504 119 393 8 256 8S8 119 8 256s111 248 248 248 248-111 248-248zm-448 0c0-110.5 89.5-200 200-200s200 89.5 200 200-89.5 200-200 200S56 366.5 56 256zm72 20v-40c0-6.6 5.4-12 12-12h116v-67c0-10.7 12.9-16 20.5-8.5l99 99c4.7 4.7 4.7 12.3 0 17l-99 99c-7.6 7.6-20.5 2.2-20.5-8.5v-67H140c-6.6 0-12-5.4-12-12z\"><\/path><\/svg>\t\t\t<\/span>\n\t\t\t\t\t\t\t<\/div>\n\t\t\t\t\t\n\t\t\t\t\t\t\t\t\t<\/span>\n\t\t\t<\/a>\t\t<\/div>\n\t\t\t\t\t\t<\/div>\n\t\t\t\t<\/div>\n\t\t\t\t<\/div>\n\t\t\t\t\t<\/div>\n\t\t\t\t<\/div>\n\t\t\t\t<\/div>\n\t\t","protected":false},"excerpt":{"rendered":"<p>400 Grange La grange a \u00e9t\u00e9 construite b\u00e9n\u00e9volement pour le mus\u00e9e par Heinz B\u00e4chle et ses \u00e9l\u00e8ves des arts et m\u00e9tiers, ainsi que par d&rsquo;autres aides, \u00e0 partir de vieux mat\u00e9riaux de construction. Au rez-de-chauss\u00e9e se trouvent le grand hall avec des chariots historiques et l&rsquo;atelier du tonnelier. Sur le \u00ab\u00a0Trippel\u00a0\u00bb, on peut voir des [&hellip;]<\/p>\n","protected":false},"author":1,"featured_media":0,"parent":0,"menu_order":0,"comment_status":"closed","ping_status":"closed","template":"","meta":{"_acf_changed":false,"footnotes":""},"class_list":["post-3016","page","type-page","status-publish","hentry"],"acf":[],"_links":{"self":[{"href":"https:\/\/rundgang.museumdurbach.de\/fr\/wp-json\/wp\/v2\/pages\/3016","targetHints":{"allow":["GET"]}}],"collection":[{"href":"https:\/\/rundgang.museumdurbach.de\/fr\/wp-json\/wp\/v2\/pages"}],"about":[{"href":"https:\/\/rundgang.museumdurbach.de\/fr\/wp-json\/wp\/v2\/types\/page"}],"author":[{"embeddable":true,"href":"https:\/\/rundgang.museumdurbach.de\/fr\/wp-json\/wp\/v2\/users\/1"}],"replies":[{"embeddable":true,"href":"https:\/\/rundgang.museumdurbach.de\/fr\/wp-json\/wp\/v2\/comments?post=3016"}],"version-history":[{"count":9,"href":"https:\/\/rundgang.museumdurbach.de\/fr\/wp-json\/wp\/v2\/pages\/3016\/revisions"}],"predecessor-version":[{"id":10068,"href":"https:\/\/rundgang.museumdurbach.de\/fr\/wp-json\/wp\/v2\/pages\/3016\/revisions\/10068"}],"wp:attachment":[{"href":"https:\/\/rundgang.museumdurbach.de\/fr\/wp-json\/wp\/v2\/media?parent=3016"}],"curies":[{"name":"wp","href":"https:\/\/api.w.org\/{rel}","templated":true}]}}