{"id":3056,"date":"2023-01-16T11:51:34","date_gmt":"2023-01-16T11:51:34","guid":{"rendered":"https:\/\/rundgang.museumdurbach.de\/410-grange-a-voitures\/"},"modified":"2025-08-28T16:21:50","modified_gmt":"2025-08-28T16:21:50","slug":"410-grange-a-voitures","status":"publish","type":"page","link":"https:\/\/rundgang.museumdurbach.de\/fr\/410-grange-a-voitures\/","title":{"rendered":"410 Grange \u00e0 voitures"},"content":{"rendered":"\t\t<div data-elementor-type=\"wp-page\" data-elementor-id=\"3056\" class=\"elementor elementor-3056 elementor-3042\">\n\t\t\t\t<div class=\"elementor-element elementor-element-d13494c e-flex e-con-boxed e-con e-parent\" data-id=\"d13494c\" data-element_type=\"container\" data-e-type=\"container\" data-settings=\"{&quot;jet_parallax_layout_list&quot;:[]}\">\n\t\t\t\t\t<div class=\"e-con-inner\">\n\t\t\t\t<div class=\"jupiter-tooltip-widget elementor-element elementor-element-e56c658 elementor-widget elementor-widget-text-editor\" data-jupiter-tooltip-settings=\"{&quot;tooltip&quot;:&quot;&quot;,&quot;tooltipDescription&quot;:&quot;This is Tooltip!&quot;,&quot;tooltipPlacement&quot;:&quot;top&quot;,&quot;tooltipArrow&quot;:true,&quot;xOffset&quot;:0,&quot;yOffset&quot;:0,&quot;tooltipAnimation&quot;:&quot;fade&quot;,&quot;tooltipTrigger&quot;:&quot;mouseenter&quot;,&quot;zIndex&quot;:999,&quot;customSelector&quot;:&quot;&quot;,&quot;delay&quot;:0}\" data-id=\"e56c658\" data-element_type=\"widget\" data-e-type=\"widget\" data-widget_type=\"text-editor.default\">\n\t\t\t\t<div class=\"elementor-widget-container\">\n\t\t\t\t\t\t\t\t\t<p>410 Grange \u00e0 voitures<\/p>\t\t\t\t\t\t\t\t<\/div>\n\t\t\t\t<\/div>\n\t\t\t\t<div class=\"elementor-element elementor-element-97291cf elementor-widget-mobile__width-inherit elementor-widget elementor-widget-jet-images-layout\" data-id=\"97291cf\" data-element_type=\"widget\" data-e-type=\"widget\" data-settings=\"{&quot;columns&quot;:&quot;1&quot;}\" data-widget_type=\"jet-images-layout.default\">\n\t\t\t\t<div class=\"elementor-widget-container\">\n\t\t\t\t\t<div class=\"elementor-jet-images-layout jet-elements\">\n<div class=\"jet-images-layout layout-type-grid\" data-settings='{&quot;layoutType&quot;:&quot;grid&quot;,&quot;justifyHeight&quot;:300}'>\n\t<div class=\"jet-images-layout__list col-row disable-cols-gap disable-rows-gap column-desktop-1 column-tablet-2 column-mobile-1\" >\n<div class=\"jet-images-layout__item col-desk-1\">\n\t<div class=\"jet-images-layout__inner\">\n\t\t<div class=\"jet-images-layout__image-loader\"><span><\/span><\/div>\n\t\t<div class=\"jet-images-layout__link \">\n\t\t\t<div class=\"jet-images-layout__image\">\n\t\t\t\t<img decoding=\"async\" class=\"jet-images-layout__image-instance\" src=\"https:\/\/rundgang.museumdurbach.de\/wp-content\/uploads\/2023\/01\/IMG_0139-scaled.jpg\" alt=\"IMG_0139\" loading=\"lazy\">\t\t\t<\/div>\n\t\t\t<div class=\"jet-images-layout__content\"><\/div>\n\t\t<\/div>\n\t<\/div>\n<\/div>\n<\/div><\/div>\n<\/div>\t\t\t\t<\/div>\n\t\t\t\t<\/div>\n\t\t\t\t<div class=\"elementor-element elementor-element-d9d537e elementor-widget elementor-widget-text-editor\" data-id=\"d9d537e\" data-element_type=\"widget\" data-e-type=\"widget\" data-widget_type=\"text-editor.default\">\n\t\t\t\t<div class=\"elementor-widget-container\">\n\t\t\t\t\t\t\t\t\t<p>Les vieux chariots en bois avec des pneus en fer ont trouv\u00e9 une place digne dans le mus\u00e9e du Vin et du patrimoine. Seuls quelques ma\u00eetres charrons sont encore en mesure de restaurer ces anciens v\u00e9hicules ou m\u00eame d\u2019en remplacer certaines pi\u00e8ces. Au cours des derni\u00e8res ann\u00e9es, notre mus\u00e9e a restaur\u00e9 ces voitures en y consacrant d\u2019\u00e9normes moyens financiers, &#8230;<\/p>\t\t\t\t\t\t\t\t<\/div>\n\t\t\t\t<\/div>\n\t\t\t\t<div class=\"elementor-element elementor-element-0aadfc9 elementor-widget__width-inherit elementor-widget-tablet__width-inherit elementor-widget-mobile__width-inherit elementor-widget elementor-widget-text-editor\" data-id=\"0aadfc9\" data-element_type=\"widget\" data-e-type=\"widget\" id=\"410Text\" data-widget_type=\"text-editor.default\">\n\t\t\t\t<div class=\"elementor-widget-container\">\n\t\t\t\t\t\t\t\t\t<p>afin qu\u2019 ils puissent, aussi dans le futur, \u00eatre mis en sc\u00e8ne lors de cort\u00e8ges historiques ou d\u2019autres \u00e9v\u00e9nements, pour le plus grand plaisir de la population.<\/p>\n<p><b>Chariot de vendanges&nbsp;<\/b> avec deux cuves, \u2013 un bon attelage de b\u0153ufs ou de chevaux \u00e9tait n\u00e9cessaire pour tirer ce lourd chariot dans les chemins de vignes souvent escarp\u00e9s. La plupart du temps, les raisins \u00e9taient transport\u00e9s jusqu\u2019\u00e0 l\u2019endroit o\u00f9 se trouvait le chariot en empruntant des escaliers escarp\u00e9s dans les vignes et des sentiers p\u00e9destres.<\/p>\n<p><b>Chariot \u00e0 tonneaux&nbsp;<\/b> \u2013 Apr\u00e8s les vendanges, les restaurateurs venaient chercher le vin chez le vigneron avec de tels chariots \u00e0 tonneaux. De tels transports allaient jusqu\u2019en Souabe. Un \u201cmayen\u201d (c.-\u00e0-d. un petit sapin d\u00e9cor\u00e9) a \u00e9t\u00e9 plant\u00e9 sur le tonneau.<\/p>\n<p><b>Chariot \u00e0 \u00e9chelle&nbsp;<\/b> \u2013 Pour la r\u00e9colte du foin et des fruits, on utilisait ce chariot et on le chargeait tr\u00e8s haut. La r\u00e9colte a \u00e9t\u00e9 fix\u00e9e \u00e0 l\u2019aide d\u2019une &nbsp;barre transversale.&nbsp;<\/p>\n<p><b>Chariot avec pulv\u00e9risateur<\/b> \u2013 Ce pulv\u00e9risateur avec motopompe provient du domaine viticole de Neveu&nbsp; et date environ de 1935.<\/p>\n<p><b>Le chariot \u00e0 bois en grume<\/b> \u2013&nbsp; En plus de la viticulture et des nombreux fruits, on trouve encore \u00e0 Durbach environ 1200 ha de for\u00eat.&nbsp; <span style=\"color: var( --e-global-color-secondary ); background-color: rgba(237, 216, 133, 0);\">Le<\/span> <span style=\"color: var( --e-global-color-secondary ); background-color: rgba(237, 216, 133, 0);\">chariot \u00e0 bois en grume<\/span> <span style=\"color: var( --e-global-color-secondary ); background-color: rgba(237, 216, 133, 0);\">est r\u00e9glable, c\u2019est-\u00e0-dire qu\u2019il peut \u00eatre&nbsp;<\/span> <span style=\"color: var( --e-global-color-secondary ); background-color: rgba(237, 216, 133, 0);\">rallong\u00e9 ou raccourci selon les besoins,&nbsp;<\/span> <span style=\"background-color: rgba(237, 216, 133, 0); color: var( --e-global-color-secondary );\">en fonction de la longueur des grumes.<\/span><\/p>\n<p><span style=\"color: var( --e-global-color-secondary ); background-color: rgba(237, 216, 133, 0);\"><b>Chariot de tonnelier,&nbsp;<\/b> avec deux petits f\u00fbts<\/span><br><\/p>\n<p><b>Moulin \u00e0 pommes<\/b>,&nbsp; <span style=\"color: var( --e-global-color-secondary ); background-color: rgba(237, 216, 133, 0);\"><b>pressoir \u00e0 cidre<\/b>.&nbsp;<\/span><\/p>\n<p><b>Au mur<\/b>, divers outils : scies d\u2019arbre, crochets, ciseau \u00e0 bois pour enlever l\u2019\u00e9corce, fers de d\u00e9bardage, charrue (avec soc \u00e9troit), fourches de foin.<\/p>\n<p><b>Echelle en bois de cerisier<\/b> &nbsp;avec 40 \u00e9chelons : Jusqu\u2019au d\u00e9but des ann\u00e9es 1960, elle \u00e9tait presque la seule possibilit\u00e9 de cueillir les cerises sur les grands arbres avec un panier ou un seau. Ensuite, les \u201csecoueurs\u201d fix\u00e9s au tracteur sont apparus, avec lesquels certaines grosses branches ont \u00e9t\u00e9 secou\u00e9es afin que les fruits tombent dans des toiles \u00e9tal\u00e9es. Aujourd\u2019hui, on utilise des secoueurs de troncs qui permettent de faire tomber les cerises dans la toile en quelques secondes. Il existe parfois des installations permettant de faire passer les cerises sur un tapis roulant et de les nettoyer en m\u00eame temps.<\/p>\t\t\t\t\t\t\t\t<\/div>\n\t\t\t\t<\/div>\n\t\t<div class=\"elementor-element elementor-element-2e3b832 e-con-full e-flex e-con e-child\" data-id=\"2e3b832\" data-element_type=\"container\" data-e-type=\"container\" data-settings=\"{&quot;jet_parallax_layout_list&quot;:[]}\">\n\t\t\t\t<div class=\"elementor-element elementor-element-2e56618 elementor-widget-mobile__width-initial elementor-widget__width-auto elementor-widget elementor-widget-jet-view-more\" data-id=\"2e56618\" data-element_type=\"widget\" data-e-type=\"widget\" data-widget_type=\"jet-view-more.default\">\n\t\t\t\t<div class=\"elementor-widget-container\">\n\t\t\t\t\t<div class=\"jet-view-more\" data-settings=\"{&quot;effect&quot;:&quot;fade&quot;,&quot;hide_effect&quot;:null,&quot;sections&quot;:{&quot;275ebcc&quot;:&quot;410Text&quot;},&quot;showall&quot;:false,&quot;read_less&quot;:false,&quot;read_more_label&quot;:&quot;Continuer &quot;,&quot;read_more_icon&quot;:{&quot;value&quot;:&quot;fas fa-arrow-circle-right&quot;,&quot;library&quot;:&quot;fa-solid&quot;},&quot;read_less_label&quot;:null,&quot;read_less_icon&quot;:null,&quot;hide_all&quot;:false}\"><div class=\"jet-view-more__button\" role=\"button\" tabindex=\"0\"><div class=\"jet-view-more__icon jet-tricks-icon\"><svg aria-hidden=\"true\" class=\"e-font-icon-svg e-fas-arrow-circle-right\" viewBox=\"0 0 512 512\" xmlns=\"http:\/\/www.w3.org\/2000\/svg\"><path d=\"M256 8c137 0 248 111 248 248S393 504 256 504 8 393 8 256 119 8 256 8zm-28.9 143.6l75.5 72.4H120c-13.3 0-24 10.7-24 24v16c0 13.3 10.7 24 24 24h182.6l-75.5 72.4c-9.7 9.3-9.9 24.8-.4 34.3l11 10.9c9.4 9.4 24.6 9.4 33.9 0L404.3 273c9.4-9.4 9.4-24.6 0-33.9L271.6 106.3c-9.4-9.4-24.6-9.4-33.9 0l-11 10.9c-9.5 9.6-9.3 25.1.4 34.4z\"><\/path><\/svg><\/div><div class=\"jet-view-more__label\">Continuer <\/div><\/div><\/div>\t\t\t\t<\/div>\n\t\t\t\t<\/div>\n\t\t\t\t<div class=\"elementor-element elementor-element-9b2efd3 elementor-widget__width-initial elementor-widget-mobile__width-initial elementor-widget elementor-widget-jet-audio\" data-id=\"9b2efd3\" data-element_type=\"widget\" data-e-type=\"widget\" data-widget_type=\"jet-audio.default\">\n\t\t\t\t<div class=\"elementor-widget-container\">\n\t\t\t\t\t<div class=\"elementor-jet-audio jet-elements\">\n\t\t<div class=\"jet-audio jet-audio--fa5-compat\" data-audio-settings=\"{&quot;controls&quot;:[&quot;playpause&quot;,&quot;current&quot;,&quot;progress&quot;,&quot;duration&quot;,&quot;volume&quot;],&quot;startVolume&quot;:0.80000000000000004,&quot;hideVolumeOnTouchDevices&quot;:true}\">\n\t\t\t\t\t\t\t<audio class=\"jet-audio-player\" preload=\"none\" controls=\"\" src=\"https:\/\/rundgang.museumdurbach.de\/wp-content\/uploads\/2023\/06\/410-F.mp3\" width=\"100%\"><\/audio>\n\t\t\t\t\t<\/div>\n\n\t\t<\/div>\t\t\t\t<\/div>\n\t\t\t\t<\/div>\n\t\t\t\t<\/div>\n\t\t\t\t\t<\/div>\n\t\t\t\t<\/div>\n\t\t<div class=\"elementor-element elementor-element-29426d7 e-flex e-con-boxed e-con e-parent\" data-id=\"29426d7\" data-element_type=\"container\" data-e-type=\"container\" data-settings=\"{&quot;jet_parallax_layout_list&quot;:[]}\">\n\t\t\t\t\t<div class=\"e-con-inner\">\n\t\t<div class=\"elementor-element elementor-element-74da1ea e-con-full e-flex e-con e-child\" data-id=\"74da1ea\" data-element_type=\"container\" data-e-type=\"container\" data-settings=\"{&quot;jet_parallax_layout_list&quot;:[]}\">\n\t\t\t\t<div class=\"elementor-element elementor-element-b82427c elementor-align-left elementor-widget__width-initial elementor-widget elementor-widget-raven-button\" data-id=\"b82427c\" data-element_type=\"widget\" data-e-type=\"widget\" data-settings=\"{&quot;turn_to_popup_action_button&quot;:&quot;no&quot;}\" data-widget_type=\"raven-button.default\">\n\t\t\t\t<div class=\"elementor-widget-container\">\n\t\t\t\t\t\t\t<div class=\"raven-widget-wrapper\">\n\t\t\t<a class=\"raven-button raven-button-widget-normal-effect-none  raven-button-text-align-left raven-button-link elementor-animation-none\" href=\"https:\/\/rundgang.museumdurbach.de\/fr\/400-grange\/\">\t\t\t\t<div class=\"raven-button-overlay\" ><\/div>\n\t\t\t\t<span class=\"raven-button-content\">\n\t\t\t\t\t\n\t\t\t\t\t<div class=\"button-text-container\">\n\t\t\t\t\t\t\t\t\t<span class=\"raven-button-icon raven-button-icon-position-left\">\n\t\t\t\t<svg aria-hidden=\"true\" class=\"e-font-icon-svg e-far-arrow-alt-circle-left\" viewBox=\"0 0 512 512\" xmlns=\"http:\/\/www.w3.org\/2000\/svg\"><path d=\"M8 256c0 137 111 248 248 248s248-111 248-248S393 8 256 8 8 119 8 256zm448 0c0 110.5-89.5 200-200 200S56 366.5 56 256 145.5 56 256 56s200 89.5 200 200zm-72-20v40c0 6.6-5.4 12-12 12H256v67c0 10.7-12.9 16-20.5 8.5l-99-99c-4.7-4.7-4.7-12.3 0-17l99-99c7.6-7.6 20.5-2.2 20.5 8.5v67h116c6.6 0 12 5.4 12 12z\"><\/path><\/svg>\t\t\t<\/span>\n\t\t\t\t\t\t\t\t<div class=\"raven-button-texts-wrapper\">\n\t\t\t\t\t\t\t<div class=\"button-text\">\n\t\t\t\t\t\t\t\t<span class=\"raven-button-text\">\n\t\t\t\t\t\t\t\t\tAper\u00e7u\t\t\t\t\t\t\t\t<\/span>\n\t\t\t\t\t\t\t<\/div>\n\t\t\t\t\t\t\t\t\t\t\t\t\t<\/div>\n\t\t\t\t\t\t\t\t\t\t\t<\/div>\n\t\t\t\t\t\n\t\t\t\t\t\t\t\t\t<\/span>\n\t\t\t<\/a>\t\t<\/div>\n\t\t\t\t\t\t<\/div>\n\t\t\t\t<\/div>\n\t\t\t\t<\/div>\n\t\t<div class=\"elementor-element elementor-element-60d5a55 e-con-full e-flex e-con e-child\" data-id=\"60d5a55\" data-element_type=\"container\" data-e-type=\"container\" data-settings=\"{&quot;jet_parallax_layout_list&quot;:[]}\">\n\t\t\t\t<\/div>\n\t\t<div class=\"elementor-element elementor-element-d8e0660 e-con-full e-flex e-con e-child\" data-id=\"d8e0660\" data-element_type=\"container\" data-e-type=\"container\" data-settings=\"{&quot;jet_parallax_layout_list&quot;:[]}\">\n\t\t\t\t<div class=\"elementor-element elementor-element-b8fd7c0 elementor-align-right elementor-widget__width-initial elementor-widget elementor-widget-raven-button\" data-id=\"b8fd7c0\" data-element_type=\"widget\" data-e-type=\"widget\" data-settings=\"{&quot;turn_to_popup_action_button&quot;:&quot;no&quot;}\" data-widget_type=\"raven-button.default\">\n\t\t\t\t<div class=\"elementor-widget-container\">\n\t\t\t\t\t\t\t<div class=\"raven-widget-wrapper\">\n\t\t\t<a class=\"raven-button raven-button-widget-normal-effect-none  raven-button-text-align-right raven-button-link elementor-animation-none\" href=\"https:\/\/rundgang.museumdurbach.de\/fr\/430-premier-etage-trippel\/\">\t\t\t\t<div class=\"raven-button-overlay\" ><\/div>\n\t\t\t\t<span class=\"raven-button-content\">\n\t\t\t\t\t\n\t\t\t\t\t<div class=\"button-text-container\">\n\t\t\t\t\t\t\t\t\t\t\t\t<div class=\"raven-button-texts-wrapper\">\n\t\t\t\t\t\t\t<div class=\"button-text\">\n\t\t\t\t\t\t\t\t<span class=\"raven-button-text\">\n\t\t\t\t\t\t\t\t\tTour\t\t\t\t\t\t\t\t<\/span>\n\t\t\t\t\t\t\t<\/div>\n\t\t\t\t\t\t\t\t\t\t\t\t\t<\/div>\n\t\t\t\t\t\t\t\t\t<span class=\"raven-button-icon raven-button-icon-position-right\">\n\t\t\t\t<svg aria-hidden=\"true\" class=\"e-font-icon-svg e-far-arrow-alt-circle-right\" viewBox=\"0 0 512 512\" xmlns=\"http:\/\/www.w3.org\/2000\/svg\"><path d=\"M504 256C504 119 393 8 256 8S8 119 8 256s111 248 248 248 248-111 248-248zm-448 0c0-110.5 89.5-200 200-200s200 89.5 200 200-89.5 200-200 200S56 366.5 56 256zm72 20v-40c0-6.6 5.4-12 12-12h116v-67c0-10.7 12.9-16 20.5-8.5l99 99c4.7 4.7 4.7 12.3 0 17l-99 99c-7.6 7.6-20.5 2.2-20.5-8.5v-67H140c-6.6 0-12-5.4-12-12z\"><\/path><\/svg>\t\t\t<\/span>\n\t\t\t\t\t\t\t<\/div>\n\t\t\t\t\t\n\t\t\t\t\t\t\t\t\t<\/span>\n\t\t\t<\/a>\t\t<\/div>\n\t\t\t\t\t\t<\/div>\n\t\t\t\t<\/div>\n\t\t\t\t<\/div>\n\t\t\t\t\t<\/div>\n\t\t\t\t<\/div>\n\t\t\t\t<\/div>\n\t\t","protected":false},"excerpt":{"rendered":"<p>410 Grange \u00e0 voitures Les vieux chariots en bois avec des pneus en fer ont trouv\u00e9 une place digne dans le mus\u00e9e du Vin et du patrimoine. Seuls quelques ma\u00eetres charrons sont encore en mesure de restaurer ces anciens v\u00e9hicules ou m\u00eame d\u2019en remplacer certaines pi\u00e8ces. Au cours des derni\u00e8res ann\u00e9es, notre mus\u00e9e a restaur\u00e9 [&hellip;]<\/p>\n","protected":false},"author":1,"featured_media":0,"parent":0,"menu_order":0,"comment_status":"closed","ping_status":"closed","template":"","meta":{"_acf_changed":false,"footnotes":""},"class_list":["post-3056","page","type-page","status-publish","hentry"],"acf":[],"_links":{"self":[{"href":"https:\/\/rundgang.museumdurbach.de\/fr\/wp-json\/wp\/v2\/pages\/3056","targetHints":{"allow":["GET"]}}],"collection":[{"href":"https:\/\/rundgang.museumdurbach.de\/fr\/wp-json\/wp\/v2\/pages"}],"about":[{"href":"https:\/\/rundgang.museumdurbach.de\/fr\/wp-json\/wp\/v2\/types\/page"}],"author":[{"embeddable":true,"href":"https:\/\/rundgang.museumdurbach.de\/fr\/wp-json\/wp\/v2\/users\/1"}],"replies":[{"embeddable":true,"href":"https:\/\/rundgang.museumdurbach.de\/fr\/wp-json\/wp\/v2\/comments?post=3056"}],"version-history":[{"count":5,"href":"https:\/\/rundgang.museumdurbach.de\/fr\/wp-json\/wp\/v2\/pages\/3056\/revisions"}],"predecessor-version":[{"id":10071,"href":"https:\/\/rundgang.museumdurbach.de\/fr\/wp-json\/wp\/v2\/pages\/3056\/revisions\/10071"}],"wp:attachment":[{"href":"https:\/\/rundgang.museumdurbach.de\/fr\/wp-json\/wp\/v2\/media?parent=3056"}],"curies":[{"name":"wp","href":"https:\/\/api.w.org\/{rel}","templated":true}]}}