{"id":3562,"date":"2023-01-23T14:52:18","date_gmt":"2023-01-23T14:52:18","guid":{"rendered":"https:\/\/rundgang.museumdurbach.de\/211-lexploitation-miniere-a-durbach\/"},"modified":"2025-08-28T15:42:10","modified_gmt":"2025-08-28T15:42:10","slug":"211-lexploitation-miniere-a-durbach","status":"publish","type":"page","link":"https:\/\/rundgang.museumdurbach.de\/fr\/211-lexploitation-miniere-a-durbach\/","title":{"rendered":"211 L&rsquo;exploitation mini\u00e8re \u00e0 Durbach"},"content":{"rendered":"\t\t<div data-elementor-type=\"wp-page\" data-elementor-id=\"3562\" class=\"elementor elementor-3562 elementor-3533\">\n\t\t\t\t<div class=\"elementor-element elementor-element-d13494c e-con-full e-flex e-con e-parent\" data-id=\"d13494c\" data-element_type=\"container\" data-e-type=\"container\" data-settings=\"{&quot;jet_parallax_layout_list&quot;:[]}\">\n\t\t\t\t<div class=\"jupiter-tooltip-widget elementor-element elementor-element-e56c658 elementor-widget__width-inherit elementor-widget elementor-widget-text-editor\" data-jupiter-tooltip-settings=\"{&quot;tooltip&quot;:&quot;&quot;,&quot;tooltipDescription&quot;:&quot;This is Tooltip!&quot;,&quot;tooltipPlacement&quot;:&quot;top&quot;,&quot;tooltipArrow&quot;:true,&quot;xOffset&quot;:0,&quot;yOffset&quot;:0,&quot;tooltipAnimation&quot;:&quot;fade&quot;,&quot;tooltipTrigger&quot;:&quot;mouseenter&quot;,&quot;zIndex&quot;:999,&quot;customSelector&quot;:&quot;&quot;,&quot;delay&quot;:0}\" data-id=\"e56c658\" data-element_type=\"widget\" data-e-type=\"widget\" data-widget_type=\"text-editor.default\">\n\t\t\t\t<div class=\"elementor-widget-container\">\n\t\t\t\t\t\t\t\t\t<p>211 L&rsquo;exploitation mini\u00e8re \u00e0 Durbach<\/p>\n\t\t\t\t\t\t\t\t<\/div>\n\t\t\t\t<\/div>\n\t\t\t\t<div class=\"elementor-element elementor-element-921abb6 elementor-widget__width-inherit elementor-widget elementor-widget-jet-images-layout\" data-id=\"921abb6\" data-element_type=\"widget\" data-e-type=\"widget\" data-settings=\"{&quot;columns&quot;:&quot;1&quot;}\" data-widget_type=\"jet-images-layout.default\">\n\t\t\t\t<div class=\"elementor-widget-container\">\n\t\t\t\t\t<div class=\"elementor-jet-images-layout jet-elements\">\n<div class=\"jet-images-layout layout-type-grid\" data-settings='{&quot;layoutType&quot;:&quot;grid&quot;,&quot;justifyHeight&quot;:300}'>\n\t<div class=\"jet-images-layout__list col-row disable-cols-gap disable-rows-gap column-desktop-1 column-tablet-2 column-mobile-1\" >\n<div class=\"jet-images-layout__item col-desk-1\">\n\t<div class=\"jet-images-layout__inner\">\n\t\t<div class=\"jet-images-layout__image-loader\"><span><\/span><\/div>\n\t\t<div class=\"jet-images-layout__link \">\n\t\t\t<div class=\"jet-images-layout__image\">\n\t\t\t\t<img decoding=\"async\" class=\"jet-images-layout__image-instance\" src=\"https:\/\/rundgang.museumdurbach.de\/wp-content\/uploads\/2023\/01\/IMG_0080-1-scaled.jpg\" alt=\"IMG_0080-1\" loading=\"lazy\">\t\t\t<\/div>\n\t\t\t<div class=\"jet-images-layout__content\"><\/div>\n\t\t<\/div>\n\t<\/div>\n<\/div>\n<\/div><\/div>\n<\/div>\t\t\t\t<\/div>\n\t\t\t\t<\/div>\n\t\t\t\t<div class=\"elementor-element elementor-element-256cdbf elementor-widget__width-inherit elementor-widget-tablet__width-inherit elementor-widget-mobile__width-inherit elementor-widget elementor-widget-text-editor\" data-id=\"256cdbf\" data-element_type=\"widget\" data-e-type=\"widget\" data-widget_type=\"text-editor.default\">\n\t\t\t\t<div class=\"elementor-widget-container\">\n\t\t\t\t\t\t\t\t\t<p>Celui qui conna\u00eet Durbach comme un lieu r\u00e9put\u00e9 pour son vin ou comme une vill\u00e9giature peut difficilement s\u00b4imaginer que la commune a \u00e9galement un pass\u00e9 de site minier. D\u00e9j\u00e0 en 1560, nous trouvons les premi\u00e8res traces de l\u2019extraction et de la fusion du minerai de fer \u00e0 Durbach. \u2026<\/p>\n\t\t\t\t\t\t\t\t<\/div>\n\t\t\t\t<\/div>\n\t\t\t\t<div class=\"elementor-element elementor-element-6338c87 elementor-widget__width-inherit elementor-widget elementor-widget-text-editor\" data-id=\"6338c87\" data-element_type=\"widget\" data-e-type=\"widget\" id=\"211Text\" data-widget_type=\"text-editor.default\">\n\t\t\t\t<div class=\"elementor-widget-container\">\n\t\t\t\t\t\t\t\t\t<p>La &nbsp;limonite, un minerai de fer,&nbsp; tel que nous la voyons ici dans la vitrine de gauche provient de la r\u00e9gion de St. Anton. Les anciennes mines de minerai sont tr\u00e8s bien indiqu\u00e9es sur la &nbsp;carte historique de 1804 qui repr\u00e9sente les diff\u00e9rentes zones de la for\u00eat Hardtwald&nbsp;. C&rsquo;est Melchior Wiedergr\u00fcn von Staufenberg qui a exploit\u00e9 ce minerai de fer pendant de longues ann\u00e9es et qui a notamment fabriqu\u00e9 les belles&nbsp; plaques de po\u00eale&nbsp;que nous verrons plus tard un \u00e9tage plus haut. Etant donn\u00e9 qu&rsquo;on avait besoin de beaucoup de bois pour l\u2019extraction et la fusion du minerai de fer, des disputes entre les exploitants de la for\u00eat \u00e9clat\u00e8rent apr\u00e8s quelques ann\u00e9es. On ramena du bois \u00e9galement de la r\u00e9gion de la \u00abMoos\u00bb. En raison du manque de bois, l&rsquo;exploitation du minerai et la fonte ont \u00e9t\u00e9 arr\u00eat\u00e9es \u00e0 Durbach peu apr\u00e8s 1600, mais ont repris peu apr\u00e8s. Au milieu des ann\u00e9es 1600, le minerai de fer de Durbach \u00e9tait \u00e9galement fondu \u00e0 Oberkirch; plus tard, il &nbsp;\u00e9tait transport\u00e9 par des attelages de b\u0153ufs ou de chevaux jusqu&rsquo;\u00e0 B\u00fchlertal &nbsp;o\u00f9 il \u00e9tait m\u00e9lang\u00e9 \u00e0 du minerai de moindre qualit\u00e9.&nbsp; Le pr\u00e9cieux minerai de fer a \u00e9t\u00e9 extrait jusqu&rsquo;en 1791, date \u00e0 laquelle les gisements pr\u00e8s de St. Anton et autour du ch\u00e2teau de Staufenberg \u00e9taient \u00e9puis\u00e9s.<\/p>\n<p><span style=\"background-color: rgba(237, 216, 133, 0); color: var( --e-global-color-secondary );\">A certaines p\u00e9riodes, jusqu\u2019\u00e0 50 mineurs et tailleurs de pierre \u00e9taient employ\u00e9s dans la mine de minerai de Durbach. Un bon nombre d\u00b4entre eux taient originaires de Sil\u00e9sie, d\u00b4\u2019Italie ou du Tyrol. Jusqu\u2019\u00e0 pr\u00e9sent, il n\u2019a pas encore \u00e9t\u00e9 possible de d\u00e9terminer avec pr\u00e9cision o\u00f9 se d\u00e9roulait la fonte des m\u00e9taux \u00e0 Durbach avant 1600. La plupart des veines de minerai sont aujourd\u2019hui ensevelies ou ont \u00e9t\u00e9 victimes des bulldozers lors des replantations de vignes au cours des derni\u00e8res d\u00e9cennies .&nbsp;<\/span><\/p>\n<div>\n<p><span style=\"color: var( --e-global-color-secondary ); background-color: rgba(237, 216, 133, 0);\">On sait depuis longtemps que l&rsquo;exploitation mini\u00e8re s&rsquo;est poursuivie dans le hameau \u00ab\u00a0Hilsbach\u00a0\u00bb, probablement jusqu&rsquo;au 17e si\u00e8cle. L&#8217;emplacement de l&rsquo;ancienne maison de la mine sur l&rsquo;actuelle parcelle 252 (aujourd&rsquo;hui propri\u00e9t\u00e9 Glanzmann, anciennement Klier) est \u00e9galement un indice de la pr\u00e9sence des fosses de la mine \u00e0 proximit\u00e9 imm\u00e9diate.&nbsp;<\/span>Selon la tradition, plusieurs \u00ab\u00a0sources\u00a0\u00bb d&rsquo;approvisionnement en eau \u00e0 Hilsbach sont pr\u00e9lev\u00e9es dans d&rsquo;anciennes fosses ou galeries. Ainsi, d&rsquo;anciennes ouvertures de fosses devraient se trouver sur les parcelles actuelles num\u00e9ros 216, 245 et 253.<\/p>\n<p>Selon le r\u00e9cit des riverains, la fosse situ\u00e9e dans la zone viticole sur la parcelle num\u00e9ro 252 a \u00e9t\u00e9 ouverte vers 1970. \u00c0 l&rsquo;\u00e9poque, l&rsquo;entr\u00e9e de la mine avait \u00e9t\u00e9 d\u00e9gag\u00e9e en raison de l&rsquo;approvisionnement en eau et une longue perche avait \u00e9t\u00e9 utilis\u00e9e pour tenter d&rsquo;en sonder l&rsquo;extr\u00e9mit\u00e9. D\u00e9j\u00e0 \u00e0 l&rsquo;\u00e9poque, il n&rsquo;\u00e9tait pas possible de d\u00e9terminer la profondeur de la fosse ou la fin de la galerie.&nbsp;En d\u00e9cembre 2005, l&rsquo;entr\u00e9e de la fosse a ensuite \u00e9t\u00e9 d\u00e9gag\u00e9e \u00e0 l&rsquo;aide d&rsquo;une pelleteuse par les habitants Glanzmann\/Leible\/Benz, d&rsquo;une part parce que l&rsquo;eau pour l&rsquo;approvisionnement en eau industrielle avait fortement diminu\u00e9 et d&rsquo;autre part parce qu&rsquo;un nouveau nivellement du terrain viticole adjacent \u00e9tait pr\u00e9vu.<\/p>\n<p>La \u00ab\u00a0chambre de captage\u00a0\u00bb pour l&rsquo;approvisionnement en eau se trouve sur la parcelle num\u00e9ro 252, juste en dessous de la limite avec la parcelle num\u00e9ro 253 et directement adjacente au chemin pi\u00e9tonnier parcelle num\u00e9ro 251. L&rsquo;entr\u00e9e de la fosse, et donc la \u00ab\u00a0source\u00a0\u00bb pour la chambre de captage, a maintenant \u00e9t\u00e9 trouv\u00e9e \u00e0 une profondeur &nbsp;d&rsquo;environ 2 m\u00e8tres et \u00e0 16 m\u00e8tres au nord-est en remontant la pente,&nbsp; \u00e0 une distance de 2 m\u00e8tres du chemin pi\u00e9tonnier sur la parcelle num\u00e9ro 253. La bouche de la mine \u00e9tait ferm\u00e9e avec de l&rsquo;argile pour retenir l&rsquo;eau. L&rsquo;ancienne conduite d&rsquo;eau \u00e9tait envahie de racines de vigne, de sorte que l&rsquo;eau ne pouvait pratiquement plus passer. La canalisation servant d&rsquo;arriv\u00e9e \u00e0 la chambre de captage a donc \u00e9t\u00e9 remplac\u00e9e par un tuyau de dix centim\u00e8tres de diam\u00e8tre.<\/p>\n<p>La bouche de la galerie est dans sa partie sup\u00e9rieure&nbsp;<span style=\"color: var( --e-global-color-secondary ); background-color: rgba(237, 216, 133, 0);\">ronde et tr\u00e8s lisse et a une largeur d&rsquo;environ deux m\u00e8tres. La profondeur de la galerie a \u00e9t\u00e9 \u00e9valu\u00e9e \u00e0 environ 2,5 m\u00e8tres. M\u00eame avec de puissantes lampes de poche, il n&rsquo;a pas \u00e9t\u00e9 possible de d\u00e9terminer jusqu&rsquo;o\u00f9 la galerie s&rsquo;enfon\u00e7ait dans la montagne.<\/span><\/p>\n<\/div>\t\t\t\t\t\t\t\t<\/div>\n\t\t\t\t<\/div>\n\t\t<div class=\"elementor-element elementor-element-e0cdde6 e-con-full e-flex e-con e-child\" data-id=\"e0cdde6\" data-element_type=\"container\" data-e-type=\"container\" data-settings=\"{&quot;jet_parallax_layout_list&quot;:[]}\">\n\t\t\t\t<div class=\"elementor-element elementor-element-3582f4d elementor-widget-mobile__width-initial elementor-widget__width-auto elementor-widget elementor-widget-jet-view-more\" data-id=\"3582f4d\" data-element_type=\"widget\" data-e-type=\"widget\" data-widget_type=\"jet-view-more.default\">\n\t\t\t\t<div class=\"elementor-widget-container\">\n\t\t\t\t\t<div class=\"jet-view-more\" data-settings=\"{&quot;effect&quot;:&quot;fade&quot;,&quot;hide_effect&quot;:null,&quot;sections&quot;:{&quot;275ebcc&quot;:&quot;211Text&quot;},&quot;showall&quot;:false,&quot;read_less&quot;:false,&quot;read_more_label&quot;:&quot;Continuer &quot;,&quot;read_more_icon&quot;:{&quot;value&quot;:&quot;fas fa-arrow-circle-right&quot;,&quot;library&quot;:&quot;fa-solid&quot;},&quot;read_less_label&quot;:null,&quot;read_less_icon&quot;:null,&quot;hide_all&quot;:false}\"><div class=\"jet-view-more__button\" role=\"button\" tabindex=\"0\"><div class=\"jet-view-more__icon jet-tricks-icon\"><svg aria-hidden=\"true\" class=\"e-font-icon-svg e-fas-arrow-circle-right\" viewBox=\"0 0 512 512\" xmlns=\"http:\/\/www.w3.org\/2000\/svg\"><path d=\"M256 8c137 0 248 111 248 248S393 504 256 504 8 393 8 256 119 8 256 8zm-28.9 143.6l75.5 72.4H120c-13.3 0-24 10.7-24 24v16c0 13.3 10.7 24 24 24h182.6l-75.5 72.4c-9.7 9.3-9.9 24.8-.4 34.3l11 10.9c9.4 9.4 24.6 9.4 33.9 0L404.3 273c9.4-9.4 9.4-24.6 0-33.9L271.6 106.3c-9.4-9.4-24.6-9.4-33.9 0l-11 10.9c-9.5 9.6-9.3 25.1.4 34.4z\"><\/path><\/svg><\/div><div class=\"jet-view-more__label\">Continuer <\/div><\/div><\/div>\t\t\t\t<\/div>\n\t\t\t\t<\/div>\n\t\t\t\t<div class=\"elementor-element elementor-element-be88ec9 elementor-widget__width-initial elementor-widget-mobile__width-initial elementor-widget elementor-widget-jet-audio\" data-id=\"be88ec9\" data-element_type=\"widget\" data-e-type=\"widget\" data-widget_type=\"jet-audio.default\">\n\t\t\t\t<div class=\"elementor-widget-container\">\n\t\t\t\t\t<div class=\"elementor-jet-audio jet-elements\">\n\t\t<div class=\"jet-audio jet-audio--fa5-compat\" data-audio-settings=\"{&quot;controls&quot;:[&quot;playpause&quot;,&quot;current&quot;,&quot;progress&quot;,&quot;duration&quot;,&quot;volume&quot;],&quot;startVolume&quot;:0.80000000000000004,&quot;hideVolumeOnTouchDevices&quot;:true}\">\n\t\t\t\t\t\t\t<audio class=\"jet-audio-player\" preload=\"none\" controls=\"\" src=\"https:\/\/rundgang.museumdurbach.de\/wp-content\/uploads\/2023\/04\/211-F.mp3\" width=\"100%\"><\/audio>\n\t\t\t\t\t<\/div>\n\n\t\t<\/div>\t\t\t\t<\/div>\n\t\t\t\t<\/div>\n\t\t\t\t<\/div>\n\t\t\t\t<\/div>\n\t\t<div class=\"elementor-element elementor-element-cfdb313 e-flex e-con-boxed e-con e-parent\" data-id=\"cfdb313\" data-element_type=\"container\" data-e-type=\"container\" data-settings=\"{&quot;jet_parallax_layout_list&quot;:[]}\">\n\t\t\t\t\t<div class=\"e-con-inner\">\n\t\t<div class=\"elementor-element elementor-element-8cbbedd e-con-full e-flex e-con e-child\" data-id=\"8cbbedd\" data-element_type=\"container\" data-e-type=\"container\" data-settings=\"{&quot;jet_parallax_layout_list&quot;:[]}\">\n\t\t\t\t<div class=\"elementor-element elementor-element-7553d8c elementor-align-left elementor-widget__width-initial elementor-widget elementor-widget-raven-button\" data-id=\"7553d8c\" data-element_type=\"widget\" data-e-type=\"widget\" data-settings=\"{&quot;turn_to_popup_action_button&quot;:&quot;no&quot;}\" data-widget_type=\"raven-button.default\">\n\t\t\t\t<div class=\"elementor-widget-container\">\n\t\t\t\t\t\t\t<div class=\"raven-widget-wrapper\">\n\t\t\t<a class=\"raven-button raven-button-widget-normal-effect-none  raven-button-text-align-left raven-button-link elementor-animation-none\" href=\"https:\/\/rundgang.museumdurbach.de\/fr\/210-rez-de-chaussee\/\">\t\t\t\t<div class=\"raven-button-overlay\" ><\/div>\n\t\t\t\t<span class=\"raven-button-content\">\n\t\t\t\t\t\n\t\t\t\t\t<div class=\"button-text-container\">\n\t\t\t\t\t\t\t\t\t<span class=\"raven-button-icon raven-button-icon-position-left\">\n\t\t\t\t<svg aria-hidden=\"true\" class=\"e-font-icon-svg e-far-arrow-alt-circle-left\" viewBox=\"0 0 512 512\" xmlns=\"http:\/\/www.w3.org\/2000\/svg\"><path d=\"M8 256c0 137 111 248 248 248s248-111 248-248S393 8 256 8 8 119 8 256zm448 0c0 110.5-89.5 200-200 200S56 366.5 56 256 145.5 56 256 56s200 89.5 200 200zm-72-20v40c0 6.6-5.4 12-12 12H256v67c0 10.7-12.9 16-20.5 8.5l-99-99c-4.7-4.7-4.7-12.3 0-17l99-99c7.6-7.6 20.5-2.2 20.5 8.5v67h116c6.6 0 12 5.4 12 12z\"><\/path><\/svg>\t\t\t<\/span>\n\t\t\t\t\t\t\t\t<div class=\"raven-button-texts-wrapper\">\n\t\t\t\t\t\t\t<div class=\"button-text\">\n\t\t\t\t\t\t\t\t<span class=\"raven-button-text\">\n\t\t\t\t\t\t\t\t\tAper\u00e7u\t\t\t\t\t\t\t\t<\/span>\n\t\t\t\t\t\t\t<\/div>\n\t\t\t\t\t\t\t\t\t\t\t\t\t<\/div>\n\t\t\t\t\t\t\t\t\t\t\t<\/div>\n\t\t\t\t\t\n\t\t\t\t\t\t\t\t\t<\/span>\n\t\t\t<\/a>\t\t<\/div>\n\t\t\t\t\t\t<\/div>\n\t\t\t\t<\/div>\n\t\t\t\t<\/div>\n\t\t<div class=\"elementor-element elementor-element-322d500 e-con-full e-flex e-con e-child\" data-id=\"322d500\" data-element_type=\"container\" data-e-type=\"container\" data-settings=\"{&quot;jet_parallax_layout_list&quot;:[]}\">\n\t\t\t\t<\/div>\n\t\t<div class=\"elementor-element elementor-element-5575d47 e-con-full e-flex e-con e-child\" data-id=\"5575d47\" data-element_type=\"container\" data-e-type=\"container\" data-settings=\"{&quot;jet_parallax_layout_list&quot;:[]}\">\n\t\t\t\t<div class=\"elementor-element elementor-element-014e6f0 elementor-align-right elementor-widget__width-initial elementor-widget elementor-widget-raven-button\" data-id=\"014e6f0\" data-element_type=\"widget\" data-e-type=\"widget\" data-settings=\"{&quot;turn_to_popup_action_button&quot;:&quot;no&quot;}\" data-widget_type=\"raven-button.default\">\n\t\t\t\t<div class=\"elementor-widget-container\">\n\t\t\t\t\t\t\t<div class=\"raven-widget-wrapper\">\n\t\t\t<a class=\"raven-button raven-button-widget-normal-effect-none  raven-button-text-align-right raven-button-link elementor-animation-none\" href=\"https:\/\/rundgang.museumdurbach.de\/fr\/212-geologie\/\">\t\t\t\t<div class=\"raven-button-overlay\" ><\/div>\n\t\t\t\t<span class=\"raven-button-content\">\n\t\t\t\t\t\n\t\t\t\t\t<div class=\"button-text-container\">\n\t\t\t\t\t\t\t\t\t\t\t\t<div class=\"raven-button-texts-wrapper\">\n\t\t\t\t\t\t\t<div class=\"button-text\">\n\t\t\t\t\t\t\t\t<span class=\"raven-button-text\">\n\t\t\t\t\t\t\t\t\tTour\t\t\t\t\t\t\t\t<\/span>\n\t\t\t\t\t\t\t<\/div>\n\t\t\t\t\t\t\t\t\t\t\t\t\t<\/div>\n\t\t\t\t\t\t\t\t\t<span class=\"raven-button-icon raven-button-icon-position-right\">\n\t\t\t\t<svg aria-hidden=\"true\" class=\"e-font-icon-svg e-far-arrow-alt-circle-right\" viewBox=\"0 0 512 512\" xmlns=\"http:\/\/www.w3.org\/2000\/svg\"><path d=\"M504 256C504 119 393 8 256 8S8 119 8 256s111 248 248 248 248-111 248-248zm-448 0c0-110.5 89.5-200 200-200s200 89.5 200 200-89.5 200-200 200S56 366.5 56 256zm72 20v-40c0-6.6 5.4-12 12-12h116v-67c0-10.7 12.9-16 20.5-8.5l99 99c4.7 4.7 4.7 12.3 0 17l-99 99c-7.6 7.6-20.5 2.2-20.5-8.5v-67H140c-6.6 0-12-5.4-12-12z\"><\/path><\/svg>\t\t\t<\/span>\n\t\t\t\t\t\t\t<\/div>\n\t\t\t\t\t\n\t\t\t\t\t\t\t\t\t<\/span>\n\t\t\t<\/a>\t\t<\/div>\n\t\t\t\t\t\t<\/div>\n\t\t\t\t<\/div>\n\t\t\t\t<\/div>\n\t\t\t\t\t<\/div>\n\t\t\t\t<\/div>\n\t\t\t\t<\/div>\n\t\t","protected":false},"excerpt":{"rendered":"<p>211 L&rsquo;exploitation mini\u00e8re \u00e0 Durbach Celui qui conna\u00eet Durbach comme un lieu r\u00e9put\u00e9 pour son vin ou comme une vill\u00e9giature peut difficilement s\u00b4imaginer que la commune a \u00e9galement un pass\u00e9 de site minier. D\u00e9j\u00e0 en 1560, nous trouvons les premi\u00e8res traces de l\u2019extraction et de la fusion du minerai de fer \u00e0 Durbach. \u2026 La [&hellip;]<\/p>\n","protected":false},"author":1,"featured_media":0,"parent":0,"menu_order":0,"comment_status":"closed","ping_status":"closed","template":"","meta":{"_acf_changed":false,"footnotes":""},"class_list":["post-3562","page","type-page","status-publish","hentry"],"acf":[],"_links":{"self":[{"href":"https:\/\/rundgang.museumdurbach.de\/fr\/wp-json\/wp\/v2\/pages\/3562","targetHints":{"allow":["GET"]}}],"collection":[{"href":"https:\/\/rundgang.museumdurbach.de\/fr\/wp-json\/wp\/v2\/pages"}],"about":[{"href":"https:\/\/rundgang.museumdurbach.de\/fr\/wp-json\/wp\/v2\/types\/page"}],"author":[{"embeddable":true,"href":"https:\/\/rundgang.museumdurbach.de\/fr\/wp-json\/wp\/v2\/users\/1"}],"replies":[{"embeddable":true,"href":"https:\/\/rundgang.museumdurbach.de\/fr\/wp-json\/wp\/v2\/comments?post=3562"}],"version-history":[{"count":8,"href":"https:\/\/rundgang.museumdurbach.de\/fr\/wp-json\/wp\/v2\/pages\/3562\/revisions"}],"predecessor-version":[{"id":9981,"href":"https:\/\/rundgang.museumdurbach.de\/fr\/wp-json\/wp\/v2\/pages\/3562\/revisions\/9981"}],"wp:attachment":[{"href":"https:\/\/rundgang.museumdurbach.de\/fr\/wp-json\/wp\/v2\/media?parent=3562"}],"curies":[{"name":"wp","href":"https:\/\/api.w.org\/{rel}","templated":true}]}}