{"id":3584,"date":"2023-01-24T04:48:26","date_gmt":"2023-01-24T04:48:26","guid":{"rendered":"https:\/\/rundgang.museumdurbach.de\/212-geologie\/"},"modified":"2025-08-28T15:43:10","modified_gmt":"2025-08-28T15:43:10","slug":"212-geologie","status":"publish","type":"page","link":"https:\/\/rundgang.museumdurbach.de\/fr\/212-geologie\/","title":{"rendered":"212 G\u00e9ologie"},"content":{"rendered":"\t\t<div data-elementor-type=\"wp-page\" data-elementor-id=\"3584\" class=\"elementor elementor-3584 elementor-3565\">\n\t\t\t\t<div class=\"elementor-element elementor-element-d13494c e-flex e-con-boxed e-con e-parent\" data-id=\"d13494c\" data-element_type=\"container\" data-e-type=\"container\" data-settings=\"{&quot;jet_parallax_layout_list&quot;:[]}\">\n\t\t\t\t\t<div class=\"e-con-inner\">\n\t\t\t\t<div class=\"jupiter-tooltip-widget elementor-element elementor-element-e56c658 elementor-widget elementor-widget-text-editor\" data-jupiter-tooltip-settings=\"{&quot;tooltip&quot;:&quot;&quot;,&quot;tooltipDescription&quot;:&quot;This is Tooltip!&quot;,&quot;tooltipPlacement&quot;:&quot;top&quot;,&quot;tooltipArrow&quot;:true,&quot;xOffset&quot;:0,&quot;yOffset&quot;:0,&quot;tooltipAnimation&quot;:&quot;fade&quot;,&quot;tooltipTrigger&quot;:&quot;mouseenter&quot;,&quot;zIndex&quot;:999,&quot;customSelector&quot;:&quot;&quot;,&quot;delay&quot;:0}\" data-id=\"e56c658\" data-element_type=\"widget\" data-e-type=\"widget\" data-widget_type=\"text-editor.default\">\n\t\t\t\t<div class=\"elementor-widget-container\">\n\t\t\t\t\t\t\t\t\t<p>212 G\u00e9ologie<\/p>\n\t\t\t\t\t\t\t\t<\/div>\n\t\t\t\t<\/div>\n\t\t\t\t<div class=\"elementor-element elementor-element-921abb6 elementor-widget-mobile__width-inherit elementor-widget elementor-widget-jet-images-layout\" data-id=\"921abb6\" data-element_type=\"widget\" data-e-type=\"widget\" data-settings=\"{&quot;columns&quot;:&quot;1&quot;}\" data-widget_type=\"jet-images-layout.default\">\n\t\t\t\t<div class=\"elementor-widget-container\">\n\t\t\t\t\t<div class=\"elementor-jet-images-layout jet-elements\">\n<div class=\"jet-images-layout layout-type-grid\" data-settings='{&quot;layoutType&quot;:&quot;grid&quot;,&quot;justifyHeight&quot;:300}'>\n\t<div class=\"jet-images-layout__list col-row disable-cols-gap disable-rows-gap column-desktop-1 column-tablet-2 column-mobile-1\" >\n<div class=\"jet-images-layout__item col-desk-1\">\n\t<div class=\"jet-images-layout__inner\">\n\t\t<div class=\"jet-images-layout__image-loader\"><span><\/span><\/div>\n\t\t<div class=\"jet-images-layout__link \">\n\t\t\t<div class=\"jet-images-layout__image\">\n\t\t\t\t<img decoding=\"async\" class=\"jet-images-layout__image-instance\" src=\"https:\/\/rundgang.museumdurbach.de\/wp-content\/uploads\/2023\/08\/IMG_1969-2-scaled.jpg\" alt=\"IMG_1969-2\" loading=\"lazy\">\t\t\t<\/div>\n\t\t\t<div class=\"jet-images-layout__content\"><\/div>\n\t\t<\/div>\n\t<\/div>\n<\/div>\n<\/div><\/div>\n<\/div>\t\t\t\t<\/div>\n\t\t\t\t<\/div>\n\t\t\t\t<div class=\"elementor-element elementor-element-256cdbf elementor-widget__width-inherit elementor-widget-tablet__width-inherit elementor-widget-mobile__width-inherit elementor-widget elementor-widget-text-editor\" data-id=\"256cdbf\" data-element_type=\"widget\" data-e-type=\"widget\" data-widget_type=\"text-editor.default\">\n\t\t\t\t<div class=\"elementor-widget-container\">\n\t\t\t\t\t\t\t\t\t<p>Dans les vitrines, vous voyez des types de roches et des min\u00e9raux provenant exclusivement de la vall\u00e9e de Durbach. Comme vous le savez, le sol et la roche d\u00e9terminent dans une large mesure le vin qui est cultiv\u00e9 ici. Ainsi presque chaque cr\u00eate est compos\u00e9e d\u00b4une roche diff\u00e9rente et donne par cons\u00e9quent aux vins des diff\u00e9rents coteaux leur go\u00fbt sp\u00e9cifique. &#8230;<\/p>\n\t\t\t\t\t\t\t\t<\/div>\n\t\t\t\t<\/div>\n\t\t\t\t<div class=\"elementor-element elementor-element-6338c87 elementor-widget elementor-widget-text-editor\" data-id=\"6338c87\" data-element_type=\"widget\" data-e-type=\"widget\" id=\"212Text\" data-widget_type=\"text-editor.default\">\n\t\t\t\t<div class=\"elementor-widget-container\">\n\t\t\t\t\t\t\t\t\t<p>La plupart du temps il s\u00b4agit ici \u00e0 Durbach de sols de granits rong\u00e9s qui d\u00b4une part absorbent la chaleur pendant la journ\u00e9e en la lib\u00e9rant \u00e0 nouveau pendant la nuit, et de l\u00b4autre retiennent des quantit\u00e9s d\u00b4eau g\u00e9n\u00e9ralement suffisantes pour les vignes.<\/p>\n<p>Il est vrai qu\u00b4\u00e0 Durbach l\u00b4on ne trouve pas de pierres pr\u00e9cieuses: cependant ces belles agates de la zone Plauelrain et St\u00f6ckberg sont tout \u00e0 fait admirables. Elles furent trouv\u00e9es lors des travaux de nivellement dans le cadre du remembrement du Plauelrain. Il est \u00e9tonnant \u00e0 quel point les types de roche sont vari\u00e9es. Ainsi trouvons-nous la barytine et \u00e0 l\u00b4avant du Plauelrainer K\u00f6pfle et \u00e0 l\u00b4arri\u00e8re de la vall\u00e9e du Lautenbach o\u00f9 dans les ann\u00e9es trente de notre si\u00e8cle la barytine fut extraite pendant plusieurs ann\u00e9es dans diff\u00e9rentes galeries.<\/p>\n<p>Ces belles pierres de spath contenant une quantit\u00e9 importante de minerai furent extraites au printemps 1995 d\u00b4une ancienne galerie de minerai qui depuis lors fut toutefois referm\u00e9e pour des raisons de s\u00e9curit\u00e9. La r\u00e9gion de \u00abHeideknie\u00bb est d\u00b4un int\u00e9r\u00eat particulier pour les g\u00e9ologues. L\u00e0 nous trouvons sur une superficie relativement restreinte environ 10 types diff\u00e9rentes de roche. Il est par exemple int\u00e9ressant de constater qu\u00b4 \u00e0 une altitude d\u00b4environ 500 m\u00e8tres l\u00b4on trouve sur une superficie d\u00b4uniquement 20 x 20 m\u00e8tres ce schiste argileux dans lequel on peut m\u00eame en partie d\u00e9tecter des inclusions v\u00e9g\u00e9tales. Cette pioche et les outils de concassage viennent \u00e9galement de l\u00b4ancienne usine de barytine. En outre nous voyons dans cette vitrine une vieille lampe mini\u00e8re de carbure qui fut probablement utilis\u00e9e dans la mine pr\u00e8s de St. Anton.<\/p>\n<p>Une pierre qui est en fait insignifiante est appel\u00e9e \u00ab Durbachit\u00bb, donc nomm\u00e9e d\u00b4apr\u00e8s \u00abDurbach\u00bb; elle peut \u00eatre trouv\u00e9e dans la r\u00e9gion de l\u00b4Obertal jusqu\u00b4\u00e0 la vall\u00e9e de la Rench. <\/p>\n<p>Dans les environs du \u00abHohberg\u00bb (Enderleskopf) l\u00b4on d\u00e9couvre un filon d\u00b4 un magnifique spath fluor. La galerie m\u00e8ne jusqu\u00b4\u00e0 la vall\u00e9e de la Rench resp. jusqu\u00b4\u00e0 \u00d6dsbach\/Hesselbach o\u00f9 fut extrait du spath jusqu\u00b4au milieu des ann\u00e9es 1950. Cette jolie marche compos\u00e9e de grands cristaux merveilleux fut extraite par des membres de notre association gr\u00e2ce \u00e0 un travail p\u00e9nible. Le spath fluor, aussi nomm\u00e9 la fluorine, poss\u00e8de des couleurs changeantes allant du vert jusqu\u00b4au limpide ou le bleu\u00e2tre en fonction des min\u00e9raux ou des minerais se trouvant dans son environnement imm\u00e9diat. <\/p>\n<p>En outre nous voyons ici d\u00b4autres types de roche tel le granit, le gneis de la Rench, le granit d\u00b4Oberkirch, la sid\u00e9rite ou la baryte. Dans la r\u00e9gion de la Moos, \u00e0 partir d\u00b4une altitude d\u00b4environ 600 m\u00e8tres nous ne trouvons plus que du gr\u00e8s rose qui s\u00b4\u00e9tend jusque dans la r\u00e9gion de la \u00abHornisgrinde\u00bb.<\/p>\n\t\t\t\t\t\t\t\t<\/div>\n\t\t\t\t<\/div>\n\t\t<div class=\"elementor-element elementor-element-d88af4b e-con-full e-flex e-con e-child\" data-id=\"d88af4b\" data-element_type=\"container\" data-e-type=\"container\" data-settings=\"{&quot;jet_parallax_layout_list&quot;:[]}\">\n\t\t\t\t<div class=\"elementor-element elementor-element-75cf4a2 elementor-widget-mobile__width-initial elementor-widget__width-auto elementor-widget elementor-widget-jet-view-more\" data-id=\"75cf4a2\" data-element_type=\"widget\" data-e-type=\"widget\" data-widget_type=\"jet-view-more.default\">\n\t\t\t\t<div class=\"elementor-widget-container\">\n\t\t\t\t\t<div class=\"jet-view-more\" data-settings=\"{&quot;effect&quot;:&quot;fade&quot;,&quot;hide_effect&quot;:null,&quot;sections&quot;:{&quot;275ebcc&quot;:&quot;212Text&quot;},&quot;showall&quot;:false,&quot;read_less&quot;:false,&quot;read_more_label&quot;:&quot;Continuer &quot;,&quot;read_more_icon&quot;:{&quot;value&quot;:&quot;fas fa-arrow-circle-right&quot;,&quot;library&quot;:&quot;fa-solid&quot;},&quot;read_less_label&quot;:null,&quot;read_less_icon&quot;:null,&quot;hide_all&quot;:false}\"><div class=\"jet-view-more__button\" role=\"button\" tabindex=\"0\"><div class=\"jet-view-more__icon jet-tricks-icon\"><svg aria-hidden=\"true\" class=\"e-font-icon-svg e-fas-arrow-circle-right\" viewBox=\"0 0 512 512\" xmlns=\"http:\/\/www.w3.org\/2000\/svg\"><path d=\"M256 8c137 0 248 111 248 248S393 504 256 504 8 393 8 256 119 8 256 8zm-28.9 143.6l75.5 72.4H120c-13.3 0-24 10.7-24 24v16c0 13.3 10.7 24 24 24h182.6l-75.5 72.4c-9.7 9.3-9.9 24.8-.4 34.3l11 10.9c9.4 9.4 24.6 9.4 33.9 0L404.3 273c9.4-9.4 9.4-24.6 0-33.9L271.6 106.3c-9.4-9.4-24.6-9.4-33.9 0l-11 10.9c-9.5 9.6-9.3 25.1.4 34.4z\"><\/path><\/svg><\/div><div class=\"jet-view-more__label\">Continuer <\/div><\/div><\/div>\t\t\t\t<\/div>\n\t\t\t\t<\/div>\n\t\t\t\t<div class=\"elementor-element elementor-element-1604f17 elementor-widget__width-initial elementor-widget-mobile__width-initial elementor-widget elementor-widget-jet-audio\" data-id=\"1604f17\" data-element_type=\"widget\" data-e-type=\"widget\" data-widget_type=\"jet-audio.default\">\n\t\t\t\t<div class=\"elementor-widget-container\">\n\t\t\t\t\t<div class=\"elementor-jet-audio jet-elements\">\n\t\t<div class=\"jet-audio jet-audio--fa5-compat\" data-audio-settings=\"{&quot;controls&quot;:[&quot;playpause&quot;,&quot;current&quot;,&quot;progress&quot;,&quot;duration&quot;,&quot;volume&quot;],&quot;startVolume&quot;:0.80000000000000004,&quot;hideVolumeOnTouchDevices&quot;:true}\">\n\t\t\t\t\t\t\t<audio class=\"jet-audio-player\" preload=\"none\" controls=\"\" src=\"https:\/\/rundgang.museumdurbach.de\/wp-content\/uploads\/2023\/04\/212-F.mp3\" width=\"100%\"><\/audio>\n\t\t\t\t\t<\/div>\n\n\t\t<\/div>\t\t\t\t<\/div>\n\t\t\t\t<\/div>\n\t\t\t\t<\/div>\n\t\t\t\t\t<\/div>\n\t\t\t\t<\/div>\n\t\t<div class=\"elementor-element elementor-element-37f690d e-flex e-con-boxed e-con e-parent\" data-id=\"37f690d\" data-element_type=\"container\" data-e-type=\"container\" data-settings=\"{&quot;jet_parallax_layout_list&quot;:[]}\">\n\t\t\t\t\t<div class=\"e-con-inner\">\n\t\t<div class=\"elementor-element elementor-element-4738515 e-con-full e-flex e-con e-child\" data-id=\"4738515\" data-element_type=\"container\" data-e-type=\"container\" data-settings=\"{&quot;jet_parallax_layout_list&quot;:[]}\">\n\t\t\t\t<div class=\"elementor-element elementor-element-486ba67 elementor-align-left elementor-widget__width-initial elementor-widget elementor-widget-raven-button\" data-id=\"486ba67\" data-element_type=\"widget\" data-e-type=\"widget\" data-settings=\"{&quot;turn_to_popup_action_button&quot;:&quot;no&quot;}\" data-widget_type=\"raven-button.default\">\n\t\t\t\t<div class=\"elementor-widget-container\">\n\t\t\t\t\t\t\t<div class=\"raven-widget-wrapper\">\n\t\t\t<a class=\"raven-button raven-button-widget-normal-effect-none  raven-button-text-align-left raven-button-link elementor-animation-none\" href=\"https:\/\/rundgang.museumdurbach.de\/fr\/210-rez-de-chaussee\/\">\t\t\t\t<div class=\"raven-button-overlay\" ><\/div>\n\t\t\t\t<span class=\"raven-button-content\">\n\t\t\t\t\t\n\t\t\t\t\t<div class=\"button-text-container\">\n\t\t\t\t\t\t\t\t\t<span class=\"raven-button-icon raven-button-icon-position-left\">\n\t\t\t\t<svg aria-hidden=\"true\" class=\"e-font-icon-svg e-far-arrow-alt-circle-left\" viewBox=\"0 0 512 512\" xmlns=\"http:\/\/www.w3.org\/2000\/svg\"><path d=\"M8 256c0 137 111 248 248 248s248-111 248-248S393 8 256 8 8 119 8 256zm448 0c0 110.5-89.5 200-200 200S56 366.5 56 256 145.5 56 256 56s200 89.5 200 200zm-72-20v40c0 6.6-5.4 12-12 12H256v67c0 10.7-12.9 16-20.5 8.5l-99-99c-4.7-4.7-4.7-12.3 0-17l99-99c7.6-7.6 20.5-2.2 20.5 8.5v67h116c6.6 0 12 5.4 12 12z\"><\/path><\/svg>\t\t\t<\/span>\n\t\t\t\t\t\t\t\t<div class=\"raven-button-texts-wrapper\">\n\t\t\t\t\t\t\t<div class=\"button-text\">\n\t\t\t\t\t\t\t\t<span class=\"raven-button-text\">\n\t\t\t\t\t\t\t\t\tAper\u00e7u\t\t\t\t\t\t\t\t<\/span>\n\t\t\t\t\t\t\t<\/div>\n\t\t\t\t\t\t\t\t\t\t\t\t\t<\/div>\n\t\t\t\t\t\t\t\t\t\t\t<\/div>\n\t\t\t\t\t\n\t\t\t\t\t\t\t\t\t<\/span>\n\t\t\t<\/a>\t\t<\/div>\n\t\t\t\t\t\t<\/div>\n\t\t\t\t<\/div>\n\t\t\t\t<\/div>\n\t\t<div class=\"elementor-element elementor-element-f73389f e-con-full e-flex e-con e-child\" data-id=\"f73389f\" data-element_type=\"container\" data-e-type=\"container\" data-settings=\"{&quot;jet_parallax_layout_list&quot;:[]}\">\n\t\t\t\t<\/div>\n\t\t<div class=\"elementor-element elementor-element-573723d e-con-full e-flex e-con e-child\" data-id=\"573723d\" data-element_type=\"container\" data-e-type=\"container\" data-settings=\"{&quot;jet_parallax_layout_list&quot;:[]}\">\n\t\t\t\t<div class=\"elementor-element elementor-element-2158b90 elementor-align-right elementor-widget__width-initial elementor-widget elementor-widget-raven-button\" data-id=\"2158b90\" data-element_type=\"widget\" data-e-type=\"widget\" data-settings=\"{&quot;turn_to_popup_action_button&quot;:&quot;no&quot;}\" data-widget_type=\"raven-button.default\">\n\t\t\t\t<div class=\"elementor-widget-container\">\n\t\t\t\t\t\t\t<div class=\"raven-widget-wrapper\">\n\t\t\t<a class=\"raven-button raven-button-widget-normal-effect-none  raven-button-text-align-right raven-button-link elementor-animation-none\" href=\"https:\/\/rundgang.museumdurbach.de\/fr\/213-collection-haffner\/\">\t\t\t\t<div class=\"raven-button-overlay\" ><\/div>\n\t\t\t\t<span class=\"raven-button-content\">\n\t\t\t\t\t\n\t\t\t\t\t<div class=\"button-text-container\">\n\t\t\t\t\t\t\t\t\t\t\t\t<div class=\"raven-button-texts-wrapper\">\n\t\t\t\t\t\t\t<div class=\"button-text\">\n\t\t\t\t\t\t\t\t<span class=\"raven-button-text\">\n\t\t\t\t\t\t\t\t\tTour\t\t\t\t\t\t\t\t<\/span>\n\t\t\t\t\t\t\t<\/div>\n\t\t\t\t\t\t\t\t\t\t\t\t\t<\/div>\n\t\t\t\t\t\t\t\t\t<span class=\"raven-button-icon raven-button-icon-position-right\">\n\t\t\t\t<svg aria-hidden=\"true\" class=\"e-font-icon-svg e-far-arrow-alt-circle-right\" viewBox=\"0 0 512 512\" xmlns=\"http:\/\/www.w3.org\/2000\/svg\"><path d=\"M504 256C504 119 393 8 256 8S8 119 8 256s111 248 248 248 248-111 248-248zm-448 0c0-110.5 89.5-200 200-200s200 89.5 200 200-89.5 200-200 200S56 366.5 56 256zm72 20v-40c0-6.6 5.4-12 12-12h116v-67c0-10.7 12.9-16 20.5-8.5l99 99c4.7 4.7 4.7 12.3 0 17l-99 99c-7.6 7.6-20.5 2.2-20.5-8.5v-67H140c-6.6 0-12-5.4-12-12z\"><\/path><\/svg>\t\t\t<\/span>\n\t\t\t\t\t\t\t<\/div>\n\t\t\t\t\t\n\t\t\t\t\t\t\t\t\t<\/span>\n\t\t\t<\/a>\t\t<\/div>\n\t\t\t\t\t\t<\/div>\n\t\t\t\t<\/div>\n\t\t\t\t<\/div>\n\t\t\t\t\t<\/div>\n\t\t\t\t<\/div>\n\t\t\t\t<\/div>\n\t\t","protected":false},"excerpt":{"rendered":"<p>212 G\u00e9ologie Dans les vitrines, vous voyez des types de roches et des min\u00e9raux provenant exclusivement de la vall\u00e9e de Durbach. Comme vous le savez, le sol et la roche d\u00e9terminent dans une large mesure le vin qui est cultiv\u00e9 ici. Ainsi presque chaque cr\u00eate est compos\u00e9e d\u00b4une roche diff\u00e9rente et donne par cons\u00e9quent aux [&hellip;]<\/p>\n","protected":false},"author":1,"featured_media":0,"parent":0,"menu_order":0,"comment_status":"closed","ping_status":"closed","template":"","meta":{"_acf_changed":false,"footnotes":""},"class_list":["post-3584","page","type-page","status-publish","hentry"],"acf":[],"_links":{"self":[{"href":"https:\/\/rundgang.museumdurbach.de\/fr\/wp-json\/wp\/v2\/pages\/3584","targetHints":{"allow":["GET"]}}],"collection":[{"href":"https:\/\/rundgang.museumdurbach.de\/fr\/wp-json\/wp\/v2\/pages"}],"about":[{"href":"https:\/\/rundgang.museumdurbach.de\/fr\/wp-json\/wp\/v2\/types\/page"}],"author":[{"embeddable":true,"href":"https:\/\/rundgang.museumdurbach.de\/fr\/wp-json\/wp\/v2\/users\/1"}],"replies":[{"embeddable":true,"href":"https:\/\/rundgang.museumdurbach.de\/fr\/wp-json\/wp\/v2\/comments?post=3584"}],"version-history":[{"count":10,"href":"https:\/\/rundgang.museumdurbach.de\/fr\/wp-json\/wp\/v2\/pages\/3584\/revisions"}],"predecessor-version":[{"id":9984,"href":"https:\/\/rundgang.museumdurbach.de\/fr\/wp-json\/wp\/v2\/pages\/3584\/revisions\/9984"}],"wp:attachment":[{"href":"https:\/\/rundgang.museumdurbach.de\/fr\/wp-json\/wp\/v2\/media?parent=3584"}],"curies":[{"name":"wp","href":"https:\/\/api.w.org\/{rel}","templated":true}]}}