{"id":8698,"date":"2024-04-02T16:39:09","date_gmt":"2024-04-02T16:39:09","guid":{"rendered":"https:\/\/rundgang.museumdurbach.de\/269-fenetre-du-chateau9\/"},"modified":"2025-08-28T11:23:41","modified_gmt":"2025-08-28T11:23:41","slug":"269-fenetre-du-chateau9","status":"publish","type":"page","link":"https:\/\/rundgang.museumdurbach.de\/fr\/269-fenetre-du-chateau9\/","title":{"rendered":"269 Fen\u00eatre du ch\u00e2teau9"},"content":{"rendered":"\t\t<div data-elementor-type=\"wp-page\" data-elementor-id=\"8698\" class=\"elementor elementor-8698 elementor-8149\">\n\t\t\t\t<div class=\"elementor-element elementor-element-d13494c e-con-full e-flex e-con e-parent\" data-id=\"d13494c\" data-element_type=\"container\" data-e-type=\"container\" data-settings=\"{&quot;jet_parallax_layout_list&quot;:[]}\">\n\t\t\t\t<div class=\"jupiter-tooltip-widget elementor-element elementor-element-e56c658 elementor-widget elementor-widget-text-editor\" data-jupiter-tooltip-settings=\"{&quot;tooltip&quot;:&quot;&quot;,&quot;tooltipDescription&quot;:&quot;This is Tooltip!&quot;,&quot;tooltipPlacement&quot;:&quot;top&quot;,&quot;tooltipArrow&quot;:true,&quot;xOffset&quot;:0,&quot;yOffset&quot;:0,&quot;tooltipAnimation&quot;:&quot;fade&quot;,&quot;tooltipTrigger&quot;:&quot;mouseenter&quot;,&quot;zIndex&quot;:999,&quot;customSelector&quot;:&quot;&quot;,&quot;delay&quot;:0}\" data-id=\"e56c658\" data-element_type=\"widget\" data-e-type=\"widget\" data-widget_type=\"text-editor.default\">\n\t\t\t\t<div class=\"elementor-widget-container\">\n\t\t\t\t\t\t\t\t\t<p>269 Fen\u00eatre du ch\u00e2teau de Staufenberg 9<\/p>\t\t\t\t\t\t\t\t<\/div>\n\t\t\t\t<\/div>\n\t\t\t\t<div class=\"elementor-element elementor-element-fca809d elementor-widget-mobile__width-inherit elementor-widget elementor-widget-jet-images-layout\" data-id=\"fca809d\" data-element_type=\"widget\" data-e-type=\"widget\" data-widget_type=\"jet-images-layout.default\">\n\t\t\t\t<div class=\"elementor-widget-container\">\n\t\t\t\t\t<div class=\"elementor-jet-images-layout jet-elements\">\n<div class=\"jet-images-layout layout-type-justify\" data-settings='{&quot;layoutType&quot;:&quot;justify&quot;,&quot;justifyHeight&quot;:300}'>\n\t<div class=\"jet-images-layout__list column-desktop-3 column-tablet-2 column-mobile-1\" >\n<div class=\"jet-images-layout__item \">\n\t<div class=\"jet-images-layout__inner\">\n\t\t<div class=\"jet-images-layout__image-loader\"><span><\/span><\/div>\n\t\t<a class=\"jet-images-layout__link \" href=\"https:\/\/rundgang.museumdurbach.de\/wp-content\/uploads\/2024\/04\/Fenster9-5_web.webp\" data-elementor-open-lightbox=\"yes\" data-elementor-lightbox-slideshow=\"fca809d\">\n\t\t\t<div class=\"jet-images-layout__image\">\n\t\t\t\t<img decoding=\"async\" class=\"jet-images-layout__image-instance\" src=\"https:\/\/rundgang.museumdurbach.de\/wp-content\/uploads\/2024\/04\/Fenster9-5_web.webp\" data-width=\"828\" data-height=\"1772\" alt=\"Fenster9 -5_web\" loading=\"lazy\">\t\t\t<\/div>\n\t\t\t<div class=\"jet-images-layout__content\"><\/div>\n\t\t<\/a>\n\t<\/div>\n<\/div>\n<div class=\"jet-images-layout__item \">\n\t<div class=\"jet-images-layout__inner\">\n\t\t<div class=\"jet-images-layout__image-loader\"><span><\/span><\/div>\n\t\t<a class=\"jet-images-layout__link \" href=\"https:\/\/rundgang.museumdurbach.de\/wp-content\/uploads\/2024\/04\/Motiv9-oben_web.webp\" data-elementor-open-lightbox=\"yes\" data-elementor-lightbox-slideshow=\"fca809d\">\n\t\t\t<div class=\"jet-images-layout__image\">\n\t\t\t\t<img decoding=\"async\" class=\"jet-images-layout__image-instance\" src=\"https:\/\/rundgang.museumdurbach.de\/wp-content\/uploads\/2024\/04\/Motiv9-oben_web.webp\" data-width=\"967\" data-height=\"1417\" alt=\"Motiv9 -oben_web\" loading=\"lazy\">\t\t\t<\/div>\n\t\t\t<div class=\"jet-images-layout__content\"><\/div>\n\t\t<\/a>\n\t<\/div>\n<\/div>\n<div class=\"jet-images-layout__item \">\n\t<div class=\"jet-images-layout__inner\">\n\t\t<div class=\"jet-images-layout__image-loader\"><span><\/span><\/div>\n\t\t<a class=\"jet-images-layout__link \" href=\"https:\/\/rundgang.museumdurbach.de\/wp-content\/uploads\/2024\/04\/Motiv9-mitte_web.webp\" data-elementor-open-lightbox=\"yes\" data-elementor-lightbox-slideshow=\"fca809d\">\n\t\t\t<div class=\"jet-images-layout__image\">\n\t\t\t\t<img decoding=\"async\" class=\"jet-images-layout__image-instance\" src=\"https:\/\/rundgang.museumdurbach.de\/wp-content\/uploads\/2024\/04\/Motiv9-mitte_web.webp\" data-width=\"983\" data-height=\"1417\" alt=\"Motiv9 -mitte_web\" loading=\"lazy\">\t\t\t<\/div>\n\t\t\t<div class=\"jet-images-layout__content\"><\/div>\n\t\t<\/a>\n\t<\/div>\n<\/div>\n<div class=\"jet-images-layout__item \">\n\t<div class=\"jet-images-layout__inner\">\n\t\t<div class=\"jet-images-layout__image-loader\"><span><\/span><\/div>\n\t\t<a class=\"jet-images-layout__link \" href=\"https:\/\/rundgang.museumdurbach.de\/wp-content\/uploads\/2024\/04\/Motiv9-unten_web.webp\" data-elementor-open-lightbox=\"yes\" data-elementor-lightbox-slideshow=\"fca809d\">\n\t\t\t<div class=\"jet-images-layout__image\">\n\t\t\t\t<img decoding=\"async\" class=\"jet-images-layout__image-instance\" src=\"https:\/\/rundgang.museumdurbach.de\/wp-content\/uploads\/2024\/04\/Motiv9-unten_web.webp\" data-width=\"1021\" data-height=\"1417\" alt=\"Motiv9 -unten_web\" loading=\"lazy\">\t\t\t<\/div>\n\t\t\t<div class=\"jet-images-layout__content\"><\/div>\n\t\t<\/a>\n\t<\/div>\n<\/div>\n<\/div><\/div>\n<\/div>\t\t\t\t<\/div>\n\t\t\t\t<\/div>\n\t\t\t\t<div class=\"elementor-element elementor-element-256cdbf elementor-widget__width-inherit elementor-widget-tablet__width-inherit elementor-widget-mobile__width-inherit elementor-widget elementor-widget-text-editor\" data-id=\"256cdbf\" data-element_type=\"widget\" data-e-type=\"widget\" data-widget_type=\"text-editor.default\">\n\t\t\t\t<div class=\"elementor-widget-container\">\n\t\t\t\t\t\t\t\t\t<p><b>Motif en haut :<\/b> Homme en armure avec une \u00e9p\u00e9e \u00e0 deux mains sur l&rsquo;\u00e9paule, femme en costume du XVIe si\u00e8cle avec un troph\u00e9e. Armoiries de la maison dans un \u00e9cusson rouge. En-t\u00eate : Br\u00fblure de taureaux et conduite de b\u00e9tail avec chien, ann\u00e9e 1598. <span style=\"font-size: 1em; color: var( --e-global-color-secondary );\">Inscription : <i>\u00ab\u00a0Helias K\u00fcrtly uff Lutenwis et Elsbet Wetzler sin &#8230;1598\u00a0\u00bb. <\/i><\/span><span style=\"font-size: 1em; color: var( --e-global-color-secondary );\"><i>(il faut lire correctement : \u00ab\u00a0Helias Kuratli uff Lutenwil\u00a0\u00bb)<\/i><\/span><\/p><p><b>Motif au centre :<\/b> Disque d&rsquo;armoiries de l&rsquo;alliance Georg Peyer avec les pains et Ursula Peyer dans la cour. Georg Peyer \u00e9tait membre de la Soci\u00e9t\u00e9 des marchands, juge de la ville et grand conseiller \u00e0 Schaffhouse. Il a \u00e9pous\u00e9 Ursula Peyer dans la cour en 1612. Pi\u00e8ce de t\u00eate : David contre Goliath. <span style=\"font-size: 1em; color: var( --e-global-color-secondary );\">Probablement fabriqu\u00e9 en 1615 par le Schaffhousois Hans Caspar Lang l&rsquo;Ancien. <\/span><span style=\"font-size: 1em; color: var( --e-global-color-secondary );\">Inscription : \u00ab\u00a0<\/span><i><span style=\"font-size: 1em; color: var( --e-global-color-secondary );\">Georg Payer et Ursula <\/span><span style=\"font-size: 1em; color: var( --e-global-color-secondary );\">Payerin N\u00e9e Payerin Jm- <\/span><span style=\"font-size: 1em; color: var( --e-global-color-secondary );\">Hoff Sein Ehg..ahel 16.9&Prime; (en allemand)<\/span><\/i><\/p><p><span style=\"font-size: 1em; color: var( --e-global-color-secondary );\"><b>Motif ci-dessous :<\/b> <\/span>L&rsquo;\u00e9cole de chant de la ville de Winterthur, fond\u00e9e en 1629. Dans l&rsquo;en-t\u00eate, \u00e0 gauche, saint Nicolas et \u00e0 droite, sainte Barbe.  <span style=\"font-size: 1em; color: var( --e-global-color-secondary );\">Les graveurs de vitraux cit\u00e9s \u00e9taient des artisans et des commer\u00e7ants et faisaient partie de la classe sup\u00e9rieure de la ville de Winterthur.  <\/span><span style=\"font-size: 1em; color: var( --e-global-color-secondary );\">Inscription : \u00ab\u00a0<i>Hann\u00df Hegner, ancien R\u00e4chenherz, actuellement \u00e0 F\u00e4nderich, et Jonas Hegner actuellement \u00e0 F\u00e4nderich et Hann\u00df J\u00f6rg Sultzer . les trois bourgeois de la ville de Winterthur . 1650 H. iegli\u00a0\u00bb<\/i><\/span><\/p>\t\t\t\t\t\t\t\t<\/div>\n\t\t\t\t<\/div>\n\t\t\t\t<div class=\"elementor-element elementor-element-a4e57db elementor-widget__width-inherit elementor-widget-tablet__width-inherit elementor-widget-mobile__width-inherit elementor-widget elementor-widget-text-editor\" data-id=\"a4e57db\" data-element_type=\"widget\" data-e-type=\"widget\" id=\"269Text\" data-widget_type=\"text-editor.default\">\n\t\t\t\t<div class=\"elementor-widget-container\">\n\t\t\t\t\t\t\t\t\t<p><b>Motif ci-dessus :<\/b>&nbsp;D&rsquo;apr\u00e8s le registre paroissial de la communaut\u00e9 protestante de Nesslau, qui commence en 1582, Elias Cunratli \u00e9tait mari\u00e9 en premi\u00e8res noces \u00e0 une certaine Verena, dont il eut une fille Ursula en 1583 et un fils David en 1584, parrain\u00e9 par l&rsquo;amann Davit Tobler. Le 25 mars 1595, Elias Cunratlin \u00e9pousa El\u00dfbeth Wetzleri, qui lui donna quatre enfants jusqu&rsquo;en 1606. Dans la description de Paul B\u00f6sch \u00ab\u00a0Toggenburger Wappenscheiben\u00a0\u00bb de 1935, ce disque de Staufenberg est d\u00e9crit comme suit :<\/p>\n<p>Un homme avec une armure et une \u00e9p\u00e9e, une femme avec une coupe. Image sup\u00e9rieure : troupeau de b\u00e9tail. Sur une simple banderole, d\u00e9truite sur le bord inf\u00e9rieur et en partie illisible : Helias &#8211; kurtly uff &#8211; Lutenwil und Elsbet Wetzleri sin &#8230;<\/p>\n<p>Hans Jegli (J\u00e4ggli, 1579 &#8211; 1643) avait r\u00e9alis\u00e9 toute une s\u00e9rie de disques h\u00e9raldiques similaires pour de riches paysans du Toggenburg. On parle ici de \u00ab\u00a0disques de bienvenue\u00a0\u00bb&#8230; la femme tend une coupe \u00e0 boire \u00e0 son mari qui revient de la guerre. En haut, on trouve une all\u00e9gorie paysanne. Lutenwil se trouve dans le Toggenburg sup\u00e9rieur SG, pr\u00e8s de Nesslau. (au-dessus de Nesslau (c&rsquo;est pourquoi \u00ab\u00a0uff Lutenwil\u00a0\u00bb)<\/p>\n<p>Le disque h\u00e9raldique \u00e0 c\u00f4t\u00e9 de l&rsquo;inscription contient une croix et les lettres E + K, ce qui indique probablement le donateur du disque.<\/p>\n<p><b>Motif du milieu :<\/b>&nbsp;Armoiries de l&rsquo;Alliance. D&rsquo;azur \u00e0 trois losanges d&rsquo;or, au petit ornement du casque, au haut d&rsquo;un homme coiff\u00e9 d&rsquo;un bonnet et portant une bande de losanges, \u00e0 l&rsquo;\u00e9cu d&rsquo;or charg\u00e9 d&rsquo;une roue noire, le m\u00eame entre deux cornes en guise de petit ornement ; les armoiries sont encadr\u00e9es par une architecture Renaissance.<\/p>\n<p>Les armoiries montrent l&rsquo;union\/alliance de deux familles bourgeoises connues de Stadtschaffhausen (Peyer avec les Wecken et Peyer dans la cour).<\/p>\n<p>Le fondateur du disque Georg Peyer (1586-1648), fils du commer\u00e7ant David Peyer (1549-1613) et de Sabina Zollikofer (1554-1626) de Saint-Gall, \u00e9tait membre de la soci\u00e9t\u00e9 des commer\u00e7ants, juge de la ville et grand conseiller. Le 16 novembre 1612, il \u00e9pousa Ursula Peyer Im Hof (1593-1665), fille de Hans Ulrich Peyer im Hof (1551-1600), fils de Bernhardin le Jeune. De leur mariage sont n\u00e9s, outre plusieurs enfants morts en bas \u00e2ge, Sabina (1614-1683), David (1616-1653), Ursula (1619-1663) et Barbara (1629-1652).<\/p>\n<p>Georg Peyer, qui habitait dans la propri\u00e9t\u00e9 \u00ab\u00a0Zum Trauben\u00a0\u00bb au 47 de la rue Vordergasse, la maison de sa m\u00e8re, disposait en 1640 d&rsquo;une fortune de 65 460 florins, ce qui en fait un homme tr\u00e8s fortun\u00e9. Les biens immobiliers de Peyer ainsi que ses activit\u00e9s de pr\u00eat et de commerce ont contribu\u00e9 \u00e0 sa richesse. Il fonda avec son fr\u00e8re cadet Hans Andreas une soci\u00e9t\u00e9 de commerce de cuivre, de fromage, de c\u00e9r\u00e9ales et d&rsquo;autres marchandises, qui entretenait des relations jusqu&rsquo;\u00e0 Gen\u00e8ve, Lyon, Besan\u00e7on et Nuremberg.<\/p>\n<p>Georg Peyer a command\u00e9 des vitraux plus importants, celui du ch\u00e2teau de Staufenberg ayant probablement \u00e9t\u00e9 r\u00e9alis\u00e9 en 1615 par Hans Caspar Lang l&rsquo;Ancien.<\/p>\n<p>Bibliographie : Rolf Hasler \u00ab\u00a0Die Schaffhauser Glasmalerei des 16e-18e si\u00e8cles\u00a0\u00bb (en allemand)<\/p>\n<p><b>Motif ci-dessous :<\/b>&nbsp;Fond\u00e9 en 1629, le Musikkollegium Winterthur se produisait au d\u00e9part surtout en tant que ch\u0153ur et accompagnait les offices religieux. Le blason et l&rsquo;inscription des noms visibles dans la partie inf\u00e9rieure du disque ont probablement \u00e9t\u00e9 ajout\u00e9s ult\u00e9rieurement. Les donateurs ont toutefois pu \u00eatre retrouv\u00e9s comme suit :&nbsp;<\/p><p>Hans Hegner, ancien arithmancien, enseigne de la ville de 1595 \u00e0 1668, d\u00e9put\u00e9, greffier de l&rsquo;h\u00f4pital, ma\u00eetre de tir, petit conseiller, gardien de l&rsquo;\u00e9glise Saint-Georges, gardien en chef de l&rsquo;h\u00f4pital, compteur de monnaie (imp\u00f4t indirect sur les boissons), ma\u00eetre de l&rsquo;h\u00f4pital, cofondateur de la biblioth\u00e8que de la ville en 1660 (a offert ses propres livres), Marktgasse moyenne c\u00f4t\u00e9 nord, mari\u00e9 et trois enfants ainsi qu&rsquo;une servante.<\/p><p>Jonas\/Jonathan Hegner, enseigne 1576- ?, gardien de l&rsquo;\u00e9glise, agent du bois, tanneur rouge, Marktgasse inf\u00e9rieure c\u00f4t\u00e9 sud ; mari\u00e9, six enfants, un apprenti et une servante.<\/p><p>Hans J\u00f6rg Sulzer 1594-1659, cordonnier, surveillant de l&rsquo;Eulach (rivi\u00e8re), gardien de l&rsquo;\u00e9glise, d\u00e9put\u00e9 au Grand Conseil d\u00e8s 1655<\/p><p>Le peintre sur verre est probablement Hans Ulrich Jegli (ou J\u00e4ggli) de Winterthur (*1604 + 1654), dont le p\u00e8re \u00e9tait \u00e9galement peintre sur verre.<\/p>\t\t\t\t\t\t\t\t<\/div>\n\t\t\t\t<\/div>\n\t\t<div class=\"elementor-element elementor-element-4c28b5b e-con-full e-flex e-con e-child\" data-id=\"4c28b5b\" data-element_type=\"container\" data-e-type=\"container\" data-settings=\"{&quot;jet_parallax_layout_list&quot;:[]}\">\n\t\t\t\t<div class=\"elementor-element elementor-element-e089850 elementor-widget__width-auto elementor-widget elementor-widget-jet-view-more\" data-id=\"e089850\" data-element_type=\"widget\" data-e-type=\"widget\" data-widget_type=\"jet-view-more.default\">\n\t\t\t\t<div class=\"elementor-widget-container\">\n\t\t\t\t\t<div class=\"jet-view-more\" data-settings=\"{&quot;effect&quot;:&quot;fade&quot;,&quot;hide_effect&quot;:null,&quot;sections&quot;:{&quot;275ebcc&quot;:&quot;269Text&quot;},&quot;showall&quot;:false,&quot;read_less&quot;:false,&quot;read_more_label&quot;:&quot;Continuer &quot;,&quot;read_more_icon&quot;:{&quot;value&quot;:&quot;fas fa-arrow-circle-right&quot;,&quot;library&quot;:&quot;fa-solid&quot;},&quot;read_less_label&quot;:null,&quot;read_less_icon&quot;:null,&quot;hide_all&quot;:false}\"><div class=\"jet-view-more__button\" role=\"button\" tabindex=\"0\"><div class=\"jet-view-more__icon jet-tricks-icon\"><svg aria-hidden=\"true\" class=\"e-font-icon-svg e-fas-arrow-circle-right\" viewBox=\"0 0 512 512\" xmlns=\"http:\/\/www.w3.org\/2000\/svg\"><path d=\"M256 8c137 0 248 111 248 248S393 504 256 504 8 393 8 256 119 8 256 8zm-28.9 143.6l75.5 72.4H120c-13.3 0-24 10.7-24 24v16c0 13.3 10.7 24 24 24h182.6l-75.5 72.4c-9.7 9.3-9.9 24.8-.4 34.3l11 10.9c9.4 9.4 24.6 9.4 33.9 0L404.3 273c9.4-9.4 9.4-24.6 0-33.9L271.6 106.3c-9.4-9.4-24.6-9.4-33.9 0l-11 10.9c-9.5 9.6-9.3 25.1.4 34.4z\"><\/path><\/svg><\/div><div class=\"jet-view-more__label\">Continuer <\/div><\/div><\/div>\t\t\t\t<\/div>\n\t\t\t\t<\/div>\n\t\t\t\t<div class=\"elementor-element elementor-element-3c2ad32 elementor-widget__width-initial elementor-widget-mobile__width-initial elementor-widget elementor-widget-jet-audio\" data-id=\"3c2ad32\" data-element_type=\"widget\" data-e-type=\"widget\" data-widget_type=\"jet-audio.default\">\n\t\t\t\t<div class=\"elementor-widget-container\">\n\t\t\t\t\t<div class=\"elementor-jet-audio jet-elements\">\n\t\t<div class=\"jet-audio jet-audio--fa5-compat\" data-audio-settings=\"{&quot;controls&quot;:[&quot;playpause&quot;,&quot;current&quot;,&quot;progress&quot;,&quot;duration&quot;,&quot;volume&quot;],&quot;startVolume&quot;:0.80000000000000004,&quot;hideVolumeOnTouchDevices&quot;:true}\">\n\t\t\t\t\t\t\t<audio class=\"jet-audio-player\" preload=\"none\" controls=\"\" src=\"https:\/\/rundgang.museumdurbach.de\/wp-content\/uploads\/2023\/05\/01-An-Wasserfluessen-Babylon-BWV-653.mp3\" width=\"100%\"><\/audio>\n\t\t\t\t\t<\/div>\n\n\t\t<\/div>\t\t\t\t<\/div>\n\t\t\t\t<\/div>\n\t\t\t\t<div class=\"elementor-element elementor-element-651a297 elementor-align-right elementor-widget-mobile__width-inherit elementor-widget elementor-widget-raven-button\" data-id=\"651a297\" data-element_type=\"widget\" data-e-type=\"widget\" data-settings=\"{&quot;turn_to_popup_action_button&quot;:&quot;no&quot;}\" data-widget_type=\"raven-button.default\">\n\t\t\t\t<div class=\"elementor-widget-container\">\n\t\t\t\t\t\t\t<div class=\"raven-widget-wrapper\">\n\t\t\t<a class=\"raven-button raven-button-widget-normal-effect-none  raven-button-text-align-center raven-button-link elementor-animation-none\" href=\"https:\/\/rundgang.museumdurbach.de\/fr\/270-fenetre-de-serrure10\/\">\t\t\t\t<div class=\"raven-button-overlay\" ><\/div>\n\t\t\t\t<span class=\"raven-button-content\">\n\t\t\t\t\t\n\t\t\t\t\t<div class=\"button-text-container\">\n\t\t\t\t\t\t\t\t\t\t\t\t<div class=\"raven-button-texts-wrapper\">\n\t\t\t\t\t\t\t<div class=\"button-text\">\n\t\t\t\t\t\t\t\t<span class=\"raven-button-text\">\n\t\t\t\t\t\t\t\t\tTour des fen\u00eatres\t\t\t\t\t\t\t\t<\/span>\n\t\t\t\t\t\t\t<\/div>\n\t\t\t\t\t\t\t\t\t\t\t\t\t<\/div>\n\t\t\t\t\t\t\t\t\t\t\t<\/div>\n\t\t\t\t\t\n\t\t\t\t\t\t\t\t\t<\/span>\n\t\t\t<\/a>\t\t<\/div>\n\t\t\t\t\t\t<\/div>\n\t\t\t\t<\/div>\n\t\t\t\t<div class=\"elementor-element elementor-element-8e71a0b elementor-align-right elementor-widget-mobile__width-inherit elementor-widget elementor-widget-raven-button\" data-id=\"8e71a0b\" data-element_type=\"widget\" data-e-type=\"widget\" data-settings=\"{&quot;turn_to_popup_action_button&quot;:&quot;no&quot;}\" data-widget_type=\"raven-button.default\">\n\t\t\t\t<div class=\"elementor-widget-container\">\n\t\t\t\t\t\t\t<div class=\"raven-widget-wrapper\">\n\t\t\t<a class=\"raven-button raven-button-widget-normal-effect-none  raven-button-text-align-center raven-button-link elementor-animation-none\" href=\"https:\/\/rundgang.museumdurbach.de\/fr\/279-apercu-de-la-fenetre-du-chateau\/\">\t\t\t\t<div class=\"raven-button-overlay\" ><\/div>\n\t\t\t\t<span class=\"raven-button-content\">\n\t\t\t\t\t\n\t\t\t\t\t<div class=\"button-text-container\">\n\t\t\t\t\t\t\t\t\t\t\t\t<div class=\"raven-button-texts-wrapper\">\n\t\t\t\t\t\t\t<div class=\"button-text\">\n\t\t\t\t\t\t\t\t<span class=\"raven-button-text\">\n\t\t\t\t\t\t\t\t\tAper\u00e7u des fen\u00eatres\t\t\t\t\t\t\t\t<\/span>\n\t\t\t\t\t\t\t<\/div>\n\t\t\t\t\t\t\t\t\t\t\t\t\t<\/div>\n\t\t\t\t\t\t\t\t\t\t\t<\/div>\n\t\t\t\t\t\n\t\t\t\t\t\t\t\t\t<\/span>\n\t\t\t<\/a>\t\t<\/div>\n\t\t\t\t\t\t<\/div>\n\t\t\t\t<\/div>\n\t\t\t\t<\/div>\n\t\t\t\t<\/div>\n\t\t<div class=\"elementor-element elementor-element-5a0d132 e-flex e-con-boxed e-con e-parent\" data-id=\"5a0d132\" data-element_type=\"container\" data-e-type=\"container\" data-settings=\"{&quot;jet_parallax_layout_list&quot;:[]}\">\n\t\t\t\t\t<div class=\"e-con-inner\">\n\t\t<div class=\"elementor-element elementor-element-5e79bb0 e-con-full e-flex e-con e-child\" data-id=\"5e79bb0\" data-element_type=\"container\" data-e-type=\"container\" data-settings=\"{&quot;jet_parallax_layout_list&quot;:[]}\">\n\t\t\t\t<div class=\"elementor-element elementor-element-bf088d7 elementor-align-left elementor-widget__width-initial elementor-widget elementor-widget-raven-button\" data-id=\"bf088d7\" data-element_type=\"widget\" data-e-type=\"widget\" data-settings=\"{&quot;turn_to_popup_action_button&quot;:&quot;no&quot;}\" data-widget_type=\"raven-button.default\">\n\t\t\t\t<div class=\"elementor-widget-container\">\n\t\t\t\t\t\t\t<div class=\"raven-widget-wrapper\">\n\t\t\t<a class=\"raven-button raven-button-widget-normal-effect-none  raven-button-text-align-left raven-button-link elementor-animation-none\" href=\"https:\/\/rundgang.museumdurbach.de\/fr\/230-premier-etage\/\">\t\t\t\t<div class=\"raven-button-overlay\" ><\/div>\n\t\t\t\t<span class=\"raven-button-content\">\n\t\t\t\t\t\n\t\t\t\t\t<div class=\"button-text-container\">\n\t\t\t\t\t\t\t\t\t<span class=\"raven-button-icon raven-button-icon-position-left\">\n\t\t\t\t<svg aria-hidden=\"true\" class=\"e-font-icon-svg e-far-arrow-alt-circle-left\" viewBox=\"0 0 512 512\" xmlns=\"http:\/\/www.w3.org\/2000\/svg\"><path d=\"M8 256c0 137 111 248 248 248s248-111 248-248S393 8 256 8 8 119 8 256zm448 0c0 110.5-89.5 200-200 200S56 366.5 56 256 145.5 56 256 56s200 89.5 200 200zm-72-20v40c0 6.6-5.4 12-12 12H256v67c0 10.7-12.9 16-20.5 8.5l-99-99c-4.7-4.7-4.7-12.3 0-17l99-99c7.6-7.6 20.5-2.2 20.5 8.5v67h116c6.6 0 12 5.4 12 12z\"><\/path><\/svg>\t\t\t<\/span>\n\t\t\t\t\t\t\t\t<div class=\"raven-button-texts-wrapper\">\n\t\t\t\t\t\t\t<div class=\"button-text\">\n\t\t\t\t\t\t\t\t<span class=\"raven-button-text\">\n\t\t\t\t\t\t\t\t\tAper\u00e7u\t\t\t\t\t\t\t\t<\/span>\n\t\t\t\t\t\t\t<\/div>\n\t\t\t\t\t\t\t\t\t\t\t\t\t<\/div>\n\t\t\t\t\t\t\t\t\t\t\t<\/div>\n\t\t\t\t\t\n\t\t\t\t\t\t\t\t\t<\/span>\n\t\t\t<\/a>\t\t<\/div>\n\t\t\t\t\t\t<\/div>\n\t\t\t\t<\/div>\n\t\t\t\t<\/div>\n\t\t<div class=\"elementor-element elementor-element-41f8394 e-con-full e-flex e-con e-child\" data-id=\"41f8394\" data-element_type=\"container\" data-e-type=\"container\" data-settings=\"{&quot;jet_parallax_layout_list&quot;:[]}\">\n\t\t\t\t<\/div>\n\t\t<div class=\"elementor-element elementor-element-5386835 e-con-full e-flex e-con e-child\" data-id=\"5386835\" data-element_type=\"container\" data-e-type=\"container\" data-settings=\"{&quot;jet_parallax_layout_list&quot;:[]}\">\n\t\t\t\t<div class=\"elementor-element elementor-element-6205d8e elementor-align-right elementor-widget__width-initial elementor-widget elementor-widget-raven-button\" data-id=\"6205d8e\" data-element_type=\"widget\" data-e-type=\"widget\" data-settings=\"{&quot;turn_to_popup_action_button&quot;:&quot;no&quot;}\" data-widget_type=\"raven-button.default\">\n\t\t\t\t<div class=\"elementor-widget-container\">\n\t\t\t\t\t\t\t<div class=\"raven-widget-wrapper\">\n\t\t\t<a class=\"raven-button raven-button-widget-normal-effect-none  raven-button-text-align-right raven-button-link elementor-animation-none\" href=\"https:\/\/rundgang.museumdurbach.de\/fr\/280-dernier-etage\/\">\t\t\t\t<div class=\"raven-button-overlay\" ><\/div>\n\t\t\t\t<span class=\"raven-button-content\">\n\t\t\t\t\t\n\t\t\t\t\t<div class=\"button-text-container\">\n\t\t\t\t\t\t\t\t\t\t\t\t<div class=\"raven-button-texts-wrapper\">\n\t\t\t\t\t\t\t<div class=\"button-text\">\n\t\t\t\t\t\t\t\t<span class=\"raven-button-text\">\n\t\t\t\t\t\t\t\t\tTour\t\t\t\t\t\t\t\t<\/span>\n\t\t\t\t\t\t\t<\/div>\n\t\t\t\t\t\t\t\t\t\t\t\t\t<\/div>\n\t\t\t\t\t\t\t\t\t<span class=\"raven-button-icon raven-button-icon-position-right\">\n\t\t\t\t<svg aria-hidden=\"true\" class=\"e-font-icon-svg e-far-arrow-alt-circle-right\" viewBox=\"0 0 512 512\" xmlns=\"http:\/\/www.w3.org\/2000\/svg\"><path d=\"M504 256C504 119 393 8 256 8S8 119 8 256s111 248 248 248 248-111 248-248zm-448 0c0-110.5 89.5-200 200-200s200 89.5 200 200-89.5 200-200 200S56 366.5 56 256zm72 20v-40c0-6.6 5.4-12 12-12h116v-67c0-10.7 12.9-16 20.5-8.5l99 99c4.7 4.7 4.7 12.3 0 17l-99 99c-7.6 7.6-20.5 2.2-20.5-8.5v-67H140c-6.6 0-12-5.4-12-12z\"><\/path><\/svg>\t\t\t<\/span>\n\t\t\t\t\t\t\t<\/div>\n\t\t\t\t\t\n\t\t\t\t\t\t\t\t\t<\/span>\n\t\t\t<\/a>\t\t<\/div>\n\t\t\t\t\t\t<\/div>\n\t\t\t\t<\/div>\n\t\t\t\t<\/div>\n\t\t\t\t\t<\/div>\n\t\t\t\t<\/div>\n\t\t\t\t<\/div>\n\t\t","protected":false},"excerpt":{"rendered":"<p>269 Fen\u00eatre du ch\u00e2teau de Staufenberg 9 Motif en haut : Homme en armure avec une \u00e9p\u00e9e \u00e0 deux mains sur l&rsquo;\u00e9paule, femme en costume du XVIe si\u00e8cle avec un troph\u00e9e. Armoiries de la maison dans un \u00e9cusson rouge. En-t\u00eate : Br\u00fblure de taureaux et conduite de b\u00e9tail avec chien, ann\u00e9e 1598. Inscription : \u00ab\u00a0Helias [&hellip;]<\/p>\n","protected":false},"author":1,"featured_media":0,"parent":0,"menu_order":0,"comment_status":"closed","ping_status":"closed","template":"","meta":{"_acf_changed":false,"footnotes":""},"class_list":["post-8698","page","type-page","status-publish","hentry"],"acf":[],"_links":{"self":[{"href":"https:\/\/rundgang.museumdurbach.de\/fr\/wp-json\/wp\/v2\/pages\/8698","targetHints":{"allow":["GET"]}}],"collection":[{"href":"https:\/\/rundgang.museumdurbach.de\/fr\/wp-json\/wp\/v2\/pages"}],"about":[{"href":"https:\/\/rundgang.museumdurbach.de\/fr\/wp-json\/wp\/v2\/types\/page"}],"author":[{"embeddable":true,"href":"https:\/\/rundgang.museumdurbach.de\/fr\/wp-json\/wp\/v2\/users\/1"}],"replies":[{"embeddable":true,"href":"https:\/\/rundgang.museumdurbach.de\/fr\/wp-json\/wp\/v2\/comments?post=8698"}],"version-history":[{"count":3,"href":"https:\/\/rundgang.museumdurbach.de\/fr\/wp-json\/wp\/v2\/pages\/8698\/revisions"}],"predecessor-version":[{"id":9634,"href":"https:\/\/rundgang.museumdurbach.de\/fr\/wp-json\/wp\/v2\/pages\/8698\/revisions\/9634"}],"wp:attachment":[{"href":"https:\/\/rundgang.museumdurbach.de\/fr\/wp-json\/wp\/v2\/media?parent=8698"}],"curies":[{"name":"wp","href":"https:\/\/api.w.org\/{rel}","templated":true}]}}