{"id":8846,"date":"2024-04-01T11:19:30","date_gmt":"2024-04-01T11:19:30","guid":{"rendered":"https:\/\/rundgang.museumdurbach.de\/262-fenetre-de-chateau2\/"},"modified":"2025-08-28T11:16:16","modified_gmt":"2025-08-28T11:16:16","slug":"262-fenetre-de-chateau2","status":"publish","type":"page","link":"https:\/\/rundgang.museumdurbach.de\/fr\/262-fenetre-de-chateau2\/","title":{"rendered":"262 Fen\u00eatre de ch\u00e2teau2"},"content":{"rendered":"\t\t<div data-elementor-type=\"wp-page\" data-elementor-id=\"8846\" class=\"elementor elementor-8846 elementor-7990\">\n\t\t\t\t<div class=\"elementor-element elementor-element-d13494c e-con-full e-flex e-con e-parent\" data-id=\"d13494c\" data-element_type=\"container\" data-e-type=\"container\" data-settings=\"{&quot;jet_parallax_layout_list&quot;:[]}\">\n\t\t\t\t<div class=\"jupiter-tooltip-widget elementor-element elementor-element-e56c658 elementor-widget elementor-widget-text-editor\" data-jupiter-tooltip-settings=\"{&quot;tooltip&quot;:&quot;&quot;,&quot;tooltipDescription&quot;:&quot;This is Tooltip!&quot;,&quot;tooltipPlacement&quot;:&quot;top&quot;,&quot;tooltipArrow&quot;:true,&quot;xOffset&quot;:0,&quot;yOffset&quot;:0,&quot;tooltipAnimation&quot;:&quot;fade&quot;,&quot;tooltipTrigger&quot;:&quot;mouseenter&quot;,&quot;zIndex&quot;:999,&quot;customSelector&quot;:&quot;&quot;,&quot;delay&quot;:0}\" data-id=\"e56c658\" data-element_type=\"widget\" data-e-type=\"widget\" data-widget_type=\"text-editor.default\">\n\t\t\t\t<div class=\"elementor-widget-container\">\n\t\t\t\t\t\t\t\t\t<p>262 Fen\u00eatres du ch\u00e2teau de Staufenberg 2<\/p>\t\t\t\t\t\t\t\t<\/div>\n\t\t\t\t<\/div>\n\t\t\t\t<div class=\"elementor-element elementor-element-fca809d elementor-widget-mobile__width-inherit elementor-widget elementor-widget-jet-images-layout\" data-id=\"fca809d\" data-element_type=\"widget\" data-e-type=\"widget\" data-widget_type=\"jet-images-layout.default\">\n\t\t\t\t<div class=\"elementor-widget-container\">\n\t\t\t\t\t<div class=\"elementor-jet-images-layout jet-elements\">\n<div class=\"jet-images-layout layout-type-justify\" data-settings='{&quot;layoutType&quot;:&quot;justify&quot;,&quot;justifyHeight&quot;:300}'>\n\t<div class=\"jet-images-layout__list column-desktop-3 column-tablet-2 column-mobile-1\" >\n<div class=\"jet-images-layout__item \">\n\t<div class=\"jet-images-layout__inner\">\n\t\t<div class=\"jet-images-layout__image-loader\"><span><\/span><\/div>\n\t\t<a class=\"jet-images-layout__link \" href=\"https:\/\/rundgang.museumdurbach.de\/wp-content\/uploads\/2024\/04\/Fenster2-5_web.webp\" data-elementor-open-lightbox=\"yes\" data-elementor-lightbox-slideshow=\"fca809d\">\n\t\t\t<div class=\"jet-images-layout__image\">\n\t\t\t\t<img decoding=\"async\" class=\"jet-images-layout__image-instance\" src=\"https:\/\/rundgang.museumdurbach.de\/wp-content\/uploads\/2024\/04\/Fenster2-5_web.webp\" data-width=\"929\" data-height=\"2126\" alt=\"Fenster2 -5_web\" loading=\"lazy\">\t\t\t<\/div>\n\t\t\t<div class=\"jet-images-layout__content\"><\/div>\n\t\t<\/a>\n\t<\/div>\n<\/div>\n<div class=\"jet-images-layout__item \">\n\t<div class=\"jet-images-layout__inner\">\n\t\t<div class=\"jet-images-layout__image-loader\"><span><\/span><\/div>\n\t\t<a class=\"jet-images-layout__link \" href=\"https:\/\/rundgang.museumdurbach.de\/wp-content\/uploads\/2024\/04\/Motiv2-oben_web.webp\" data-elementor-open-lightbox=\"yes\" data-elementor-lightbox-slideshow=\"fca809d\">\n\t\t\t<div class=\"jet-images-layout__image\">\n\t\t\t\t<img decoding=\"async\" class=\"jet-images-layout__image-instance\" src=\"https:\/\/rundgang.museumdurbach.de\/wp-content\/uploads\/2024\/04\/Motiv2-oben_web.webp\" data-width=\"1121\" data-height=\"1701\" alt=\"Motiv2 -oben_web\" loading=\"lazy\">\t\t\t<\/div>\n\t\t\t<div class=\"jet-images-layout__content\"><\/div>\n\t\t<\/a>\n\t<\/div>\n<\/div>\n<div class=\"jet-images-layout__item \">\n\t<div class=\"jet-images-layout__inner\">\n\t\t<div class=\"jet-images-layout__image-loader\"><span><\/span><\/div>\n\t\t<a class=\"jet-images-layout__link \" href=\"https:\/\/rundgang.museumdurbach.de\/wp-content\/uploads\/2024\/04\/Motiv2-mitte_web.webp\" data-elementor-open-lightbox=\"yes\" data-elementor-lightbox-slideshow=\"fca809d\">\n\t\t\t<div class=\"jet-images-layout__image\">\n\t\t\t\t<img decoding=\"async\" class=\"jet-images-layout__image-instance\" src=\"https:\/\/rundgang.museumdurbach.de\/wp-content\/uploads\/2024\/04\/Motiv2-mitte_web.webp\" data-width=\"1058\" data-height=\"1701\" alt=\"Motiv2 -mitte_web\" loading=\"lazy\">\t\t\t<\/div>\n\t\t\t<div class=\"jet-images-layout__content\"><\/div>\n\t\t<\/a>\n\t<\/div>\n<\/div>\n<div class=\"jet-images-layout__item \">\n\t<div class=\"jet-images-layout__inner\">\n\t\t<div class=\"jet-images-layout__image-loader\"><span><\/span><\/div>\n\t\t<a class=\"jet-images-layout__link \" href=\"https:\/\/rundgang.museumdurbach.de\/wp-content\/uploads\/2024\/04\/Motiv2-unten_web.webp\" data-elementor-open-lightbox=\"yes\" data-elementor-lightbox-slideshow=\"fca809d\">\n\t\t\t<div class=\"jet-images-layout__image\">\n\t\t\t\t<img decoding=\"async\" class=\"jet-images-layout__image-instance\" src=\"https:\/\/rundgang.museumdurbach.de\/wp-content\/uploads\/2024\/04\/Motiv2-unten_web.webp\" data-width=\"1167\" data-height=\"1701\" alt=\"Motiv2 -unten_web\" loading=\"lazy\">\t\t\t<\/div>\n\t\t\t<div class=\"jet-images-layout__content\"><\/div>\n\t\t<\/a>\n\t<\/div>\n<\/div>\n<\/div><\/div>\n<\/div>\t\t\t\t<\/div>\n\t\t\t\t<\/div>\n\t\t\t\t<div class=\"elementor-element elementor-element-256cdbf elementor-widget__width-inherit elementor-widget-tablet__width-inherit elementor-widget-mobile__width-inherit elementor-widget elementor-widget-text-editor\" data-id=\"256cdbf\" data-element_type=\"widget\" data-e-type=\"widget\" data-widget_type=\"text-editor.default\">\n\t\t\t\t<div class=\"elementor-widget-container\">\n\t\t\t\t\t\t\t\t\t<p><b>Motif en haut :<\/b>&nbsp;Jacob F\u00fceger, bailli de justice d&rsquo;Oppenau, avec son \u00e9pouse, armoiries : hache de boucher sur Dreiberg (couvent de Tous-les-Saints), Fueger est mort en 1631 comme \u00ab\u00a0sorcier\u00a0\u00bb parce qu&rsquo;il avait rencontr\u00e9 le diable sur la Kleinebene. En-t\u00eate : Expulsion du Paradis ;&nbsp;<span style=\"font-size: 1em; color: var( --e-global-color-secondary );\">Inscription en haut : \u00ab\u00a0<i>Dieu les a fait chasser du jardin &#8211;&nbsp;<\/i><\/span><span style=\"font-size: 1em; color: var( --e-global-color-secondary );\"><i>La mort doit continuer \u00e0 attendre. GENE: 3&Prime;<\/i>;&nbsp;<\/span><span style=\"font-size: 1em; color: var( --e-global-color-secondary );\">Inscription en bas :<i>\u00ab\u00a0Jacob F\u00fceger Gerichtszwelffer&nbsp;<\/i><\/span><span style=\"font-size: 1em; color: var( --e-global-color-secondary );\"><i>lui et Christina son \u00e9pouse en 1617&Prime;.<\/i><\/span><\/p>\n<p><b>Motif du centre <span style=\"font-size: 1em; color: var( --e-global-color-secondary );\"> : <\/span><\/b><span style=\"font-size: 1em; color: var( --e-global-color-secondary );\">&nbsp;<\/span>Jeremias Rebstock, bailli wurtembergeois \u00e0 Oppenau, avec son \u00e9pouse en 1625. En-t\u00eate : Sc\u00e8nes de la vie de J. Rebstock, assis \u00e0 une table richement garnie, avec \u00e0 gauche des musiciens et un couple de danseurs.&nbsp;<span style=\"font-size: 1em; color: var( --e-global-color-secondary );\">Inscription :&nbsp; <i> \u00ab\u00a0<\/i><\/span><i><span style=\"font-size: 1em; color: var( --e-global-color-secondary );\">J\u00e9r\u00e9mie vigne de la&nbsp;<\/span><span style=\"font-size: 1em; color: var( --e-global-color-secondary );\">temps &#8230; W\u00fcr.enbergischer&nbsp;<\/span><span style=\"font-size: 1em; color: var( --e-global-color-secondary );\">bailli d&rsquo;Oppenau 1625&Prime;.<\/span><\/i><\/p>\n<p><span style=\"font-size: 1em; color: var( --e-global-color-secondary );\"><b>Motif en bas :<\/b>&nbsp;<\/span>Hans Spinner, forgeron et dou\u00e9 de justice (+ao\u00fbt 1636) avec son \u00e9pouse \u00e0 Oppenau, en-t\u00eate : Arche de No\u00e9 avec de nombreux animaux exotiques ;&nbsp;<span style=\"font-size: 1em; color: var( --e-global-color-secondary );\">Inscription en haut :<i>\u00ab\u00a0Dieu a ordonn\u00e9 d&rsquo;entrer dans la bo\u00eete de No\u00e9<\/i>.<i>&nbsp;<\/i><\/span><span style=\"font-size: 1em; color: var( --e-global-color-secondary );\"><i>Avec son sexe et ce qu&rsquo;il avait.&nbsp;<\/i><\/span><span style=\"font-size: 1em; color: var( --e-global-color-secondary );\"><i>GENE 3 VI. CA :\u00a0\u00bb<\/i>;&nbsp;<\/span><span style=\"font-size: 1em; color: var( --e-global-color-secondary );\">Inscription en bas :<i>\u00ab\u00a0Hann\u00df Spinner ge &#8211; richtszwelfer<\/i>.<i> du&nbsp;<\/i><\/span><span style=\"font-size: 1em; color: var( --e-global-color-secondary );\"><i>Eva sein Eheliche \u2013 hausfraw. 1617.<\/i>\u00ab\u00a0<\/span><\/p>\t\t\t\t\t\t\t\t<\/div>\n\t\t\t\t<\/div>\n\t\t\t\t<div class=\"elementor-element elementor-element-a4e57db elementor-widget__width-inherit elementor-widget-tablet__width-inherit elementor-widget-mobile__width-inherit elementor-widget elementor-widget-text-editor\" data-id=\"a4e57db\" data-element_type=\"widget\" data-e-type=\"widget\" id=\"262Text\" data-widget_type=\"text-editor.default\">\n\t\t\t\t<div class=\"elementor-widget-container\">\n\t\t\t\t\t\t\t\t\t<p><b>Motif en haut:<\/b> Jakob F\u00fceger \u00e9tait boucher, c&rsquo;est pourquoi on peut voir sur son embl\u00e8me la hache du boucher sur un trident. Le trident provient des armoiries du couvent de Tous-les-Saints. F\u00fceger \u00e9tait probablement le vassal du couvent d&rsquo;Allerheiligen et effectuait l&rsquo;abattage \u00e0 la ferme dans la vall\u00e9e. Le registre paroissial d&rsquo;Oppenau mentionne : Jacob Fieger, le boucher de la commune, a fait don de 25 pour la f\u00eate de Saint-Jacques, de 4 pour une messe, de 21 pour Saint-Jean, et encore de 2 shillings. Son crime : Diable rencontr\u00e9 sous forme d&rsquo;homme, mariage frapp\u00e9 sur \u00ab\u00a0Petite plaine\u00a0\u00bb Christ Hauers (cochon).<\/p><p>En 1617, sa fille Katharina Kempf devint aubergiste au restaurant \u00ab\u00a0Ratsstuben\u00a0\u00bb. Elle s&rsquo;enfuit \u00e0 Freudenstadt, o\u00f9 elle fut aubergiste sous le nom de Katharina Stein au \u00ab\u00a0G\u00fcldenen Barben\u00a0\u00bb, qui br\u00fbla en 1632, et avec lui toute la ville de Freudenstadt. Elle dut \u00e0 nouveau s&rsquo;enfuir lorsqu&rsquo;on apprit que son p\u00e8re avait \u00e9t\u00e9 ex\u00e9cut\u00e9 comme sorcier. La t\u00eate du disque repr\u00e9sente l&rsquo;expulsion d&rsquo;Adam et Eve du Paradis.<\/p><p><b>Motif au centre :<\/b> Jeremias Rebstock est issu d&rsquo;une c\u00e9l\u00e8bre famille patricienne de Strasbourg. Jeremias Rebstock entstammt einer ber\u00fchmten Patrizierfamilie aus Stra\u00dfburg. Auparavant, il \u00e9tait ma\u00eetre forestier wurtembergeois \u00e0 Calw. Pendant son mandat, le grand incendie de la ville en 1616 et la reconstruction d&rsquo;Oppenau jusqu&rsquo;en 1617. Il est mort \u00e0 Oppenau en 1636.<\/p><p>L&rsquo;une de ses t\u00e2ches principales en tant que sp\u00e9cialiste forestier \u00e9tait sans doute, outre l&rsquo;administration municipale, l&rsquo;approvisionnement en bois pour la fabrication de charbon de bois pour les \u00ab\u00a0usines sid\u00e9rurgiques\u00a0\u00bb wurtembergeoises dans la vall\u00e9e de la Rench. Le nom Rebstock appara\u00eet \u00e9galement comme bailli du ch\u00e2teau F\u00fcrsteneck pr\u00e8s d&rsquo;Oberkirch-Bottenau.<\/p><p>Des familles portant le nom de Rebstock existent encore aujourd&rsquo;hui en France et \u00e9galement en Souabe. Pour les familles qui ont exprim\u00e9 symboliquement leurs relations avec le jus de la vigne en incluant le raisin, le sarment, le couteau \u00e0 vigne ou le cep dans leurs armoiries, le blason de la famille Rebstock est m\u00eame marqu\u00e9 par quatre ceps de vigne.<\/p><p>Jeremias Rebstock, n\u00e9 le 4 juin 1579 \u00e0 Jesingen, fils de l&rsquo;\u00e9col\u00e2tre Martin Rebstock, qui, apr\u00e8s la mort de ses parents de la peste, a \u00e9t\u00e9 \u00e9lev\u00e9 par des proches.<\/p><p>Les armoiries ont \u00e9t\u00e9 attribu\u00e9es par le conseiller et chancelier de l&rsquo;\u00e9lectorat de Saxe, \u00e9galement Comes Palatinus Gerg Godelmann . Nous savons \u00e9galement que J\u00e9r\u00e9mie, de retour au pays, fut d&rsquo;abord bailli noble \u00e0 Ehestetten au service des nobles de Sp\u00e4t, puis ma\u00eetre forestier \u00e0 Zellerbad (Bad Liebenzell), avant d&rsquo;\u00eatre finalement bailli \u00e0 Oppenau.<\/p><p>Le bailli d&rsquo;Oppenau, probablement tr\u00e8s fortun\u00e9, se trouve \u00e9galement dans deux documents des Archives g\u00e9n\u00e9rales du Land de Karlsruhe sous les num\u00e9ros d&rsquo;inventaire suivants 34\/196 et 34\/397. Dans ce document, Susanna Beinhaimin, veuve de Johann Scheublin (autre orthographe = Schaiblin) de Durbach, s&rsquo;engage devant le tribunal de Staufenberg (acte du 24 avril 1629) \u00e0 rembourser un capital de 200 florins pr\u00eat\u00e9 par Rebstock. Outre le capital, il fallait payer 10 florins d&rsquo;int\u00e9r\u00eats. La singuli\u00e8re habitation des \u00e9poux Scheublin \u00e0 Durbach a servi de gage. Dans un inventaire en 10 points datant de 1631, le bailli Rebstock, qui r\u00e9sidait alors \u00e0 Strasbourg, chiffrait sa cr\u00e9ance totale envers les h\u00e9ritiers de feu Johann Schaiblin \u00e0 242 florins et 3 shillings. Pour recouvrer sa cr\u00e9ance, Rebstock s&rsquo;est rendu deux fois \u00e0 Durbach. Il a fait valoir pour cela un florin et six shillings \u00ab\u00a0pour la consommation\u00a0\u00bb.Il a fait valoir pour cela un florin et six shillings \u00ab\u00a0pour la consommation\u00a0\u00bb. Pour faire valoir sa demande, il s&rsquo;\u00e9tait \u00e9galement rendu \u00ab\u00a0\u00e0 Staufenberg aupr\u00e8s de l&rsquo;Amptmann\u00a0\u00bb, ce pour quoi il avait factur\u00e9 5 schillings.<\/p><p>Apr\u00e8s la mort de Schaiblin, il s&rsquo;\u00e9tait rendu deux fois \u00e0 cheval chez sa veuve \u00e0 Oberkirch. Pour cela, il facturait 1 florin et 6 shillings pour la consommation.<\/p><p>\u201e<i>Den 12. August Ao. 1631 bin ich von Stra\u00dfburg bi\u00df in den Durbach di\u00dfer Schuldt halb geritten, weil Herr Amptmann nicht zu Hau\u00df gewe\u00dfen ein Tag warten m\u00fc\u00dfen, verzert 2 Gulden\u201c<\/i><\/p><p>Rebstock a finalement \u00e9t\u00e9 enti\u00e8rement satisfait le 15 septembre 1631 par le ma\u00eetre du gage (le couvent de Tous-les-Saints), le pr\u00e9v\u00f4t d&rsquo;Oberkirch, ce dont il a donn\u00e9 quittance par sa signature.<\/p><p><b>Motif en bas:<\/b> Hann\u00df Spinner n&rsquo;\u00e9tait probablement pas seulement un artisan, mais aussi un \u00ab\u00a0bourgeois\u00a0\u00bb ais\u00e9. Le registre paroissial d&rsquo;Oppenau mentionne : \u00ab\u00a0Ao\u00fbt 1636, Hann\u00df Spinner, le forgeron de la petite ville, meurt.<\/p>\t\t\t\t\t\t\t\t<\/div>\n\t\t\t\t<\/div>\n\t\t<div class=\"elementor-element elementor-element-4c28b5b e-con-full e-flex e-con e-child\" data-id=\"4c28b5b\" data-element_type=\"container\" data-e-type=\"container\" data-settings=\"{&quot;jet_parallax_layout_list&quot;:[]}\">\n\t\t\t\t<div class=\"elementor-element elementor-element-e089850 elementor-widget__width-auto elementor-widget elementor-widget-jet-view-more\" data-id=\"e089850\" data-element_type=\"widget\" data-e-type=\"widget\" data-widget_type=\"jet-view-more.default\">\n\t\t\t\t<div class=\"elementor-widget-container\">\n\t\t\t\t\t<div class=\"jet-view-more\" data-settings=\"{&quot;effect&quot;:&quot;fade&quot;,&quot;hide_effect&quot;:null,&quot;sections&quot;:{&quot;275ebcc&quot;:&quot;262Text&quot;},&quot;showall&quot;:false,&quot;read_less&quot;:false,&quot;read_more_label&quot;:&quot;Continuer &quot;,&quot;read_more_icon&quot;:{&quot;value&quot;:&quot;fas fa-arrow-circle-right&quot;,&quot;library&quot;:&quot;fa-solid&quot;},&quot;read_less_label&quot;:null,&quot;read_less_icon&quot;:null,&quot;hide_all&quot;:false}\"><div class=\"jet-view-more__button\" role=\"button\" tabindex=\"0\"><div class=\"jet-view-more__icon jet-tricks-icon\"><svg aria-hidden=\"true\" class=\"e-font-icon-svg e-fas-arrow-circle-right\" viewBox=\"0 0 512 512\" xmlns=\"http:\/\/www.w3.org\/2000\/svg\"><path d=\"M256 8c137 0 248 111 248 248S393 504 256 504 8 393 8 256 119 8 256 8zm-28.9 143.6l75.5 72.4H120c-13.3 0-24 10.7-24 24v16c0 13.3 10.7 24 24 24h182.6l-75.5 72.4c-9.7 9.3-9.9 24.8-.4 34.3l11 10.9c9.4 9.4 24.6 9.4 33.9 0L404.3 273c9.4-9.4 9.4-24.6 0-33.9L271.6 106.3c-9.4-9.4-24.6-9.4-33.9 0l-11 10.9c-9.5 9.6-9.3 25.1.4 34.4z\"><\/path><\/svg><\/div><div class=\"jet-view-more__label\">Continuer <\/div><\/div><\/div>\t\t\t\t<\/div>\n\t\t\t\t<\/div>\n\t\t\t\t<div class=\"elementor-element elementor-element-3c2ad32 elementor-widget__width-initial elementor-widget-mobile__width-initial elementor-widget elementor-widget-jet-audio\" data-id=\"3c2ad32\" data-element_type=\"widget\" data-e-type=\"widget\" data-widget_type=\"jet-audio.default\">\n\t\t\t\t<div class=\"elementor-widget-container\">\n\t\t\t\t\t<div class=\"elementor-jet-audio jet-elements\">\n\t\t<div class=\"jet-audio jet-audio--fa5-compat\" data-audio-settings=\"{&quot;controls&quot;:[&quot;playpause&quot;,&quot;current&quot;,&quot;progress&quot;,&quot;duration&quot;,&quot;volume&quot;],&quot;startVolume&quot;:0.80000000000000004,&quot;hideVolumeOnTouchDevices&quot;:true}\">\n\t\t\t\t\t\t\t<audio class=\"jet-audio-player\" preload=\"none\" controls=\"\" src=\"https:\/\/rundgang.museumdurbach.de\/wp-content\/uploads\/2023\/05\/01-An-Wasserfluessen-Babylon-BWV-653.mp3\" width=\"100%\"><\/audio>\n\t\t\t\t\t<\/div>\n\n\t\t<\/div>\t\t\t\t<\/div>\n\t\t\t\t<\/div>\n\t\t\t\t<div class=\"elementor-element elementor-element-651a297 elementor-align-right elementor-widget-mobile__width-inherit elementor-widget elementor-widget-raven-button\" data-id=\"651a297\" data-element_type=\"widget\" data-e-type=\"widget\" data-settings=\"{&quot;turn_to_popup_action_button&quot;:&quot;no&quot;}\" data-widget_type=\"raven-button.default\">\n\t\t\t\t<div class=\"elementor-widget-container\">\n\t\t\t\t\t\t\t<div class=\"raven-widget-wrapper\">\n\t\t\t<a class=\"raven-button raven-button-widget-normal-effect-none  raven-button-text-align-center raven-button-link elementor-animation-none\" href=\"https:\/\/rundgang.museumdurbach.de\/fr\/263-fenetre-de-serrure3\/\">\t\t\t\t<div class=\"raven-button-overlay\" ><\/div>\n\t\t\t\t<span class=\"raven-button-content\">\n\t\t\t\t\t\n\t\t\t\t\t<div class=\"button-text-container\">\n\t\t\t\t\t\t\t\t\t\t\t\t<div class=\"raven-button-texts-wrapper\">\n\t\t\t\t\t\t\t<div class=\"button-text\">\n\t\t\t\t\t\t\t\t<span class=\"raven-button-text\">\n\t\t\t\t\t\t\t\t\tTour des fen\u00eatres\t\t\t\t\t\t\t\t<\/span>\n\t\t\t\t\t\t\t<\/div>\n\t\t\t\t\t\t\t\t\t\t\t\t\t<\/div>\n\t\t\t\t\t\t\t\t\t\t\t<\/div>\n\t\t\t\t\t\n\t\t\t\t\t\t\t\t\t<\/span>\n\t\t\t<\/a>\t\t<\/div>\n\t\t\t\t\t\t<\/div>\n\t\t\t\t<\/div>\n\t\t\t\t<div class=\"elementor-element elementor-element-8e71a0b elementor-align-right elementor-widget-mobile__width-inherit elementor-widget elementor-widget-raven-button\" data-id=\"8e71a0b\" data-element_type=\"widget\" data-e-type=\"widget\" data-settings=\"{&quot;turn_to_popup_action_button&quot;:&quot;no&quot;}\" data-widget_type=\"raven-button.default\">\n\t\t\t\t<div class=\"elementor-widget-container\">\n\t\t\t\t\t\t\t<div class=\"raven-widget-wrapper\">\n\t\t\t<a class=\"raven-button raven-button-widget-normal-effect-none  raven-button-text-align-center raven-button-link elementor-animation-none\" href=\"https:\/\/rundgang.museumdurbach.de\/fr\/279-apercu-de-la-fenetre-du-chateau\/\">\t\t\t\t<div class=\"raven-button-overlay\" ><\/div>\n\t\t\t\t<span class=\"raven-button-content\">\n\t\t\t\t\t\n\t\t\t\t\t<div class=\"button-text-container\">\n\t\t\t\t\t\t\t\t\t\t\t\t<div class=\"raven-button-texts-wrapper\">\n\t\t\t\t\t\t\t<div class=\"button-text\">\n\t\t\t\t\t\t\t\t<span class=\"raven-button-text\">\n\t\t\t\t\t\t\t\t\tAper\u00e7u des fen\u00eatres\t\t\t\t\t\t\t\t<\/span>\n\t\t\t\t\t\t\t<\/div>\n\t\t\t\t\t\t\t\t\t\t\t\t\t<\/div>\n\t\t\t\t\t\t\t\t\t\t\t<\/div>\n\t\t\t\t\t\n\t\t\t\t\t\t\t\t\t<\/span>\n\t\t\t<\/a>\t\t<\/div>\n\t\t\t\t\t\t<\/div>\n\t\t\t\t<\/div>\n\t\t\t\t<\/div>\n\t\t\t\t<\/div>\n\t\t<div class=\"elementor-element elementor-element-5a0d132 e-flex e-con-boxed e-con e-parent\" data-id=\"5a0d132\" data-element_type=\"container\" data-e-type=\"container\" data-settings=\"{&quot;jet_parallax_layout_list&quot;:[]}\">\n\t\t\t\t\t<div class=\"e-con-inner\">\n\t\t<div class=\"elementor-element elementor-element-5e79bb0 e-con-full e-flex e-con e-child\" data-id=\"5e79bb0\" data-element_type=\"container\" data-e-type=\"container\" data-settings=\"{&quot;jet_parallax_layout_list&quot;:[]}\">\n\t\t\t\t<div class=\"elementor-element elementor-element-bf088d7 elementor-align-left elementor-widget__width-initial elementor-widget elementor-widget-raven-button\" data-id=\"bf088d7\" data-element_type=\"widget\" data-e-type=\"widget\" data-settings=\"{&quot;turn_to_popup_action_button&quot;:&quot;no&quot;}\" data-widget_type=\"raven-button.default\">\n\t\t\t\t<div class=\"elementor-widget-container\">\n\t\t\t\t\t\t\t<div class=\"raven-widget-wrapper\">\n\t\t\t<a class=\"raven-button raven-button-widget-normal-effect-none  raven-button-text-align-left raven-button-link elementor-animation-none\" href=\"https:\/\/rundgang.museumdurbach.de\/fr\/230-premier-etage\/\">\t\t\t\t<div class=\"raven-button-overlay\" ><\/div>\n\t\t\t\t<span class=\"raven-button-content\">\n\t\t\t\t\t\n\t\t\t\t\t<div class=\"button-text-container\">\n\t\t\t\t\t\t\t\t\t<span class=\"raven-button-icon raven-button-icon-position-left\">\n\t\t\t\t<svg aria-hidden=\"true\" class=\"e-font-icon-svg e-far-arrow-alt-circle-left\" viewBox=\"0 0 512 512\" xmlns=\"http:\/\/www.w3.org\/2000\/svg\"><path d=\"M8 256c0 137 111 248 248 248s248-111 248-248S393 8 256 8 8 119 8 256zm448 0c0 110.5-89.5 200-200 200S56 366.5 56 256 145.5 56 256 56s200 89.5 200 200zm-72-20v40c0 6.6-5.4 12-12 12H256v67c0 10.7-12.9 16-20.5 8.5l-99-99c-4.7-4.7-4.7-12.3 0-17l99-99c7.6-7.6 20.5-2.2 20.5 8.5v67h116c6.6 0 12 5.4 12 12z\"><\/path><\/svg>\t\t\t<\/span>\n\t\t\t\t\t\t\t\t<div class=\"raven-button-texts-wrapper\">\n\t\t\t\t\t\t\t<div class=\"button-text\">\n\t\t\t\t\t\t\t\t<span class=\"raven-button-text\">\n\t\t\t\t\t\t\t\t\tAper\u00e7u\t\t\t\t\t\t\t\t<\/span>\n\t\t\t\t\t\t\t<\/div>\n\t\t\t\t\t\t\t\t\t\t\t\t\t<\/div>\n\t\t\t\t\t\t\t\t\t\t\t<\/div>\n\t\t\t\t\t\n\t\t\t\t\t\t\t\t\t<\/span>\n\t\t\t<\/a>\t\t<\/div>\n\t\t\t\t\t\t<\/div>\n\t\t\t\t<\/div>\n\t\t\t\t<\/div>\n\t\t<div class=\"elementor-element elementor-element-41f8394 e-con-full e-flex e-con e-child\" data-id=\"41f8394\" data-element_type=\"container\" data-e-type=\"container\" data-settings=\"{&quot;jet_parallax_layout_list&quot;:[]}\">\n\t\t\t\t<\/div>\n\t\t<div class=\"elementor-element elementor-element-5386835 e-con-full e-flex e-con e-child\" data-id=\"5386835\" data-element_type=\"container\" data-e-type=\"container\" data-settings=\"{&quot;jet_parallax_layout_list&quot;:[]}\">\n\t\t\t\t<div class=\"elementor-element elementor-element-6205d8e elementor-align-right elementor-widget__width-initial elementor-widget elementor-widget-raven-button\" data-id=\"6205d8e\" data-element_type=\"widget\" data-e-type=\"widget\" data-settings=\"{&quot;turn_to_popup_action_button&quot;:&quot;no&quot;}\" data-widget_type=\"raven-button.default\">\n\t\t\t\t<div class=\"elementor-widget-container\">\n\t\t\t\t\t\t\t<div class=\"raven-widget-wrapper\">\n\t\t\t<a class=\"raven-button raven-button-widget-normal-effect-none  raven-button-text-align-right raven-button-link elementor-animation-none\" href=\"https:\/\/rundgang.museumdurbach.de\/fr\/280-dernier-etage\/\">\t\t\t\t<div class=\"raven-button-overlay\" ><\/div>\n\t\t\t\t<span class=\"raven-button-content\">\n\t\t\t\t\t\n\t\t\t\t\t<div class=\"button-text-container\">\n\t\t\t\t\t\t\t\t\t\t\t\t<div class=\"raven-button-texts-wrapper\">\n\t\t\t\t\t\t\t<div class=\"button-text\">\n\t\t\t\t\t\t\t\t<span class=\"raven-button-text\">\n\t\t\t\t\t\t\t\t\tTour\t\t\t\t\t\t\t\t<\/span>\n\t\t\t\t\t\t\t<\/div>\n\t\t\t\t\t\t\t\t\t\t\t\t\t<\/div>\n\t\t\t\t\t\t\t\t\t<span class=\"raven-button-icon raven-button-icon-position-right\">\n\t\t\t\t<svg aria-hidden=\"true\" class=\"e-font-icon-svg e-far-arrow-alt-circle-right\" viewBox=\"0 0 512 512\" xmlns=\"http:\/\/www.w3.org\/2000\/svg\"><path d=\"M504 256C504 119 393 8 256 8S8 119 8 256s111 248 248 248 248-111 248-248zm-448 0c0-110.5 89.5-200 200-200s200 89.5 200 200-89.5 200-200 200S56 366.5 56 256zm72 20v-40c0-6.6 5.4-12 12-12h116v-67c0-10.7 12.9-16 20.5-8.5l99 99c4.7 4.7 4.7 12.3 0 17l-99 99c-7.6 7.6-20.5 2.2-20.5-8.5v-67H140c-6.6 0-12-5.4-12-12z\"><\/path><\/svg>\t\t\t<\/span>\n\t\t\t\t\t\t\t<\/div>\n\t\t\t\t\t\n\t\t\t\t\t\t\t\t\t<\/span>\n\t\t\t<\/a>\t\t<\/div>\n\t\t\t\t\t\t<\/div>\n\t\t\t\t<\/div>\n\t\t\t\t<\/div>\n\t\t\t\t\t<\/div>\n\t\t\t\t<\/div>\n\t\t\t\t<\/div>\n\t\t","protected":false},"excerpt":{"rendered":"<p>262 Fen\u00eatres du ch\u00e2teau de Staufenberg 2 Motif en haut :&nbsp;Jacob F\u00fceger, bailli de justice d&rsquo;Oppenau, avec son \u00e9pouse, armoiries : hache de boucher sur Dreiberg (couvent de Tous-les-Saints), Fueger est mort en 1631 comme \u00ab\u00a0sorcier\u00a0\u00bb parce qu&rsquo;il avait rencontr\u00e9 le diable sur la Kleinebene. En-t\u00eate : Expulsion du Paradis ;&nbsp;Inscription en haut : \u00ab\u00a0Dieu [&hellip;]<\/p>\n","protected":false},"author":1,"featured_media":0,"parent":0,"menu_order":0,"comment_status":"closed","ping_status":"closed","template":"","meta":{"_acf_changed":false,"footnotes":""},"class_list":["post-8846","page","type-page","status-publish","hentry"],"acf":[],"_links":{"self":[{"href":"https:\/\/rundgang.museumdurbach.de\/fr\/wp-json\/wp\/v2\/pages\/8846","targetHints":{"allow":["GET"]}}],"collection":[{"href":"https:\/\/rundgang.museumdurbach.de\/fr\/wp-json\/wp\/v2\/pages"}],"about":[{"href":"https:\/\/rundgang.museumdurbach.de\/fr\/wp-json\/wp\/v2\/types\/page"}],"author":[{"embeddable":true,"href":"https:\/\/rundgang.museumdurbach.de\/fr\/wp-json\/wp\/v2\/users\/1"}],"replies":[{"embeddable":true,"href":"https:\/\/rundgang.museumdurbach.de\/fr\/wp-json\/wp\/v2\/comments?post=8846"}],"version-history":[{"count":3,"href":"https:\/\/rundgang.museumdurbach.de\/fr\/wp-json\/wp\/v2\/pages\/8846\/revisions"}],"predecessor-version":[{"id":9599,"href":"https:\/\/rundgang.museumdurbach.de\/fr\/wp-json\/wp\/v2\/pages\/8846\/revisions\/9599"}],"wp:attachment":[{"href":"https:\/\/rundgang.museumdurbach.de\/fr\/wp-json\/wp\/v2\/media?parent=8846"}],"curies":[{"name":"wp","href":"https:\/\/api.w.org\/{rel}","templated":true}]}}